{"id":48979,"date":"2021-02-21T17:24:13","date_gmt":"2021-02-21T17:24:13","guid":{"rendered":"https:\/\/www.autonvaraosahaku.fi\/?product=mahle-original-ox-91d-oljynsuodatin"},"modified":"2021-02-21T17:24:13","modified_gmt":"2021-02-21T17:24:13","slug":"mahle-original-ox-91d-oljynsuodatin","status":"publish","type":"product","link":"https:\/\/www.autonvaraosahaku.fi\/?product=mahle-original-ox-91d-oljynsuodatin","title":{"rendered":"MAHLE ORIGINAL OX 91D \u00d6ljynsuodatin"},"content":{"rendered":"<p>Suodatintyyppi: Suodatinpanos; Korkeus (mm): 88,5; Korkeus 1 (mm): 82,5; L\u00e4pimitta [mm]: 82,0; Sis\u00e4l\u00e4pimitta 1 [mm]: 27,7; L\u00e4pimitta 3 [mm]: 27,7; L\u00e4pimitta 4 [mm]: 28,0; Tiivisteen l\u00e4pimitta [mm]: 27,7; Paino [g]: 0,35; Korkeus (tuumaa): 3,74; Leveys (tuumaa): 3,54; Pituus (tuumaa): 3,54; Kotelomalli: Geh\u00e4use mit Aluminium-Deckel; BMW: 3 Compact E36,3 E36,3 E30,3 Coupe E36,5 E34,3 Cabriolet E30,3 Cabriolet E36,3 Touring E36,5 Touring E34,3 Touring E30; BERTONE: FREECLIMBER 2; 11421709514, 11421709514OD, 11421709856, 11421709865, 11421709865OD, 11421727300, 1709865, 1727300, 5022737, 890X6731AA, EFL382<\/p>\n","protected":false},"excerpt":{"rendered":"<p>MAHLE ORIGINAL \u00d6ljynsuodatin OX 91D  BMW,BERTONE,3 Compact E36,3 E36,3 E30,3 Coupe E36,5 E34,3 Cabriolet E30,3 Cabriolet E36,3 Touring E36<\/p>\n","protected":false},"featured_media":0,"template":"","meta":{"site-sidebar-layout":"default","site-content-layout":"default","ast-global-header-display":"","ast-main-header-display":"","ast-hfb-above-header-display":"","ast-hfb-below-header-display":"","ast-hfb-mobile-header-display":"","site-post-title":"","ast-breadcrumbs-content":"","ast-featured-img":"","footer-sml-layout":"","theme-transparent-header-meta":"","adv-header-id-meta":"","stick-header-meta":"","header-above-stick-meta":"","header-main-stick-meta":"","header-below-stick-meta":""},"pwb-brand":[153],"product_cat":[30],"product_tag":[],"class_list":{"0":"post-48979","1":"product","2":"type-product","3":"status-publish","5":"pwb-brand-mahle-original","6":"product_cat-oljynsuodatin","7":"desktop-align-left","8":"tablet-align-left","9":"mobile-align-left","11":"first","12":"instock","13":"product-type-external"},"brands":[{"id":153,"name":"MAHLE ORIGINAL","slug":"mahle-original"}],"_links":{"self":[{"href":"https:\/\/www.autonvaraosahaku.fi\/index.php?rest_route=\/wp\/v2\/product\/48979","targetHints":{"allow":["GET"]}}],"collection":[{"href":"https:\/\/www.autonvaraosahaku.fi\/index.php?rest_route=\/wp\/v2\/product"}],"about":[{"href":"https:\/\/www.autonvaraosahaku.fi\/index.php?rest_route=\/wp\/v2\/types\/product"}],"wp:attachment":[{"href":"https:\/\/www.autonvaraosahaku.fi\/index.php?rest_route=%2Fwp%2Fv2%2Fmedia&parent=48979"}],"wp:term":[{"taxonomy":"pwb-brand","embeddable":true,"href":"https:\/\/www.autonvaraosahaku.fi\/index.php?rest_route=%2Fwp%2Fv2%2Fpwb-brand&post=48979"},{"taxonomy":"product_cat","embeddable":true,"href":"https:\/\/www.autonvaraosahaku.fi\/index.php?rest_route=%2Fwp%2Fv2%2Fproduct_cat&post=48979"},{"taxonomy":"product_tag","embeddable":true,"href":"https:\/\/www.autonvaraosahaku.fi\/index.php?rest_route=%2Fwp%2Fv2%2Fproduct_tag&post=48979"}],"curies":[{"name":"wp","href":"https:\/\/api.w.org\/{rel}","templated":true}]}}