{"id":48992,"date":"2021-02-21T17:24:13","date_gmt":"2021-02-21T17:24:13","guid":{"rendered":"https:\/\/www.autonvaraosahaku.fi\/?product=reinz-71-35617-00-pakosarjan-tiivisteet"},"modified":"2021-02-21T17:24:16","modified_gmt":"2021-02-21T17:24:16","slug":"reinz-71-35617-00-pakosarjan-tiivisteet","status":"publish","type":"product","link":"https:\/\/www.autonvaraosahaku.fi\/?product=reinz-71-35617-00-pakosarjan-tiivisteet","title":{"rendered":"REINZ 71-35617-00 Pakosarjan tiivisteet"},"content":{"rendered":"<p>Tarvittava kappalem\u00e4\u00e4r\u00e4: 2; LANCIA: YPSILON 843,Y 840A,MUSA 350,YPSILON 312, 846,Y10 156; FORD: KA RU8; ALFA ROMEO: MITO 955; FIAT: GRANDE PUNTO 199,PUNTO 188,PANDA 169,500 312,SEICENTO 187,PUNTO EVO 199,DOBLO Cargo 223,500 C 312,PUNTO 176,DOBLO 119,PANDA Van 169,PUNTO 199,CINQUECENTO 170,PANDA 141A_,IDEA,PANDA 312,STRADA Pick-up 178E,QUBO 225,DOBLO Gro\u00dfraumlimousine 152, 263,PUNTO Van 188AX,PUNTO Cabriolet 176C,UNO 146A\/E,FIORINO Kasten\/Kombi 225,PALIO Weekend 178DX,LINEA 323,PUNTO Van 199,SEICENTO Van 187,TIPO 160,PANDA Van 141_,PUNTO Van 176L,PALIO 178BX,SIENA 178_,PANDA VAN 312,PUNTO EVO Van 199_; AUTOBIANCHI: Y10; 7749711, 7749711, 1560743, 9S519448BA, 7749711; Tiiviste, Pakosarja<\/p>\n","protected":false},"excerpt":{"rendered":"<p>REINZ Pakosarjan Tiivisteet 71-35617-00 Tiiviste, Pakosarja LANCIA,FORD,ALFA ROMEO,YPSILON 843,Y 840A,MUSA 350,YPSILON 312, 846,Y10 156,KA RU8<\/p>\n","protected":false},"featured_media":0,"template":"","meta":{"site-sidebar-layout":"default","site-content-layout":"default","ast-global-header-display":"","ast-main-header-display":"","ast-hfb-above-header-display":"","ast-hfb-below-header-display":"","ast-hfb-mobile-header-display":"","site-post-title":"","ast-breadcrumbs-content":"","ast-featured-img":"","footer-sml-layout":"","theme-transparent-header-meta":"","adv-header-id-meta":"","stick-header-meta":"","header-above-stick-meta":"","header-main-stick-meta":"","header-below-stick-meta":""},"pwb-brand":[138],"product_cat":[123],"product_tag":[],"class_list":{"0":"post-48992","1":"product","2":"type-product","3":"status-publish","5":"pwb-brand-reinz","6":"product_cat-pakosarjan-tiivisteet","7":"desktop-align-left","8":"tablet-align-left","9":"mobile-align-left","11":"first","12":"instock","13":"product-type-external"},"brands":[{"id":138,"name":"REINZ","slug":"reinz"}],"_links":{"self":[{"href":"https:\/\/www.autonvaraosahaku.fi\/index.php?rest_route=\/wp\/v2\/product\/48992","targetHints":{"allow":["GET"]}}],"collection":[{"href":"https:\/\/www.autonvaraosahaku.fi\/index.php?rest_route=\/wp\/v2\/product"}],"about":[{"href":"https:\/\/www.autonvaraosahaku.fi\/index.php?rest_route=\/wp\/v2\/types\/product"}],"wp:attachment":[{"href":"https:\/\/www.autonvaraosahaku.fi\/index.php?rest_route=%2Fwp%2Fv2%2Fmedia&parent=48992"}],"wp:term":[{"taxonomy":"pwb-brand","embeddable":true,"href":"https:\/\/www.autonvaraosahaku.fi\/index.php?rest_route=%2Fwp%2Fv2%2Fpwb-brand&post=48992"},{"taxonomy":"product_cat","embeddable":true,"href":"https:\/\/www.autonvaraosahaku.fi\/index.php?rest_route=%2Fwp%2Fv2%2Fproduct_cat&post=48992"},{"taxonomy":"product_tag","embeddable":true,"href":"https:\/\/www.autonvaraosahaku.fi\/index.php?rest_route=%2Fwp%2Fv2%2Fproduct_tag&post=48992"}],"curies":[{"name":"wp","href":"https:\/\/api.w.org\/{rel}","templated":true}]}}