{"id":48999,"date":"2021-02-21T17:24:19","date_gmt":"2021-02-21T17:24:19","guid":{"rendered":"https:\/\/www.autonvaraosahaku.fi\/?product=mahle-original-oc-473-oljynsuodatin"},"modified":"2021-02-21T17:24:19","modified_gmt":"2021-02-21T17:24:19","slug":"mahle-original-oc-473-oljynsuodatin","status":"publish","type":"product","link":"https:\/\/www.autonvaraosahaku.fi\/?product=mahle-original-oc-473-oljynsuodatin","title":{"rendered":"MAHLE ORIGINAL OC 473 \u00d6ljynsuodatin"},"content":{"rendered":"<p>Suodatintyyppi: Ruuvattava suodatin; L\u00e4pimitta [mm]: 76,0; Korkeus (mm): 79,0; Ulkol\u00e4pimitta 2 [mm]: 71,6; Sis\u00e4l\u00e4pimitta 2 [mm]: 62,5; Liitinkierre: 3\/4-16UNF-1B; Kiristysmomentti: 10; Suositellun erikoisty\u00f6kalun tuotenumero: OCS 1, OCS 1; Valmistusvuosi alkaen: 01\/1980; SEAT: 133,PANDA 141A; LANCIA: DELTA I 831AB0,KAPPA 838A,THEMA 834,DELTA II 836,KAPPA SW 838B,KAPPA Coupe 838,BETA Spider 828BS,BETA Coupe 828BC,DEDRA 835,BETA MONTE CARLO 137AS, 137BS,A 112,DEDRA SW 835,BETA  H.P.E. 828BF,THEMA SW 834,BETA 828_B_,PRISMA 831AB0,TREVI 828DB; ALFA ROMEO: 164 164,145 930,146 930,33 907A,33 905,ALFASUD Sprint 902.A,ALFASUD 901,33 Sportwagon 907B,33 Sportwagon 905A,90 162,ALFASUD Giardinetta 904,ARNA 920; FIAT: SEICENTO 187,CINQUECENTO 170,PANDA 141A_,COUPE FA\/175,UNO 146A\/E,127,SEICENTO Van 187,TIPO 160,CROMA 154,PANDA Van 141_,TEMPRA 159,RITMO I 138A,TEMPRA S.W. 159,REGATA 138,RITMO Cabriolet,127 Panorama,FIORINO 127,UNO Kasten 146,147,REGATA Weekend 138,147 Panorama; AUTOBIANCHI: A 112; 4434791, 4434793, 4434794, 46805828, 46805829, 5889210, 60504284, 60504569, 60536129, 60537470, 60744108, 71736162, 71736164, 71771365, 7724167, 0003936608, 0003963373, HB03028806, SE020030288A, 0003936608, 0003963373, HB03028806, SE020030288A, 5009087, 5011997, 5017811, 870X6714EA, A810X6714MA, A830X6714AJA, EFL162, EFL349, 93891771, 9975120, 9975287, 4796174, 4434794, 4434793, 4434794, 60537470, 71736164, 7701415054, 0003936608, 0003963373, HB03028806, SE020030288A<\/p>\n","protected":false},"excerpt":{"rendered":"<p>MAHLE ORIGINAL \u00d6ljynsuodatin OC 473  SEAT,LANCIA,ALFA ROMEO,133,PANDA 141A,DELTA I 831AB0,KAPPA 838A,THEMA 834,DELTA II 836,KAPPA SW 838B<\/p>\n","protected":false},"featured_media":0,"template":"","meta":{"site-sidebar-layout":"default","site-content-layout":"default","ast-global-header-display":"","ast-main-header-display":"","ast-hfb-above-header-display":"","ast-hfb-below-header-display":"","ast-hfb-mobile-header-display":"","site-post-title":"","ast-breadcrumbs-content":"","ast-featured-img":"","footer-sml-layout":"","theme-transparent-header-meta":"","adv-header-id-meta":"","stick-header-meta":"","header-above-stick-meta":"","header-main-stick-meta":"","header-below-stick-meta":""},"pwb-brand":[153],"product_cat":[30],"product_tag":[],"class_list":{"0":"post-48999","1":"product","2":"type-product","3":"status-publish","5":"pwb-brand-mahle-original","6":"product_cat-oljynsuodatin","7":"desktop-align-left","8":"tablet-align-left","9":"mobile-align-left","11":"first","12":"instock","13":"product-type-external"},"brands":[{"id":153,"name":"MAHLE ORIGINAL","slug":"mahle-original"}],"_links":{"self":[{"href":"https:\/\/www.autonvaraosahaku.fi\/index.php?rest_route=\/wp\/v2\/product\/48999","targetHints":{"allow":["GET"]}}],"collection":[{"href":"https:\/\/www.autonvaraosahaku.fi\/index.php?rest_route=\/wp\/v2\/product"}],"about":[{"href":"https:\/\/www.autonvaraosahaku.fi\/index.php?rest_route=\/wp\/v2\/types\/product"}],"wp:attachment":[{"href":"https:\/\/www.autonvaraosahaku.fi\/index.php?rest_route=%2Fwp%2Fv2%2Fmedia&parent=48999"}],"wp:term":[{"taxonomy":"pwb-brand","embeddable":true,"href":"https:\/\/www.autonvaraosahaku.fi\/index.php?rest_route=%2Fwp%2Fv2%2Fpwb-brand&post=48999"},{"taxonomy":"product_cat","embeddable":true,"href":"https:\/\/www.autonvaraosahaku.fi\/index.php?rest_route=%2Fwp%2Fv2%2Fproduct_cat&post=48999"},{"taxonomy":"product_tag","embeddable":true,"href":"https:\/\/www.autonvaraosahaku.fi\/index.php?rest_route=%2Fwp%2Fv2%2Fproduct_tag&post=48999"}],"curies":[{"name":"wp","href":"https:\/\/api.w.org\/{rel}","templated":true}]}}