{"id":49015,"date":"2021-02-21T17:24:19","date_gmt":"2021-02-21T17:24:19","guid":{"rendered":"https:\/\/www.autonvaraosahaku.fi\/?product=nipparts-j1345006-raitisilmasuodatin"},"modified":"2021-02-21T17:24:23","modified_gmt":"2021-02-21T17:24:23","slug":"nipparts-j1345006-raitisilmasuodatin","status":"publish","type":"product","link":"https:\/\/www.autonvaraosahaku.fi\/?product=nipparts-j1345006-raitisilmasuodatin","title":{"rendered":"NIPPARTS J1345006 Raitisilmasuodatin"},"content":{"rendered":"<p>Pituus (mm): 215; Korkeus 1 (mm): 30; Korkeus 2 (mm): 44; Leveys, ulko (mm): 240; Leveys, sis\u00e4 (mm): 210; MITSUBISHI: PAJERO III V7_W, V6_W,PAJERO IV V8_W, V9_W,PAJERO II V3_W, V2_W, V4_W,PAJERO SPORT K90,PAJERO CLASSIC V2_W,PAJERO III Gel\u00e4ndewagen offen V6_W, V7_W,PAJERO II Canvas Top V2_W, V4_W; 7803A027, 7803A028, MR500058, XR500058, XR500058D; Sis\u00e4ilmansuodatin,Suodatin, Sis\u00e4ilma<\/p>\n","protected":false},"excerpt":{"rendered":"<p>NIPPARTS Raitisilmasuodatin J1345006 Sis\u00e4ilmansuodatin,Suodatin, Sis\u00e4ilma MITSUBISHI,PAJERO III V7_W, V6_W,PAJERO IV V8_W, V9_W<\/p>\n","protected":false},"featured_media":0,"template":"","meta":{"site-sidebar-layout":"default","site-content-layout":"default","ast-global-header-display":"","ast-main-header-display":"","ast-hfb-above-header-display":"","ast-hfb-below-header-display":"","ast-hfb-mobile-header-display":"","site-post-title":"","ast-breadcrumbs-content":"","ast-featured-img":"","footer-sml-layout":"","theme-transparent-header-meta":"","adv-header-id-meta":"","stick-header-meta":"","header-above-stick-meta":"","header-main-stick-meta":"","header-below-stick-meta":""},"pwb-brand":[335],"product_cat":[19],"product_tag":[],"class_list":{"0":"post-49015","1":"product","2":"type-product","3":"status-publish","5":"pwb-brand-nipparts","6":"product_cat-raitisilmasuodatin","7":"desktop-align-left","8":"tablet-align-left","9":"mobile-align-left","11":"first","12":"instock","13":"product-type-external"},"brands":[{"id":335,"name":"NIPPARTS","slug":"nipparts"}],"_links":{"self":[{"href":"https:\/\/www.autonvaraosahaku.fi\/index.php?rest_route=\/wp\/v2\/product\/49015","targetHints":{"allow":["GET"]}}],"collection":[{"href":"https:\/\/www.autonvaraosahaku.fi\/index.php?rest_route=\/wp\/v2\/product"}],"about":[{"href":"https:\/\/www.autonvaraosahaku.fi\/index.php?rest_route=\/wp\/v2\/types\/product"}],"wp:attachment":[{"href":"https:\/\/www.autonvaraosahaku.fi\/index.php?rest_route=%2Fwp%2Fv2%2Fmedia&parent=49015"}],"wp:term":[{"taxonomy":"pwb-brand","embeddable":true,"href":"https:\/\/www.autonvaraosahaku.fi\/index.php?rest_route=%2Fwp%2Fv2%2Fpwb-brand&post=49015"},{"taxonomy":"product_cat","embeddable":true,"href":"https:\/\/www.autonvaraosahaku.fi\/index.php?rest_route=%2Fwp%2Fv2%2Fproduct_cat&post=49015"},{"taxonomy":"product_tag","embeddable":true,"href":"https:\/\/www.autonvaraosahaku.fi\/index.php?rest_route=%2Fwp%2Fv2%2Fproduct_tag&post=49015"}],"curies":[{"name":"wp","href":"https:\/\/api.w.org\/{rel}","templated":true}]}}