{"id":49016,"date":"2021-02-21T17:24:19","date_gmt":"2021-02-21T17:24:19","guid":{"rendered":"https:\/\/www.autonvaraosahaku.fi\/?product=sachs-6283-000-131-kytkimen-tyosylinteri"},"modified":"2021-02-21T17:24:23","modified_gmt":"2021-02-21T17:24:23","slug":"sachs-6283-000-131-kytkimen-tyosylinteri","status":"publish","type":"product","link":"https:\/\/www.autonvaraosahaku.fi\/?product=sachs-6283-000-131-kytkimen-tyosylinteri","title":{"rendered":"SACHS 6283 000 131 Kytkimen ty\u00f6sylinteri"},"content":{"rendered":"<p>Tunnusluku: NZ-19X56,5; Vaihteistomalli: Schaltgetriebe 5 Gang; SUZUKI: LIANA Schr\u00e4gheck,LIANA ER; LANCIA: PHEDRA 179; FIAT: ULYSSE 179AX; CITRO\u00cbN: BERLINGO MF,XSARA PICASSO N68,C2 JM_,C3 I FC_,C8 EA_, EB_,C4 I LC_,C5 II Break RE_,C5 I DC_,C5 I Break DE_,C4 Coupe LA_,C5 II RC_,JUMPY,JUMPY Kasten,C4 Stufenheck L,JUMPY U6U,JUMPY Kasten BS_, BT_, BY_, BZ_; PEUGEOT: 206 Schr\u00e4gheck 2A\/C,206 CC 2D,307 SW 3H,307 CC 3B,407 SW 6E_,307 3A\/C,308 SW,206 SW 2E\/K,807 E,308 4A_, 4C_,307 Break 3E,607 9D, 9U,407 6D_,406 Break 8E\/F,308 CC,406 Coupe 8C,406 8B,407 Coupe 6C_,EXPERT Kasten 222,EXPERT 224; 2382073J00, 2382073J00000; Ty\u00f6sylinteri, Kytkin<\/p>\n","protected":false},"excerpt":{"rendered":"<p>SACHS Kytkimen Ty\u00f6sylinteri 6283 000 131 Ty\u00f6sylinteri, Kytkin SUZUKI,LANCIA,FIAT,LIANA Schr\u00e4gheck,LIANA ER,PHEDRA 179,ULYSSE 179AX,BERLINGO MF<\/p>\n","protected":false},"featured_media":0,"template":"","meta":{"site-sidebar-layout":"default","site-content-layout":"default","ast-global-header-display":"","ast-main-header-display":"","ast-hfb-above-header-display":"","ast-hfb-below-header-display":"","ast-hfb-mobile-header-display":"","site-post-title":"","ast-breadcrumbs-content":"","ast-featured-img":"","footer-sml-layout":"","theme-transparent-header-meta":"","adv-header-id-meta":"","stick-header-meta":"","header-above-stick-meta":"","header-main-stick-meta":"","header-below-stick-meta":""},"pwb-brand":[91],"product_cat":[310],"product_tag":[],"class_list":{"0":"post-49016","1":"product","2":"type-product","3":"status-publish","5":"pwb-brand-sachs","6":"product_cat-kytkimen-tyosylinteri","7":"desktop-align-left","8":"tablet-align-left","9":"mobile-align-left","11":"first","12":"instock","13":"product-type-external"},"brands":[{"id":91,"name":"SACHS","slug":"sachs"}],"_links":{"self":[{"href":"https:\/\/www.autonvaraosahaku.fi\/index.php?rest_route=\/wp\/v2\/product\/49016","targetHints":{"allow":["GET"]}}],"collection":[{"href":"https:\/\/www.autonvaraosahaku.fi\/index.php?rest_route=\/wp\/v2\/product"}],"about":[{"href":"https:\/\/www.autonvaraosahaku.fi\/index.php?rest_route=\/wp\/v2\/types\/product"}],"wp:attachment":[{"href":"https:\/\/www.autonvaraosahaku.fi\/index.php?rest_route=%2Fwp%2Fv2%2Fmedia&parent=49016"}],"wp:term":[{"taxonomy":"pwb-brand","embeddable":true,"href":"https:\/\/www.autonvaraosahaku.fi\/index.php?rest_route=%2Fwp%2Fv2%2Fpwb-brand&post=49016"},{"taxonomy":"product_cat","embeddable":true,"href":"https:\/\/www.autonvaraosahaku.fi\/index.php?rest_route=%2Fwp%2Fv2%2Fproduct_cat&post=49016"},{"taxonomy":"product_tag","embeddable":true,"href":"https:\/\/www.autonvaraosahaku.fi\/index.php?rest_route=%2Fwp%2Fv2%2Fproduct_tag&post=49016"}],"curies":[{"name":"wp","href":"https:\/\/api.w.org\/{rel}","templated":true}]}}