{"id":49038,"date":"2021-02-21T17:24:24","date_gmt":"2021-02-21T17:24:24","guid":{"rendered":"https:\/\/www.autonvaraosahaku.fi\/?product=ridex-3926a0157-ilmamassamittari"},"modified":"2021-02-21T17:24:29","modified_gmt":"2021-02-21T17:24:29","slug":"ridex-3926a0157-ilmamassamittari","status":"publish","type":"product","link":"https:\/\/www.autonvaraosahaku.fi\/?product=ridex-3926a0157-ilmamassamittari","title":{"rendered":"RIDEX 3926A0157 Ilmamassamittari"},"content":{"rendered":"<p>Kotelomalli: Kopalla; Valmistusvuoteen: 04\/2007; HYUNDAI: i30 FD,TUCSON JM,i30 CW FD,SANTA F\u00c9 I SM,SANTA F\u00c9 II CM,H-1 Travel TQ,SONATA V NF,H-1 Cargo TQ,GRANDEUR TG,H-1 Pritsche\/Fahrgestell,PORTER Pritsche\/Fahrgestell; KIA: SORENTO I JC,CEE&#8217;D SW ED,CEE&#8217;D Schr\u00e4gheck ED,SPORTAGE JE_, KM_,CARENS III UN,CARNIVAL \/ GRAND CARNIVAL III VQ,PRO CEE&#8217;D ED,MAGENTIS MG,K2900; 2816427800, 2816427800; Ilmam\u00e4\u00e4r\u00e4mittari,MAF Anturi<\/p>\n","protected":false},"excerpt":{"rendered":"<p>RIDEX Ilmamassamittari 3926A0157 Ilmam\u00e4\u00e4r\u00e4mittari,MAF Anturi HYUNDAI,KIA,i30 FD,TUCSON JM,i30 CW FD,SANTA F\u00c9 I SM,SANTA F\u00c9 II CM,H-1 Travel TQ<\/p>\n","protected":false},"featured_media":0,"template":"","meta":{"site-sidebar-layout":"default","site-content-layout":"default","ast-global-header-display":"","ast-main-header-display":"","ast-hfb-above-header-display":"","ast-hfb-below-header-display":"","ast-hfb-mobile-header-display":"","site-post-title":"","ast-breadcrumbs-content":"","ast-featured-img":"","footer-sml-layout":"","theme-transparent-header-meta":"","adv-header-id-meta":"","stick-header-meta":"","header-above-stick-meta":"","header-main-stick-meta":"","header-below-stick-meta":""},"pwb-brand":[157],"product_cat":[270],"product_tag":[],"class_list":{"0":"post-49038","1":"product","2":"type-product","3":"status-publish","5":"pwb-brand-ridex","6":"product_cat-ilmamassamittari","7":"desktop-align-left","8":"tablet-align-left","9":"mobile-align-left","11":"first","12":"instock","13":"product-type-external"},"brands":[{"id":157,"name":"RIDEX","slug":"ridex"}],"_links":{"self":[{"href":"https:\/\/www.autonvaraosahaku.fi\/index.php?rest_route=\/wp\/v2\/product\/49038","targetHints":{"allow":["GET"]}}],"collection":[{"href":"https:\/\/www.autonvaraosahaku.fi\/index.php?rest_route=\/wp\/v2\/product"}],"about":[{"href":"https:\/\/www.autonvaraosahaku.fi\/index.php?rest_route=\/wp\/v2\/types\/product"}],"wp:attachment":[{"href":"https:\/\/www.autonvaraosahaku.fi\/index.php?rest_route=%2Fwp%2Fv2%2Fmedia&parent=49038"}],"wp:term":[{"taxonomy":"pwb-brand","embeddable":true,"href":"https:\/\/www.autonvaraosahaku.fi\/index.php?rest_route=%2Fwp%2Fv2%2Fpwb-brand&post=49038"},{"taxonomy":"product_cat","embeddable":true,"href":"https:\/\/www.autonvaraosahaku.fi\/index.php?rest_route=%2Fwp%2Fv2%2Fproduct_cat&post=49038"},{"taxonomy":"product_tag","embeddable":true,"href":"https:\/\/www.autonvaraosahaku.fi\/index.php?rest_route=%2Fwp%2Fv2%2Fproduct_tag&post=49038"}],"curies":[{"name":"wp","href":"https:\/\/api.w.org\/{rel}","templated":true}]}}