{"id":49045,"date":"2021-02-21T17:24:30","date_gmt":"2021-02-21T17:24:30","guid":{"rendered":"https:\/\/www.autonvaraosahaku.fi\/?product=payen-nj312-kampiakselin-tiiviste"},"modified":"2021-02-21T17:24:32","modified_gmt":"2021-02-21T17:24:32","slug":"payen-nj312-kampiakselin-tiiviste","status":"publish","type":"product","link":"https:\/\/www.autonvaraosahaku.fi\/?product=payen-nj312-kampiakselin-tiiviste","title":{"rendered":"PAYEN NJ312 Kampiakselin tiiviste"},"content":{"rendered":"<p>Korkeus (mm): 10,00; Materiaali: MVQ (silikooni\/kautsu); Sis\u00e4l\u00e4pimitta [mm]: 80,00; Ulkol\u00e4pimitta [mm]: 100,00; Akselitiivisteen malli: 827S RD; Py\u00f6rimissuunta: Py\u00f6rimissuunta my\u00f6t\u00e4p\u00e4iv\u00e4\u00e4n; Asennuspuoli: getriebeseitig; HONDA: JAZZ II GD,CIVIC VII Hatchback EU, EP, EV,ACCORD VII CL,CIVIC VI Hatchback EJ, EK,FR-V BE,ACCORD VI CG, CK,CIVIC VI Fastback MA, MB,CRX III EH, EG,LOGO GA3,CIVIC VI Aerodeck MB, MC,STREAM RN,HR-V GH,CRX II ED, EE,CIVIC V Hatchback EG,PRELUDE V BB,CIVIC VII Coupe EM2,ACCORD VI Hatchback CH,ACCORD VI Coupe CG,CIVIC IV Hatchback EC, ED, EE,ACCORD V CE, CF,CIVIC VI Stufenheck EJ, EK,PRELUDE IV BB,CIVIC VI Coupe EJ, EM1,SHUTTLE RA,INTEGRA Coupe DC2, DC4,CIVIC V Coupe EJ,CIVIC VII Stufenheck ES,PRELUDE III BA,ACCORD IV CB,CIVIC V Stufenheck EG, EH,ACCORD V Aerodeck CE,ACCORD V CC, CD,ACCORD V Coupe CD,CONCERTO HW,CIVIC IV Stufenheck ED,CRX I AF, AS,PRELUDE II AB,ACCORD III CA,CIVIC III Hatchback AL, AJ, AG, AH,ACCORD IV Aerodeck CB,CONCERTO Stufenheck HWW,ACCORD III Aerodeck CA,ODYSSEY RB_,ACCORD IV Coupe CB, CC,ACCORD VI Aerodeck CF,CIVIC II Shuttle EE,ODYSSEY RA_,CIVIC III Stufenheck AM, AK, AU,CIVIC I Shuttle AN, AR,ACCORD II Hatchback AC, AD,INTEGRA DA,ACCORD I; VOLVO: F16,FH16,FH16 II,VT; ROVER: 400 RT,CABRIOLET XW,400 Hatchback RT,200 Hatchback XW,200 Coupe XW,400 Tourer XW,200 XH,400 XW; 91212PTO004, 91214PC6003, 91214PC6013, 91214PD2004, 91214PE1721, 91214PH1003, 91214PH1004, 91214PH1661, 91214PH3751, 91214PR4A01, Noinfo; Akselitiiviste, Kampiakseli<\/p>\n","protected":false},"excerpt":{"rendered":"<p>PAYEN Kampiakselin Tiiviste NJ312 Akselitiiviste, Kampiakseli HONDA,VOLVO,ROVER,JAZZ II GD,CIVIC VII Hatchback EU, EP, EV,ACCORD VII CL<\/p>\n","protected":false},"featured_media":0,"template":"","meta":{"site-sidebar-layout":"default","site-content-layout":"default","ast-global-header-display":"","ast-main-header-display":"","ast-hfb-above-header-display":"","ast-hfb-below-header-display":"","ast-hfb-mobile-header-display":"","site-post-title":"","ast-breadcrumbs-content":"","ast-featured-img":"","footer-sml-layout":"","theme-transparent-header-meta":"","adv-header-id-meta":"","stick-header-meta":"","header-above-stick-meta":"","header-main-stick-meta":"","header-below-stick-meta":""},"pwb-brand":[329],"product_cat":[88],"product_tag":[],"class_list":{"0":"post-49045","1":"product","2":"type-product","3":"status-publish","5":"pwb-brand-payen","6":"product_cat-kampiakselin-tiiviste","7":"desktop-align-left","8":"tablet-align-left","9":"mobile-align-left","11":"first","12":"instock","13":"product-type-external"},"brands":[{"id":329,"name":"PAYEN","slug":"payen"}],"_links":{"self":[{"href":"https:\/\/www.autonvaraosahaku.fi\/index.php?rest_route=\/wp\/v2\/product\/49045","targetHints":{"allow":["GET"]}}],"collection":[{"href":"https:\/\/www.autonvaraosahaku.fi\/index.php?rest_route=\/wp\/v2\/product"}],"about":[{"href":"https:\/\/www.autonvaraosahaku.fi\/index.php?rest_route=\/wp\/v2\/types\/product"}],"wp:attachment":[{"href":"https:\/\/www.autonvaraosahaku.fi\/index.php?rest_route=%2Fwp%2Fv2%2Fmedia&parent=49045"}],"wp:term":[{"taxonomy":"pwb-brand","embeddable":true,"href":"https:\/\/www.autonvaraosahaku.fi\/index.php?rest_route=%2Fwp%2Fv2%2Fpwb-brand&post=49045"},{"taxonomy":"product_cat","embeddable":true,"href":"https:\/\/www.autonvaraosahaku.fi\/index.php?rest_route=%2Fwp%2Fv2%2Fproduct_cat&post=49045"},{"taxonomy":"product_tag","embeddable":true,"href":"https:\/\/www.autonvaraosahaku.fi\/index.php?rest_route=%2Fwp%2Fv2%2Fproduct_tag&post=49045"}],"curies":[{"name":"wp","href":"https:\/\/api.w.org\/{rel}","templated":true}]}}