{"id":49053,"date":"2021-02-21T17:24:30","date_gmt":"2021-02-21T17:24:30","guid":{"rendered":"https:\/\/www.autonvaraosahaku.fi\/?product=ridex-219g0310-takaluukun-kaasujousi"},"modified":"2021-02-21T17:24:34","modified_gmt":"2021-02-21T17:24:34","slug":"ridex-219g0310-takaluukun-kaasujousi","status":"publish","type":"product","link":"https:\/\/www.autonvaraosahaku.fi\/?product=ridex-219g0310-takaluukun-kaasujousi","title":{"rendered":"RIDEX 219G0310 Takaluukun kaasujousi"},"content":{"rendered":"<p>M\u00e4\u00e4r\u00e4: 1; Pituus (mm): 596; Kotelon pituus [mm]: 330; Kopan l\u00e4pimitta (mm): 19; M\u00e4nn\u00e4nvarren l\u00e4pimitta [mm]: 10; Ty\u00f6nt\u00f6voima [N]: 450; Asennuspuoli: Molemminpuolin; Isku (mm): 216; Paino [kg]: 0,25; Moottorinumero: F3P720; RENAULT: LAGUNA I B56_, 556_; 7700823271, 7700829764, 7700842152, 7700842153, 7700846772, 7700846773; Kaasujousi, Tavaratila<\/p>\n","protected":false},"excerpt":{"rendered":"<p>RIDEX Takaluukun Kaasujousi 219G0310 Kaasujousi, Tavaratila RENAULT,LAGUNA I B56_, 556_<\/p>\n","protected":false},"featured_media":0,"template":"","meta":{"site-sidebar-layout":"default","site-content-layout":"default","ast-global-header-display":"","ast-main-header-display":"","ast-hfb-above-header-display":"","ast-hfb-below-header-display":"","ast-hfb-mobile-header-display":"","site-post-title":"","ast-breadcrumbs-content":"","ast-featured-img":"","footer-sml-layout":"","theme-transparent-header-meta":"","adv-header-id-meta":"","stick-header-meta":"","header-above-stick-meta":"","header-main-stick-meta":"","header-below-stick-meta":""},"pwb-brand":[157],"product_cat":[59],"product_tag":[],"class_list":{"0":"post-49053","1":"product","2":"type-product","3":"status-publish","5":"pwb-brand-ridex","6":"product_cat-takaluukun-kaasujousi","7":"desktop-align-left","8":"tablet-align-left","9":"mobile-align-left","11":"first","12":"instock","13":"product-type-external"},"brands":[{"id":157,"name":"RIDEX","slug":"ridex"}],"_links":{"self":[{"href":"https:\/\/www.autonvaraosahaku.fi\/index.php?rest_route=\/wp\/v2\/product\/49053","targetHints":{"allow":["GET"]}}],"collection":[{"href":"https:\/\/www.autonvaraosahaku.fi\/index.php?rest_route=\/wp\/v2\/product"}],"about":[{"href":"https:\/\/www.autonvaraosahaku.fi\/index.php?rest_route=\/wp\/v2\/types\/product"}],"wp:attachment":[{"href":"https:\/\/www.autonvaraosahaku.fi\/index.php?rest_route=%2Fwp%2Fv2%2Fmedia&parent=49053"}],"wp:term":[{"taxonomy":"pwb-brand","embeddable":true,"href":"https:\/\/www.autonvaraosahaku.fi\/index.php?rest_route=%2Fwp%2Fv2%2Fpwb-brand&post=49053"},{"taxonomy":"product_cat","embeddable":true,"href":"https:\/\/www.autonvaraosahaku.fi\/index.php?rest_route=%2Fwp%2Fv2%2Fproduct_cat&post=49053"},{"taxonomy":"product_tag","embeddable":true,"href":"https:\/\/www.autonvaraosahaku.fi\/index.php?rest_route=%2Fwp%2Fv2%2Fproduct_tag&post=49053"}],"curies":[{"name":"wp","href":"https:\/\/api.w.org\/{rel}","templated":true}]}}