{"id":49096,"date":"2021-02-21T17:24:41","date_gmt":"2021-02-21T17:24:41","guid":{"rendered":"https:\/\/www.autonvaraosahaku.fi\/?product=ridex-468i0011-valijaahdytin"},"modified":"2021-02-21T17:24:45","modified_gmt":"2021-02-21T17:24:45","slug":"ridex-468i0011-valijaahdytin","status":"publish","type":"product","link":"https:\/\/www.autonvaraosahaku.fi\/?product=ridex-468i0011-valijaahdytin","title":{"rendered":"RIDEX 468I0011 V\u00e4lij\u00e4\u00e4hdytin"},"content":{"rendered":"<p>Vaihteistomalli: K\u00e4sivaihteisto; Kennon mitat: 300x147x76; Materiaali: Alumiini; Varusteet: ajoneuvoille ilmastointilaitteella tai ilman; J\u00e4\u00e4hdytystapa: Ilmaj\u00e4\u00e4hdytteinen; Polttoaine: Diesel; Valmistusvuosi alkaen: 02\/2007; CITRO\u00cbN: C8 EA_, EB_,JUMPY; PEUGEOT: 807 E,EXPERT Kasten VF3A_, VF3U_, VF3X_; 0384J9, 0384N6, 0384P1, 1440068680, 1440094280, 0384J9, 0384N6, 0384P1, 1440068680, 1440094280, 0384J9, 0384N6, 0384P1, 1440068680, 1440094280, 0384J9, 0384N6, 0384P1, 1440068680, 1440094280<\/p>\n","protected":false},"excerpt":{"rendered":"<p>RIDEX V\u00e4lij\u00e4\u00e4hdytin 468I0011  CITRO\u00cbN,PEUGEOT,C8 EA_, EB_,JUMPY,807 E,EXPERT Kasten VF3A_, VF3U_, VF3X_<\/p>\n","protected":false},"featured_media":0,"template":"","meta":{"site-sidebar-layout":"default","site-content-layout":"default","ast-global-header-display":"","ast-main-header-display":"","ast-hfb-above-header-display":"","ast-hfb-below-header-display":"","ast-hfb-mobile-header-display":"","site-post-title":"","ast-breadcrumbs-content":"","ast-featured-img":"","footer-sml-layout":"","theme-transparent-header-meta":"","adv-header-id-meta":"","stick-header-meta":"","header-above-stick-meta":"","header-main-stick-meta":"","header-below-stick-meta":""},"pwb-brand":[157],"product_cat":[234],"product_tag":[],"class_list":{"0":"post-49096","1":"product","2":"type-product","3":"status-publish","5":"pwb-brand-ridex","6":"product_cat-valijaahdytin","7":"desktop-align-left","8":"tablet-align-left","9":"mobile-align-left","11":"first","12":"instock","13":"product-type-external"},"brands":[{"id":157,"name":"RIDEX","slug":"ridex"}],"_links":{"self":[{"href":"https:\/\/www.autonvaraosahaku.fi\/index.php?rest_route=\/wp\/v2\/product\/49096","targetHints":{"allow":["GET"]}}],"collection":[{"href":"https:\/\/www.autonvaraosahaku.fi\/index.php?rest_route=\/wp\/v2\/product"}],"about":[{"href":"https:\/\/www.autonvaraosahaku.fi\/index.php?rest_route=\/wp\/v2\/types\/product"}],"wp:attachment":[{"href":"https:\/\/www.autonvaraosahaku.fi\/index.php?rest_route=%2Fwp%2Fv2%2Fmedia&parent=49096"}],"wp:term":[{"taxonomy":"pwb-brand","embeddable":true,"href":"https:\/\/www.autonvaraosahaku.fi\/index.php?rest_route=%2Fwp%2Fv2%2Fpwb-brand&post=49096"},{"taxonomy":"product_cat","embeddable":true,"href":"https:\/\/www.autonvaraosahaku.fi\/index.php?rest_route=%2Fwp%2Fv2%2Fproduct_cat&post=49096"},{"taxonomy":"product_tag","embeddable":true,"href":"https:\/\/www.autonvaraosahaku.fi\/index.php?rest_route=%2Fwp%2Fv2%2Fproduct_tag&post=49096"}],"curies":[{"name":"wp","href":"https:\/\/api.w.org\/{rel}","templated":true}]}}