{"id":49136,"date":"2021-02-21T17:24:53","date_gmt":"2021-02-21T17:24:53","guid":{"rendered":"https:\/\/www.autonvaraosahaku.fi\/?product=payen-nf843-kampiakselin-tiiviste"},"modified":"2021-02-21T17:24:57","modified_gmt":"2021-02-21T17:24:57","slug":"payen-nf843-kampiakselin-tiiviste","status":"publish","type":"product","link":"https:\/\/www.autonvaraosahaku.fi\/?product=payen-nf843-kampiakselin-tiiviste","title":{"rendered":"PAYEN NF843 Kampiakselin tiiviste"},"content":{"rendered":"<p>Korkeus (mm): 10,00; Materiaali: FPM (fluori-kumi)\/APM (polyakryyli-kumi); Sis\u00e4l\u00e4pimitta [mm]: 50,00; Ulkol\u00e4pimitta [mm]: 68,00; Akselitiivisteen malli: 827S RD W; Py\u00f6rimissuunta: Py\u00f6rimissuunta my\u00f6t\u00e4p\u00e4iv\u00e4\u00e4n; Asennuspuoli: stirnseitig; JEEP: CHEROKEE XJ,CJ5 &#8211; CJ8,COMANCHE MJ; VOLVO: V40 Kombi VW,S40 I VS,480 E,440 K 445,460 L 464,340-360 343, 345,340-360 Stufenheck 344; CITRO\u00cbN: CX II,CX I MA,CX II Break,CX I Break MA; PEUGEOT: 505 551A,505 Break 551D; RENAULT: SC\u00c9NIC I JA0\/1_,ESPACE III JE0_,MEGANE Scenic JA0\/1_,MEGANE I BA0\/1_,MEGANE I Grandtour KA0\/1_,MEGANE I Cabriolet EA0\/1_,LAGUNA I B56_, 556_,CLIO I B\/C57_, 5\/357_,LAGUNA I Grandtour K56_,MEGANE I Classic LA0\/1_,MEGANE I Coach DA0\/1_,ESPACE II J\/S63_,19 II B\/C53_,19 II Cabriolet D53_, 853_,SUPER 5 B\/C40_,RAPID Kasten F40_, G40_,19 I B\/C53_,TRAFIC Kasten TXX,9 L42_,TRAFIC Bus TXW,SAFRANE I B54_,19 II Chamade L53_,ESPACE I J11_,11 B\/C37_,21 Stufenheck L48_,25 B29_,19 I Chamade L53_,MASTER I Kasten T__,TRAFIC Kasten T1, T3, T4,CLIO I Kasten S57_,19 I Cabriolet D53_,TRAFIC Bus T5, T6, T7,18 134_,11 Kasten S37_,SPORT SPIDER EF0_,21 Kombi K48_,18 Variable 135_,30 127_,FUEGO 136_,21 B48_,MASTER I Bus T__,20 127_,19 II Kasten S53_,TRAFIC Pritsche\/Fahrgestell P6,19 I Kasten S53_,MASTER I Pritsche\/Fahrgestell P__,TRAFIC Pritsche\/Fahrgestell PXX,21 Kasten S48_,18 Kasten,EXPRESS Pick-up,SUPER 5 Kasten S40_,RAPID; MITSUBISHI: CARISMA DA_,CARISMA Stufenheck DA_; GREAT WALL: HOVER Gel\u00e4ndewagen geschlossen,STEED 5 Pick-up,HOVER H5,HOVER; ARO: 10; ASTON MARTIN: DB6 Vantage; ISUZU: D-MAX 8DH,D-MAX TFR, TFS,D-MAX Pritsche\/Fahrgestell 8DH,TROOPER Soft Top UBS,TROOPER UB,CAMPO KB,TROOPER Soft Top UB,D-MAX Pritsche\/Fahrgestell,N (4th Generation),N (5th Generation); 7700719683, 7700719274, 7700866877, 84142413; Akselitiiviste, Kampiakseli<\/p>\n","protected":false},"excerpt":{"rendered":"<p>PAYEN Kampiakselin Tiiviste NF843 Akselitiiviste, Kampiakseli JEEP,VOLVO,CITRO\u00cbN,CHEROKEE XJ,CJ5 &#8211; CJ8,COMANCHE MJ,V40 Kombi VW,S40 I VS,480 E<\/p>\n","protected":false},"featured_media":0,"template":"","meta":{"site-sidebar-layout":"default","site-content-layout":"default","ast-global-header-display":"","ast-main-header-display":"","ast-hfb-above-header-display":"","ast-hfb-below-header-display":"","ast-hfb-mobile-header-display":"","site-post-title":"","ast-breadcrumbs-content":"","ast-featured-img":"","footer-sml-layout":"","theme-transparent-header-meta":"","adv-header-id-meta":"","stick-header-meta":"","header-above-stick-meta":"","header-main-stick-meta":"","header-below-stick-meta":""},"pwb-brand":[329],"product_cat":[88],"product_tag":[],"class_list":{"0":"post-49136","1":"product","2":"type-product","3":"status-publish","5":"pwb-brand-payen","6":"product_cat-kampiakselin-tiiviste","7":"desktop-align-left","8":"tablet-align-left","9":"mobile-align-left","11":"first","12":"instock","13":"product-type-external"},"brands":[{"id":329,"name":"PAYEN","slug":"payen"}],"_links":{"self":[{"href":"https:\/\/www.autonvaraosahaku.fi\/index.php?rest_route=\/wp\/v2\/product\/49136","targetHints":{"allow":["GET"]}}],"collection":[{"href":"https:\/\/www.autonvaraosahaku.fi\/index.php?rest_route=\/wp\/v2\/product"}],"about":[{"href":"https:\/\/www.autonvaraosahaku.fi\/index.php?rest_route=\/wp\/v2\/types\/product"}],"wp:attachment":[{"href":"https:\/\/www.autonvaraosahaku.fi\/index.php?rest_route=%2Fwp%2Fv2%2Fmedia&parent=49136"}],"wp:term":[{"taxonomy":"pwb-brand","embeddable":true,"href":"https:\/\/www.autonvaraosahaku.fi\/index.php?rest_route=%2Fwp%2Fv2%2Fpwb-brand&post=49136"},{"taxonomy":"product_cat","embeddable":true,"href":"https:\/\/www.autonvaraosahaku.fi\/index.php?rest_route=%2Fwp%2Fv2%2Fproduct_cat&post=49136"},{"taxonomy":"product_tag","embeddable":true,"href":"https:\/\/www.autonvaraosahaku.fi\/index.php?rest_route=%2Fwp%2Fv2%2Fproduct_tag&post=49136"}],"curies":[{"name":"wp","href":"https:\/\/api.w.org\/{rel}","templated":true}]}}