{"id":49140,"date":"2021-02-21T17:24:59","date_gmt":"2021-02-21T17:24:59","guid":{"rendered":"https:\/\/www.autonvaraosahaku.fi\/?product=skf-vkjc-1005-vetoakseli"},"modified":"2021-02-21T17:24:59","modified_gmt":"2021-02-21T17:24:59","slug":"skf-vkjc-1005-vetoakseli","status":"publish","type":"product","link":"https:\/\/www.autonvaraosahaku.fi\/?product=skf-vkjc-1005-vetoakseli","title":{"rendered":"SKF VKJC 1005 Vetoakseli"},"content":{"rendered":"<p>Pituus (mm): 540; Reik\u00e4-\u00d8 [mm]: 8,5; Kierremitta: M20x1,5; Ulkohammastus, py\u00f6r\u00e4npuoli: 22; Tiivisteen l\u00e4pimitta [mm]: 51,5; Reikien m\u00e4\u00e4r\u00e4: 6; Reik\u00e4ympyr\u00e4-\u00d8 [mm]: 78; Uusi osa: ; Nivelen l\u00e4pimitta py\u00f6r\u00e4puoli [mm]: 80,6; Nivelen l\u00e4pimitta vaihteistopuoli [mm]: 94; Moottorinumero: PN; VW: GOLF II 19E, 1G1,GOLF I Cabriolet 155,CADDY II Kasten 9K9A,POLO Variant 6KV5,POLO CLASSIC 6KV2,SCIROCCO 53B,JETTA II 19E, 1G2, 165,CADDY II Kombi 9K9B; SEAT: IBIZA II 6K1,CORDOBA 6K1, 6K2,CORDOBA Vario 6K1,TOLEDO I 1L,INCA 6K9; 191407271A, 191407271B, 191407271C, 191407271CX, 191407271P, 191407271Q, 191407271R, 191407271RV, 191407271RX, 191407449V, 191407449X, 191407451V, 6K0407271, 6K0407271A, 6K0407271AC, 6K0407271C, 6K0407451BX, 6K0407451X, 191407271A, 191407271B, 191407271C, 191407271CX, 191407271P, 191407271Q, 191407271R, 191407271RV, 191407271RX, 191407449V, 191407449X, 191407451V, 6K0407271, 6K0407271A, 6K0407271AC, 6K0407271C, 6K0407451BX, 6K0407451X, 191407271A, 191407271B, 191407271C, 191407271CX, 191407271P, 191407271Q, 191407271R, 191407271RV, 191407271RX, 191407449V, 191407449X, 191407451V, 6K0407271, 6K0407271A, 6K0407271AC, 6K0407271C, 6K0407451BX, 6K0407451X, 191407271A, 191407271B, 191407271C, 191407271CX, 191407271P, 191407271Q, 191407271R, 191407271RV, 191407271RX, 191407449V, 191407449X, 191407451V, 6K0407271, 6K0407271A, 6K0407271AC, 6K0407271C, 6K0407451BX, 6K0407451X<\/p>\n","protected":false},"excerpt":{"rendered":"<p>SKF Vetoakseli VKJC 1005  VW,SEAT,GOLF II 19E, 1G1,GOLF I Cabriolet 155,CADDY II Kasten 9K9A,POLO Variant 6KV5,POLO CLASSIC 6KV2,SCIROCCO 53B<\/p>\n","protected":false},"featured_media":0,"template":"","meta":{"site-sidebar-layout":"default","site-content-layout":"default","ast-global-header-display":"","ast-main-header-display":"","ast-hfb-above-header-display":"","ast-hfb-below-header-display":"","ast-hfb-mobile-header-display":"","site-post-title":"","ast-breadcrumbs-content":"","ast-featured-img":"","footer-sml-layout":"","theme-transparent-header-meta":"","adv-header-id-meta":"","stick-header-meta":"","header-above-stick-meta":"","header-main-stick-meta":"","header-below-stick-meta":""},"pwb-brand":[237],"product_cat":[215],"product_tag":[],"class_list":{"0":"post-49140","1":"product","2":"type-product","3":"status-publish","5":"pwb-brand-skf","6":"product_cat-vetoakseli","7":"desktop-align-left","8":"tablet-align-left","9":"mobile-align-left","11":"first","12":"instock","13":"product-type-external"},"brands":[{"id":237,"name":"SKF","slug":"skf"}],"_links":{"self":[{"href":"https:\/\/www.autonvaraosahaku.fi\/index.php?rest_route=\/wp\/v2\/product\/49140","targetHints":{"allow":["GET"]}}],"collection":[{"href":"https:\/\/www.autonvaraosahaku.fi\/index.php?rest_route=\/wp\/v2\/product"}],"about":[{"href":"https:\/\/www.autonvaraosahaku.fi\/index.php?rest_route=\/wp\/v2\/types\/product"}],"wp:attachment":[{"href":"https:\/\/www.autonvaraosahaku.fi\/index.php?rest_route=%2Fwp%2Fv2%2Fmedia&parent=49140"}],"wp:term":[{"taxonomy":"pwb-brand","embeddable":true,"href":"https:\/\/www.autonvaraosahaku.fi\/index.php?rest_route=%2Fwp%2Fv2%2Fpwb-brand&post=49140"},{"taxonomy":"product_cat","embeddable":true,"href":"https:\/\/www.autonvaraosahaku.fi\/index.php?rest_route=%2Fwp%2Fv2%2Fproduct_cat&post=49140"},{"taxonomy":"product_tag","embeddable":true,"href":"https:\/\/www.autonvaraosahaku.fi\/index.php?rest_route=%2Fwp%2Fv2%2Fproduct_tag&post=49140"}],"curies":[{"name":"wp","href":"https:\/\/api.w.org\/{rel}","templated":true}]}}