{"id":49163,"date":"2021-02-21T17:25:04","date_gmt":"2021-02-21T17:25:04","guid":{"rendered":"https:\/\/www.autonvaraosahaku.fi\/?product=hella-8et-009-142-111-ilmamassamittari"},"modified":"2021-02-21T17:25:05","modified_gmt":"2021-02-21T17:25:05","slug":"hella-8et-009-142-111-ilmamassamittari","status":"publish","type":"product","link":"https:\/\/www.autonvaraosahaku.fi\/?product=hella-8et-009-142-111-ilmamassamittari","title":{"rendered":"HELLA 8ET 009 142-111 Ilmamassamittari"},"content":{"rendered":"<p>Asennusmalli: Poltti\/ruuvi; Liittimi\u00e4: 4; Imuputken liittimen l\u00e4pimitta [mm]: 60; Uusi osa: ; FORD: FIESTA V JH_, JD_,FIESTA VI,FUSION JU_,FIESTA V Van,FIESTA VI Van; PEUGEOT: 206 Schr\u00e4gheck 2A\/C,207 WA_, WC_,107,206 SW 2E\/K,206+ T3E,1007 KM_,206 Stufenheck,BIPPER AA_,BIPPER Tepee,206 Van,207 Van; CITRO\u00cbN: C1 PM_, PN_,C2 JM_,C3 II,C3 Pluriel HB_,NEMO Kasten AA_,NEMO Kombi,C2 ENTERPRISE; 1920GG, 9647144080, 1333637, 1348615, 2S6Q12B579BA, 2S6Q12B579BB, 1920GG, 9647144080; Ilmam\u00e4\u00e4r\u00e4mittari,MAF Anturi<\/p>\n","protected":false},"excerpt":{"rendered":"<p>HELLA Ilmamassamittari 8ET 009 142-111 Ilmam\u00e4\u00e4r\u00e4mittari,MAF Anturi FORD,PEUGEOT,CITRO\u00cbN,FIESTA V JH_, JD_,FIESTA VI,FUSION JU_,FIESTA V Van<\/p>\n","protected":false},"featured_media":0,"template":"","meta":{"site-sidebar-layout":"default","site-content-layout":"default","ast-global-header-display":"","ast-main-header-display":"","ast-hfb-above-header-display":"","ast-hfb-below-header-display":"","ast-hfb-mobile-header-display":"","site-post-title":"","ast-breadcrumbs-content":"","ast-featured-img":"","footer-sml-layout":"","theme-transparent-header-meta":"","adv-header-id-meta":"","stick-header-meta":"","header-above-stick-meta":"","header-main-stick-meta":"","header-below-stick-meta":""},"pwb-brand":[24],"product_cat":[270],"product_tag":[],"class_list":{"0":"post-49163","1":"product","2":"type-product","3":"status-publish","5":"pwb-brand-hella","6":"product_cat-ilmamassamittari","7":"desktop-align-left","8":"tablet-align-left","9":"mobile-align-left","11":"first","12":"instock","13":"product-type-external"},"brands":[{"id":24,"name":"HELLA","slug":"hella"}],"_links":{"self":[{"href":"https:\/\/www.autonvaraosahaku.fi\/index.php?rest_route=\/wp\/v2\/product\/49163","targetHints":{"allow":["GET"]}}],"collection":[{"href":"https:\/\/www.autonvaraosahaku.fi\/index.php?rest_route=\/wp\/v2\/product"}],"about":[{"href":"https:\/\/www.autonvaraosahaku.fi\/index.php?rest_route=\/wp\/v2\/types\/product"}],"wp:attachment":[{"href":"https:\/\/www.autonvaraosahaku.fi\/index.php?rest_route=%2Fwp%2Fv2%2Fmedia&parent=49163"}],"wp:term":[{"taxonomy":"pwb-brand","embeddable":true,"href":"https:\/\/www.autonvaraosahaku.fi\/index.php?rest_route=%2Fwp%2Fv2%2Fpwb-brand&post=49163"},{"taxonomy":"product_cat","embeddable":true,"href":"https:\/\/www.autonvaraosahaku.fi\/index.php?rest_route=%2Fwp%2Fv2%2Fproduct_cat&post=49163"},{"taxonomy":"product_tag","embeddable":true,"href":"https:\/\/www.autonvaraosahaku.fi\/index.php?rest_route=%2Fwp%2Fv2%2Fproduct_tag&post=49163"}],"curies":[{"name":"wp","href":"https:\/\/api.w.org\/{rel}","templated":true}]}}