{"id":49176,"date":"2021-02-21T17:25:04","date_gmt":"2021-02-21T17:25:04","guid":{"rendered":"https:\/\/www.autonvaraosahaku.fi\/?product=elring-188-680-kampiakselin-tiiviste"},"modified":"2021-02-21T17:25:08","modified_gmt":"2021-02-21T17:25:08","slug":"elring-188-680-kampiakselin-tiiviste","status":"publish","type":"product","link":"https:\/\/www.autonvaraosahaku.fi\/?product=elring-188-680-kampiakselin-tiiviste","title":{"rendered":"ELRING 188.680 Kampiakselin tiiviste"},"content":{"rendered":"<p>Materiaali: Kumi kudosvahvikkeella; Sis\u00e4l\u00e4pimitta [mm]: 78; Ulkol\u00e4pimitta [mm]: 94; Paksuus [mm]: 8; Akselitiivisteen malli: GRP; Tarvittava kappalem\u00e4\u00e4r\u00e4: 2; Asennuspuoli: getriebeseitig; SEAT: 132; SSANGYONG: KORANDO K4,KORANDO K4 Gel\u00e4ndewagen offen; MERCEDES-BENZ: SL R107,Stufenheck W123,S-CLASS W126,G-CLASS W460,COUPE C123,S-CLASS W108, W109,S-CLASS W116,COUPE W111,KOMBI Kombi S123,T1 Bus 601,100 Bus 631,SL Coupe C107,T1 Pritsche\/Fahrgestell 602,T2\/L Kasten\/Kombi,T1 Kasten 602,100 Kasten 631,T1 Pritsche\/Fahrgestell 601,T2\/LN1 Kasten\/Kombi,HECKFLOSSE W111, W112,T1 Kasten 601,100 Pritsche\/Fahrgestell 631,SL W121,T2\/L Pritsche\/Fahrgestell,T1\/TN Pritsche\/Fahrgestell,T2\/LN1 Pritsche\/Fahrgestell,T1\/TN Kasten\/Kombi,T2\/L Kommunalfahrzeug,T2\/LN1 Kipper,T2\/L Kipper,O 309,UNIMOG; PUCH: G-MODELL W 460; 0009976941, 0019971241; Akselitiiviste, Kampiakseli<\/p>\n","protected":false},"excerpt":{"rendered":"<p>ELRING Kampiakselin Tiiviste 188.680 Akselitiiviste, Kampiakseli SEAT,SSANGYONG,MERCEDES-BENZ,132,KORANDO K4,KORANDO K4 Gel\u00e4ndewagen offen,SL R107<\/p>\n","protected":false},"featured_media":0,"template":"","meta":{"site-sidebar-layout":"default","site-content-layout":"default","ast-global-header-display":"","ast-main-header-display":"","ast-hfb-above-header-display":"","ast-hfb-below-header-display":"","ast-hfb-mobile-header-display":"","site-post-title":"","ast-breadcrumbs-content":"","ast-featured-img":"","footer-sml-layout":"","theme-transparent-header-meta":"","adv-header-id-meta":"","stick-header-meta":"","header-above-stick-meta":"","header-main-stick-meta":"","header-below-stick-meta":""},"pwb-brand":[26],"product_cat":[88],"product_tag":[],"class_list":{"0":"post-49176","1":"product","2":"type-product","3":"status-publish","5":"pwb-brand-elring","6":"product_cat-kampiakselin-tiiviste","7":"desktop-align-left","8":"tablet-align-left","9":"mobile-align-left","11":"first","12":"instock","13":"product-type-external"},"brands":[{"id":26,"name":"ELRING","slug":"elring"}],"_links":{"self":[{"href":"https:\/\/www.autonvaraosahaku.fi\/index.php?rest_route=\/wp\/v2\/product\/49176","targetHints":{"allow":["GET"]}}],"collection":[{"href":"https:\/\/www.autonvaraosahaku.fi\/index.php?rest_route=\/wp\/v2\/product"}],"about":[{"href":"https:\/\/www.autonvaraosahaku.fi\/index.php?rest_route=\/wp\/v2\/types\/product"}],"wp:attachment":[{"href":"https:\/\/www.autonvaraosahaku.fi\/index.php?rest_route=%2Fwp%2Fv2%2Fmedia&parent=49176"}],"wp:term":[{"taxonomy":"pwb-brand","embeddable":true,"href":"https:\/\/www.autonvaraosahaku.fi\/index.php?rest_route=%2Fwp%2Fv2%2Fpwb-brand&post=49176"},{"taxonomy":"product_cat","embeddable":true,"href":"https:\/\/www.autonvaraosahaku.fi\/index.php?rest_route=%2Fwp%2Fv2%2Fproduct_cat&post=49176"},{"taxonomy":"product_tag","embeddable":true,"href":"https:\/\/www.autonvaraosahaku.fi\/index.php?rest_route=%2Fwp%2Fv2%2Fproduct_tag&post=49176"}],"curies":[{"name":"wp","href":"https:\/\/api.w.org\/{rel}","templated":true}]}}