{"id":49177,"date":"2021-02-21T17:25:04","date_gmt":"2021-02-21T17:25:04","guid":{"rendered":"https:\/\/www.autonvaraosahaku.fi\/?product=elring-707-170-venttiilinvarren-kumit"},"modified":"2021-02-21T17:25:08","modified_gmt":"2021-02-21T17:25:08","slug":"elring-707-170-venttiilinvarren-kumit","status":"publish","type":"product","link":"https:\/\/www.autonvaraosahaku.fi\/?product=elring-707-170-venttiilinvarren-kumit","title":{"rendered":"ELRING 707.170 Venttiilinvarren kumit"},"content":{"rendered":"<p>Venttiilinvarren l\u00e4pimitta [mm]: 6, 6; Sis\u00e4l\u00e4pimitta [mm]: 10,8; Ulkol\u00e4pimitta [mm]: 13,6; Korkeus (mm): 10,3; Materiaali: FPM (fluori-kumi); V\u00e4ri: Musta; Tarvittava kappalem\u00e4\u00e4r\u00e4: 8; MAZDA: MX-5 II NB,323 F VI BJ,PREMACY CP,MX-5 I NA,626 V Hatchback GF,MPV II LW,626 V GF,626 V Station Wagon GW,626 IV Hatchback GE,MX-3 EC,FAMILIA VI BJ,XEDOS 6 CA,XEDOS 9 TA,626 IV GE,FAMILIA V BA,FAMILIA V BG8,MX-6 GE,626 III Station Wagon GV,323 III Station Wagon BW,MX-6 GD; KIA: CARENS II FJ,SHUMA II FB,CARENS I FC,SHUMA FB,CLARUS K9A,CLARUS Kombi GC,SEPHIA Stufenheck FA,SEPHIA FA,SEPHIA FB,CERATO Stufenheck; FORD USA: PROBE II ECP; OPEL: MONTEREY B; FORD: PUMA EC_; ISUZU: TROOPER,TROOPER Soft Top; 1029213, 97MF6571AA, KL0110155<\/p>\n","protected":false},"excerpt":{"rendered":"<p>ELRING Tiiviste, Venttiilivarsi 707.170  MAZDA,KIA,FORD USA,MX-5 II NB,323 F VI BJ,PREMACY CP,MX-5 I NA,626 V Hatchback GF,MPV II LW,626 V GF<\/p>\n","protected":false},"featured_media":0,"template":"","meta":{"site-sidebar-layout":"default","site-content-layout":"default","ast-global-header-display":"","ast-main-header-display":"","ast-hfb-above-header-display":"","ast-hfb-below-header-display":"","ast-hfb-mobile-header-display":"","site-post-title":"","ast-breadcrumbs-content":"","ast-featured-img":"","footer-sml-layout":"","theme-transparent-header-meta":"","adv-header-id-meta":"","stick-header-meta":"","header-above-stick-meta":"","header-main-stick-meta":"","header-below-stick-meta":""},"pwb-brand":[26],"product_cat":[170],"product_tag":[],"class_list":{"0":"post-49177","1":"product","2":"type-product","3":"status-publish","5":"pwb-brand-elring","6":"product_cat-venttiilinvarren-kumit","7":"desktop-align-left","8":"tablet-align-left","9":"mobile-align-left","11":"first","12":"instock","13":"product-type-external"},"brands":[{"id":26,"name":"ELRING","slug":"elring"}],"_links":{"self":[{"href":"https:\/\/www.autonvaraosahaku.fi\/index.php?rest_route=\/wp\/v2\/product\/49177","targetHints":{"allow":["GET"]}}],"collection":[{"href":"https:\/\/www.autonvaraosahaku.fi\/index.php?rest_route=\/wp\/v2\/product"}],"about":[{"href":"https:\/\/www.autonvaraosahaku.fi\/index.php?rest_route=\/wp\/v2\/types\/product"}],"wp:attachment":[{"href":"https:\/\/www.autonvaraosahaku.fi\/index.php?rest_route=%2Fwp%2Fv2%2Fmedia&parent=49177"}],"wp:term":[{"taxonomy":"pwb-brand","embeddable":true,"href":"https:\/\/www.autonvaraosahaku.fi\/index.php?rest_route=%2Fwp%2Fv2%2Fpwb-brand&post=49177"},{"taxonomy":"product_cat","embeddable":true,"href":"https:\/\/www.autonvaraosahaku.fi\/index.php?rest_route=%2Fwp%2Fv2%2Fproduct_cat&post=49177"},{"taxonomy":"product_tag","embeddable":true,"href":"https:\/\/www.autonvaraosahaku.fi\/index.php?rest_route=%2Fwp%2Fv2%2Fproduct_tag&post=49177"}],"curies":[{"name":"wp","href":"https:\/\/api.w.org\/{rel}","templated":true}]}}