{"id":49182,"date":"2021-02-21T17:25:10","date_gmt":"2021-02-21T17:25:10","guid":{"rendered":"https:\/\/www.autonvaraosahaku.fi\/?product=beru-vk355s-virranjakajan-kansi"},"modified":"2021-02-21T17:25:11","modified_gmt":"2021-02-21T17:25:11","slug":"beru-vk355s-virranjakajan-kansi","status":"publish","type":"product","link":"https:\/\/www.autonvaraosahaku.fi\/?product=beru-vk355s-virranjakajan-kansi","title":{"rendered":"BERU VK355S Virranjakajan kansi"},"content":{"rendered":"<p>Valmistaja rajaus: System BOSCH; Materiaali: Polyesteri; Asennusmalli: Liitin; Pinta: sis\u00e4lt\u00e4 maalattu; Virranjakaja: Liit\u00e4nt\u00e4 sahahammas, Suojattu; Vaihtoehtoisesti: ; VW: GOLF II 19E, 1G1,PASSAT Variant 3A5, 35I,GOLF I Cabriolet 155,TRANSPORTER III Bus,POLO 86C, 80,POLO Coupe 86C, 80,PASSAT 3A2, 35I,CORRADO 53I,SCIROCCO 53B,CADDY I 14,JETTA II 19E, 1G2, 165,PASSAT Variant 32B,TRANSPORTER III Kasten,POLO CLASSIC 86C, 80,TRANSPORTER III Pritsche\/Fahrgestell,PASSAT 32B,DERBY 86C, 80,PASSAT Stufenheck 32B,SANTANA 32B; AUDI: 80 89, 89Q, 8A, B3,100 44, 44Q, C3,80 81, 85, B2,100 Avant 44, 44Q, C3,COUPE 81, 85; BMW: 3 E30,3 E21,5 E12; SEAT: IBIZA II 6K1; TRABANT: 1.1,1.1 Universal,1.1 Tramp; WARTBURG: 353,353 Tourist<\/p>\n","protected":false},"excerpt":{"rendered":"<p>BERU Virranjakajan Kansi VK355S  VW,AUDI,BMW,GOLF II 19E, 1G1,PASSAT Variant 3A5, 35I,GOLF I Cabriolet 155,TRANSPORTER III Bus,POLO 86C, 80<\/p>\n","protected":false},"featured_media":0,"template":"","meta":{"site-sidebar-layout":"default","site-content-layout":"default","ast-global-header-display":"","ast-main-header-display":"","ast-hfb-above-header-display":"","ast-hfb-below-header-display":"","ast-hfb-mobile-header-display":"","site-post-title":"","ast-breadcrumbs-content":"","ast-featured-img":"","footer-sml-layout":"","theme-transparent-header-meta":"","adv-header-id-meta":"","stick-header-meta":"","header-above-stick-meta":"","header-main-stick-meta":"","header-below-stick-meta":""},"pwb-brand":[327],"product_cat":[95],"product_tag":[],"class_list":{"0":"post-49182","1":"product","2":"type-product","3":"status-publish","5":"pwb-brand-beru","6":"product_cat-virranjakajan-kansi","7":"desktop-align-left","8":"tablet-align-left","9":"mobile-align-left","11":"first","12":"instock","13":"product-type-external"},"brands":[{"id":327,"name":"BERU","slug":"beru"}],"_links":{"self":[{"href":"https:\/\/www.autonvaraosahaku.fi\/index.php?rest_route=\/wp\/v2\/product\/49182","targetHints":{"allow":["GET"]}}],"collection":[{"href":"https:\/\/www.autonvaraosahaku.fi\/index.php?rest_route=\/wp\/v2\/product"}],"about":[{"href":"https:\/\/www.autonvaraosahaku.fi\/index.php?rest_route=\/wp\/v2\/types\/product"}],"wp:attachment":[{"href":"https:\/\/www.autonvaraosahaku.fi\/index.php?rest_route=%2Fwp%2Fv2%2Fmedia&parent=49182"}],"wp:term":[{"taxonomy":"pwb-brand","embeddable":true,"href":"https:\/\/www.autonvaraosahaku.fi\/index.php?rest_route=%2Fwp%2Fv2%2Fpwb-brand&post=49182"},{"taxonomy":"product_cat","embeddable":true,"href":"https:\/\/www.autonvaraosahaku.fi\/index.php?rest_route=%2Fwp%2Fv2%2Fproduct_cat&post=49182"},{"taxonomy":"product_tag","embeddable":true,"href":"https:\/\/www.autonvaraosahaku.fi\/index.php?rest_route=%2Fwp%2Fv2%2Fproduct_tag&post=49182"}],"curies":[{"name":"wp","href":"https:\/\/api.w.org\/{rel}","templated":true}]}}