{"id":49183,"date":"2021-02-21T17:25:10","date_gmt":"2021-02-21T17:25:10","guid":{"rendered":"https:\/\/www.autonvaraosahaku.fi\/?product=elring-762-199-pakosarjan-tiivisteet"},"modified":"2021-02-21T17:25:11","modified_gmt":"2021-02-21T17:25:11","slug":"elring-762-199-pakosarjan-tiivisteet","status":"publish","type":"product","link":"https:\/\/www.autonvaraosahaku.fi\/?product=elring-762-199-pakosarjan-tiivisteet","title":{"rendered":"ELRING 762.199 Pakosarjan tiivisteet"},"content":{"rendered":"<p>Korvaava tuote\/korvaava tiedote 2: l\u00e4mp\u00f6suojapellill\u00e4; Asennuspuoli: Sylinterikansi; Tarvittava kappalem\u00e4\u00e4r\u00e4: 2; BMW: 5 E34,7 E32,5 E28,6 E24,7 E23,5 E12; CHEVROLET: CHEVY Kombi,CHEVY Stufenheck; 11621285240, 11621723656; Tiiviste, Pakosarja<\/p>\n","protected":false},"excerpt":{"rendered":"<p>ELRING Pakosarjan Tiivisteet 762.199 Tiiviste, Pakosarja BMW,CHEVROLET,5 E34,7 E32,5 E28,6 E24,7 E23,5 E12,CHEVY Kombi,CHEVY Stufenheck<\/p>\n","protected":false},"featured_media":0,"template":"","meta":{"site-sidebar-layout":"default","site-content-layout":"default","ast-global-header-display":"","ast-main-header-display":"","ast-hfb-above-header-display":"","ast-hfb-below-header-display":"","ast-hfb-mobile-header-display":"","site-post-title":"","ast-breadcrumbs-content":"","ast-featured-img":"","footer-sml-layout":"","theme-transparent-header-meta":"","adv-header-id-meta":"","stick-header-meta":"","header-above-stick-meta":"","header-main-stick-meta":"","header-below-stick-meta":""},"pwb-brand":[26],"product_cat":[123],"product_tag":[],"class_list":{"0":"post-49183","1":"product","2":"type-product","3":"status-publish","5":"pwb-brand-elring","6":"product_cat-pakosarjan-tiivisteet","7":"desktop-align-left","8":"tablet-align-left","9":"mobile-align-left","11":"first","12":"instock","13":"product-type-external"},"brands":[{"id":26,"name":"ELRING","slug":"elring"}],"_links":{"self":[{"href":"https:\/\/www.autonvaraosahaku.fi\/index.php?rest_route=\/wp\/v2\/product\/49183","targetHints":{"allow":["GET"]}}],"collection":[{"href":"https:\/\/www.autonvaraosahaku.fi\/index.php?rest_route=\/wp\/v2\/product"}],"about":[{"href":"https:\/\/www.autonvaraosahaku.fi\/index.php?rest_route=\/wp\/v2\/types\/product"}],"wp:attachment":[{"href":"https:\/\/www.autonvaraosahaku.fi\/index.php?rest_route=%2Fwp%2Fv2%2Fmedia&parent=49183"}],"wp:term":[{"taxonomy":"pwb-brand","embeddable":true,"href":"https:\/\/www.autonvaraosahaku.fi\/index.php?rest_route=%2Fwp%2Fv2%2Fpwb-brand&post=49183"},{"taxonomy":"product_cat","embeddable":true,"href":"https:\/\/www.autonvaraosahaku.fi\/index.php?rest_route=%2Fwp%2Fv2%2Fproduct_cat&post=49183"},{"taxonomy":"product_tag","embeddable":true,"href":"https:\/\/www.autonvaraosahaku.fi\/index.php?rest_route=%2Fwp%2Fv2%2Fproduct_tag&post=49183"}],"curies":[{"name":"wp","href":"https:\/\/api.w.org\/{rel}","templated":true}]}}