{"id":49205,"date":"2021-02-21T17:25:16","date_gmt":"2021-02-21T17:25:16","guid":{"rendered":"https:\/\/www.autonvaraosahaku.fi\/?product=febi-bilstein-32333-imuventtiili"},"modified":"2021-02-21T17:25:17","modified_gmt":"2021-02-21T17:25:17","slug":"febi-bilstein-32333-imuventtiili","status":"publish","type":"product","link":"https:\/\/www.autonvaraosahaku.fi\/?product=febi-bilstein-32333-imuventtiili","title":{"rendered":"FEBI BILSTEIN 32333 Imuventtiili"},"content":{"rendered":"<p>Pituus (mm): 100,6; Lovi-\/reik\u00e4lukum\u00e4\u00e4r\u00e4: 3; Paino [kg]: 0,035, 0,035; Moottorinumero: AQQ; AUB; VW: GOLF V 1K1,POLO 9N_,TOURAN 1T1, 1T2,PASSAT Variant 3C5,GOLF PLUS 5M1, 521,PASSAT 3C2,POLO 6R, 6C,GOLF VI Variant AJ5,GOLF V Variant 1K5,EOS 1F7, 1F8,SCIROCCO 137, 138,SHARAN 7N1, 7N2,JETTA III 1K2,CC 358,BEETLE 5C1,JETTA IV 162, 163,POLO Stufenheck 9A4,BEETLE Cabriolet 5C7; AUDI: A3 8P1,A3 Sportback 8PA,A2 8Z0,A1 8X1, 8XF,A1 Sportback 8XA, 8XK,A3 Cabriolet 8P7; SKODA: OCTAVIA Combi 1Z5,FABIA Combi 6Y5,FABIA,FABIA 6Y2,OCTAVIA Combi 1U5,FABIA Combi,ROOMSTER 5J,YETI 5L,SUPERB Kombi 3T5,OCTAVIA 1Z3,OCTAVIA 1U2,SUPERB 3T4,RAPID Spaceback NH1,FABIA Stufenheck 6Y3,ROOMSTER Praktik 5J,RAPID NH3,FABIA Praktik; SEAT: IBIZA IV 6L1,LEON 1P1,IBIZA V 6J5, 6P5,LEON 1M1,ALTEA 5P1,AROSA 6H,ALTEA XL 5P5, 5P8,IBIZA V ST 6J8, 6P8,IBIZA II 6K1,TOLEDO II 1M2,IBIZA V SPORTCOUPE 6J1, 6P1,CORDOBA 6K1, 6K2,CORDOBA Vario 6K1,CORDOBA 6L2,TOLEDO III 5P2,INCA 6K9; 036109601AD, 036109601AL, 036109601S, 36109601AD, 36109601AL, 36109601S, 036109601AD, 036109601S, 36109601AD, 36109601S, 036109601AD, 36109601AD, 036109601AD, 036109601AL, 036109601S, 36109601AD, 36109601AL, 36109601S<\/p>\n","protected":false},"excerpt":{"rendered":"<p>FEBI BILSTEIN Imuventtiili 32333  VW,AUDI,SKODA,GOLF V 1K1,POLO 9N_,TOURAN 1T1, 1T2,PASSAT Variant 3C5,GOLF PLUS 5M1, 521,PASSAT 3C2,POLO 6R, 6C<\/p>\n","protected":false},"featured_media":0,"template":"","meta":{"site-sidebar-layout":"default","site-content-layout":"default","ast-global-header-display":"","ast-main-header-display":"","ast-hfb-above-header-display":"","ast-hfb-below-header-display":"","ast-hfb-mobile-header-display":"","site-post-title":"","ast-breadcrumbs-content":"","ast-featured-img":"","footer-sml-layout":"","theme-transparent-header-meta":"","adv-header-id-meta":"","stick-header-meta":"","header-above-stick-meta":"","header-main-stick-meta":"","header-below-stick-meta":""},"pwb-brand":[50],"product_cat":[274],"product_tag":[],"class_list":{"0":"post-49205","1":"product","2":"type-product","3":"status-publish","5":"pwb-brand-febi-bilstein","6":"product_cat-imuventtiili","7":"desktop-align-left","8":"tablet-align-left","9":"mobile-align-left","11":"first","12":"instock","13":"product-type-external"},"brands":[{"id":50,"name":"FEBI BILSTEIN","slug":"febi-bilstein"}],"_links":{"self":[{"href":"https:\/\/www.autonvaraosahaku.fi\/index.php?rest_route=\/wp\/v2\/product\/49205","targetHints":{"allow":["GET"]}}],"collection":[{"href":"https:\/\/www.autonvaraosahaku.fi\/index.php?rest_route=\/wp\/v2\/product"}],"about":[{"href":"https:\/\/www.autonvaraosahaku.fi\/index.php?rest_route=\/wp\/v2\/types\/product"}],"wp:attachment":[{"href":"https:\/\/www.autonvaraosahaku.fi\/index.php?rest_route=%2Fwp%2Fv2%2Fmedia&parent=49205"}],"wp:term":[{"taxonomy":"pwb-brand","embeddable":true,"href":"https:\/\/www.autonvaraosahaku.fi\/index.php?rest_route=%2Fwp%2Fv2%2Fpwb-brand&post=49205"},{"taxonomy":"product_cat","embeddable":true,"href":"https:\/\/www.autonvaraosahaku.fi\/index.php?rest_route=%2Fwp%2Fv2%2Fproduct_cat&post=49205"},{"taxonomy":"product_tag","embeddable":true,"href":"https:\/\/www.autonvaraosahaku.fi\/index.php?rest_route=%2Fwp%2Fv2%2Fproduct_tag&post=49205"}],"curies":[{"name":"wp","href":"https:\/\/api.w.org\/{rel}","templated":true}]}}