{"id":49207,"date":"2021-02-21T17:25:16","date_gmt":"2021-02-21T17:25:16","guid":{"rendered":"https:\/\/www.autonvaraosahaku.fi\/?product=vaico-v20-80053-jarrulevyt"},"modified":"2021-02-21T17:25:18","modified_gmt":"2021-02-21T17:25:18","slug":"vaico-v20-80053-jarrulevyt","status":"publish","type":"product","link":"https:\/\/www.autonvaraosahaku.fi\/?product=vaico-v20-80053-jarrulevyt","title":{"rendered":"VAICO V20-80053 Jarrulevyt"},"content":{"rendered":"<p>Vanne, aukkoja: 5; Korkeus (mm): 73,3; Jarrulevytyyppi: Tuuletettu; Jarrulevyn paksuus (mm): 22; V\u00e4himm\u00e4ispaksuus (mm): 20,4, 20,4; Ulkol\u00e4pimitta [mm]: 292; keskitt\u00e4misl\u00e4pimitta [mm]: 79; Reik\u00e4ympyr\u00e4-\u00d8 [mm]: 120; Jarrulevyn navan korkeus [mm]: 51; Asennuspuoli: Etuakseli, Etuakseli; Pakkausleveys [cm]: 30, 30; Pakkauskorkeus [mm]: 15, 15; Pakkaussyvyys [cm]: 30, 30; Reik\u00e4-\u00d8 2 [mm]: 12,7; Paino [kg]: 7,77; lis\u00e4tieto: CST99; Alustarakenne: f\u00fcr Fahrzeuge ohne M-Technik; BMW: 3 E90,1 E87,1 E81,1 Cabriolet E88,1 Coupe E82; 34116764641, 34116854997, 6764641, 6854997; Jarrulevy<\/p>\n","protected":false},"excerpt":{"rendered":"<p>VAICO Jarrulevyt V20-80053 Jarrulevy BMW,3 E90,1 E87,1 E81,1 Cabriolet E88,1 Coupe E82<\/p>\n","protected":false},"featured_media":0,"template":"","meta":{"site-sidebar-layout":"default","site-content-layout":"default","ast-global-header-display":"","ast-main-header-display":"","ast-hfb-above-header-display":"","ast-hfb-below-header-display":"","ast-hfb-mobile-header-display":"","site-post-title":"","ast-breadcrumbs-content":"","ast-featured-img":"","footer-sml-layout":"","theme-transparent-header-meta":"","adv-header-id-meta":"","stick-header-meta":"","header-above-stick-meta":"","header-main-stick-meta":"","header-below-stick-meta":""},"pwb-brand":[330],"product_cat":[66],"product_tag":[],"class_list":{"0":"post-49207","1":"product","2":"type-product","3":"status-publish","5":"pwb-brand-vaico","6":"product_cat-jarrulevyt","7":"desktop-align-left","8":"tablet-align-left","9":"mobile-align-left","11":"first","12":"instock","13":"product-type-external"},"brands":[{"id":330,"name":"VAICO","slug":"vaico"}],"_links":{"self":[{"href":"https:\/\/www.autonvaraosahaku.fi\/index.php?rest_route=\/wp\/v2\/product\/49207","targetHints":{"allow":["GET"]}}],"collection":[{"href":"https:\/\/www.autonvaraosahaku.fi\/index.php?rest_route=\/wp\/v2\/product"}],"about":[{"href":"https:\/\/www.autonvaraosahaku.fi\/index.php?rest_route=\/wp\/v2\/types\/product"}],"wp:attachment":[{"href":"https:\/\/www.autonvaraosahaku.fi\/index.php?rest_route=%2Fwp%2Fv2%2Fmedia&parent=49207"}],"wp:term":[{"taxonomy":"pwb-brand","embeddable":true,"href":"https:\/\/www.autonvaraosahaku.fi\/index.php?rest_route=%2Fwp%2Fv2%2Fpwb-brand&post=49207"},{"taxonomy":"product_cat","embeddable":true,"href":"https:\/\/www.autonvaraosahaku.fi\/index.php?rest_route=%2Fwp%2Fv2%2Fproduct_cat&post=49207"},{"taxonomy":"product_tag","embeddable":true,"href":"https:\/\/www.autonvaraosahaku.fi\/index.php?rest_route=%2Fwp%2Fv2%2Fproduct_tag&post=49207"}],"curies":[{"name":"wp","href":"https:\/\/api.w.org\/{rel}","templated":true}]}}