{"id":49246,"date":"2021-02-21T17:25:28","date_gmt":"2021-02-21T17:25:28","guid":{"rendered":"https:\/\/www.autonvaraosahaku.fi\/?product=febi-bilstein-01102-lampokytkin-jaahdyttimen-puhallin"},"modified":"2021-02-21T17:25:30","modified_gmt":"2021-02-21T17:25:30","slug":"febi-bilstein-01102-lampokytkin-jaahdyttimen-puhallin","status":"publish","type":"product","link":"https:\/\/www.autonvaraosahaku.fi\/?product=febi-bilstein-01102-lampokytkin-jaahdyttimen-puhallin","title":{"rendered":"FEBI BILSTEIN 01102 L\u00e4mp\u00f6kytkin j\u00e4\u00e4hdyttimen puhallin"},"content":{"rendered":"<p>Ulkokierre [mm]: M14 x 1,5; Liittimi\u00e4: 2; V\u00e4rimerkint\u00e4: Valkoinen; Kytkent\u00e4piste (\u00b0C): 90, 95; Paino [kg]: 0,045, 0,045; Valmistusvuoteen: 08\/1979; BMW: 3 E30,3 Cabriolet E30,5 E28,6 E24,3 E21,3 Touring E30,7 E23,5 E12; VOLVO: 240 Kombi P245,740 Kombi 745,740 744,240 P242, P244,760 704, 764,760 Kombi 704, 765; 61311357073, 61311364272, 1276229, 1378504<\/p>\n","protected":false},"excerpt":{"rendered":"<p>FEBI BILSTEIN L\u00e4mp\u00f6kytkin J\u00e4\u00e4hdyttimen Puhallin 01102  BMW,VOLVO,3 E30,3 Cabriolet E30,5 E28,6 E24,3 E21,3 Touring E30,7 E23,5 E12,240 Kombi P245<\/p>\n","protected":false},"featured_media":0,"template":"","meta":{"site-sidebar-layout":"default","site-content-layout":"default","ast-global-header-display":"","ast-main-header-display":"","ast-hfb-above-header-display":"","ast-hfb-below-header-display":"","ast-hfb-mobile-header-display":"","site-post-title":"","ast-breadcrumbs-content":"","ast-featured-img":"","footer-sml-layout":"","theme-transparent-header-meta":"","adv-header-id-meta":"","stick-header-meta":"","header-above-stick-meta":"","header-main-stick-meta":"","header-below-stick-meta":""},"pwb-brand":[50],"product_cat":[290],"product_tag":[],"class_list":{"0":"post-49246","1":"product","2":"type-product","3":"status-publish","5":"pwb-brand-febi-bilstein","6":"product_cat-lampokytkin-jaahdyttimen-puhallin","7":"desktop-align-left","8":"tablet-align-left","9":"mobile-align-left","11":"first","12":"instock","13":"product-type-external"},"brands":[{"id":50,"name":"FEBI BILSTEIN","slug":"febi-bilstein"}],"_links":{"self":[{"href":"https:\/\/www.autonvaraosahaku.fi\/index.php?rest_route=\/wp\/v2\/product\/49246","targetHints":{"allow":["GET"]}}],"collection":[{"href":"https:\/\/www.autonvaraosahaku.fi\/index.php?rest_route=\/wp\/v2\/product"}],"about":[{"href":"https:\/\/www.autonvaraosahaku.fi\/index.php?rest_route=\/wp\/v2\/types\/product"}],"wp:attachment":[{"href":"https:\/\/www.autonvaraosahaku.fi\/index.php?rest_route=%2Fwp%2Fv2%2Fmedia&parent=49246"}],"wp:term":[{"taxonomy":"pwb-brand","embeddable":true,"href":"https:\/\/www.autonvaraosahaku.fi\/index.php?rest_route=%2Fwp%2Fv2%2Fpwb-brand&post=49246"},{"taxonomy":"product_cat","embeddable":true,"href":"https:\/\/www.autonvaraosahaku.fi\/index.php?rest_route=%2Fwp%2Fv2%2Fproduct_cat&post=49246"},{"taxonomy":"product_tag","embeddable":true,"href":"https:\/\/www.autonvaraosahaku.fi\/index.php?rest_route=%2Fwp%2Fv2%2Fproduct_tag&post=49246"}],"curies":[{"name":"wp","href":"https:\/\/api.w.org\/{rel}","templated":true}]}}