{"id":49295,"date":"2021-02-21T17:25:42","date_gmt":"2021-02-21T17:25:42","guid":{"rendered":"https:\/\/www.autonvaraosahaku.fi\/?product=trw-jgm7745t-iskunvaimennin"},"modified":"2021-02-21T17:25:45","modified_gmt":"2021-02-21T17:25:45","slug":"trw-jgm7745t-iskunvaimennin","status":"publish","type":"product","link":"https:\/\/www.autonvaraosahaku.fi\/?product=trw-jgm7745t-iskunvaimennin","title":{"rendered":"TRW JGM7745T Iskunvaimennin"},"content":{"rendered":"<p>Lukum\u00e4\u00e4r\u00e4 akselille: 2; Asennuspuoli: Etuakseli; Iskunvaimennin tyyppi: Kaasupaine; Iskunvaimennin malli: Joustintuki; Iskunvaimennin asennustapa: Tappi ylh\u00e4\u00e4ll\u00e4, Purisitin alhaalla; Pituus 1 (mm): 500; Pituus 2 (mm): 312; M\u00e4nn\u00e4nvarren l\u00e4pimitta [mm]: 22; Huomioi tekniset tiedot: ; Tuotelinja: TWIN; Alustanumeroon: 397296; VOLVO: V50 MW,C30,S40 II MS; 30647431, 30647432, 30666198, 30666199, 30666200, 30666201, 30666813, 30666814, 30666815, 30666816, 30683416, 30683417, 30683418, 30683419, 30683563, 30683564, 30683608, 30683609, 30683610, 30683611, 30714385, 30714386, 30714837, 30714838, 30736755, 30736756, 30736763, 30736764, 30748360, 30748361, 30748362, 30748363, 30748851, 30748852, 30748853, 30748854, 30748855, 30748856, 31200270, 31200271, 31212944, 31212945, 31277015, 31277023, 31277024, 31277027, 31277028, 31277029, 31277030, 31277031, 31277032, 31277587, 31277588, 31277589, 31277590, 31277593, 31277597, 31277598, 31277601, 31277602, 31277603, 31277604, 31277605, 31277606; Iskarit,Iskunvaimennin<\/p>\n","protected":false},"excerpt":{"rendered":"<p>TRW Iskunvaimentimet JGM7745T Iskarit,Iskunvaimennin VOLVO,V50 MW,C30,S40 II MS<\/p>\n","protected":false},"featured_media":0,"template":"","meta":{"site-sidebar-layout":"default","site-content-layout":"default","ast-global-header-display":"","ast-main-header-display":"","ast-hfb-above-header-display":"","ast-hfb-below-header-display":"","ast-hfb-mobile-header-display":"","site-post-title":"","ast-breadcrumbs-content":"","ast-featured-img":"","footer-sml-layout":"","theme-transparent-header-meta":"","adv-header-id-meta":"","stick-header-meta":"","header-above-stick-meta":"","header-main-stick-meta":"","header-below-stick-meta":""},"pwb-brand":[332],"product_cat":[80],"product_tag":[],"class_list":{"0":"post-49295","1":"product","2":"type-product","3":"status-publish","5":"pwb-brand-trw","6":"product_cat-iskunvaimennin","7":"desktop-align-left","8":"tablet-align-left","9":"mobile-align-left","11":"first","12":"instock","13":"product-type-external"},"brands":[{"id":332,"name":"TRW","slug":"trw"}],"_links":{"self":[{"href":"https:\/\/www.autonvaraosahaku.fi\/index.php?rest_route=\/wp\/v2\/product\/49295","targetHints":{"allow":["GET"]}}],"collection":[{"href":"https:\/\/www.autonvaraosahaku.fi\/index.php?rest_route=\/wp\/v2\/product"}],"about":[{"href":"https:\/\/www.autonvaraosahaku.fi\/index.php?rest_route=\/wp\/v2\/types\/product"}],"wp:attachment":[{"href":"https:\/\/www.autonvaraosahaku.fi\/index.php?rest_route=%2Fwp%2Fv2%2Fmedia&parent=49295"}],"wp:term":[{"taxonomy":"pwb-brand","embeddable":true,"href":"https:\/\/www.autonvaraosahaku.fi\/index.php?rest_route=%2Fwp%2Fv2%2Fpwb-brand&post=49295"},{"taxonomy":"product_cat","embeddable":true,"href":"https:\/\/www.autonvaraosahaku.fi\/index.php?rest_route=%2Fwp%2Fv2%2Fproduct_cat&post=49295"},{"taxonomy":"product_tag","embeddable":true,"href":"https:\/\/www.autonvaraosahaku.fi\/index.php?rest_route=%2Fwp%2Fv2%2Fproduct_tag&post=49295"}],"curies":[{"name":"wp","href":"https:\/\/api.w.org\/{rel}","templated":true}]}}