{"id":49310,"date":"2021-02-21T17:25:47","date_gmt":"2021-02-21T17:25:47","guid":{"rendered":"https:\/\/www.autonvaraosahaku.fi\/?product=japanparts-fo-112e-oljynsuodatin"},"modified":"2021-02-21T17:25:50","modified_gmt":"2021-02-21T17:25:50","slug":"japanparts-fo-112e-oljynsuodatin","status":"publish","type":"product","link":"https:\/\/www.autonvaraosahaku.fi\/?product=japanparts-fo-112e-oljynsuodatin","title":{"rendered":"JAPANPARTS FO-112E \u00d6ljynsuodatin"},"content":{"rendered":"<p>Suodatintyyppi: Ruuvattava suodatin; Pituus (mm): 100; Ulkol\u00e4pimitta [mm]: 94; Asennusl\u00e4pimitta [mm]: 71; Sis\u00e4kierre (mm): 3\/4 x 16; Valmistusmaa: Spanien; NISSAN: X-TRAIL T30,ALMERA TINO V10,ALMERA II Hatchback N16,NAVARA D40,PATHFINDER R51,PRIMERA Kombi WP12,PRIMERA P12,NAVARA Pritsche\/Fahrgestell D40,PRIMERA Hatchback P12,PICK UP D22,ALMERA Mk II N16,SERENA C23M,NP300,VANETTE Bus C22,VANETTE CARGO Kasten HC 23,VANETTE CARGO Bus HC 23,VANETTE Kasten C22,LAUREL JC31,CABSTAR E Pick-up US; JEEP: GRAND CHEROKEE III WH, WK,GRAND CHEROKEE II WJ, WG,GRAND CHEROKEE I ZJ,CHEROKEE XJ,COMMANDER XK,WRANGLER II TJ,WRANGLER I YJ, SJ_; CHRYSLER: VOYAGER IV RG, RS,300 C Touring LX,VOYAGER III GS,300 C LX,SEBRING Cabriolet JR,300 M LR,STRATUS Cabriolet JX,SEBRING JR,VOYAGER II ES,NEON II,LE BARON Cabriolet,STRATUS JA,NEON PL,VISION,NEW YORKER,VIPER Convertible,LE BARON Stufenheck,VIPER; DACIA: 1300; DODGE: NITRO; PIAGGIO: APE TM Kasten; 05281090, 4796174, 5281090, 5281090AB, 05281090, 5281090, 04796174, 05003594AA, 5003594AA, MD308302, 1520880W00, 152089C600, 15208BN300, 15208BN30A, 15208D9705, 15208W1103, 15208W1105, 15208W1106, 15208W1111, 15208W1116, A5208W1103, A5208W1106, 5001869771<\/p>\n","protected":false},"excerpt":{"rendered":"<p>JAPANPARTS \u00d6ljynsuodatin FO-112E  NISSAN,JEEP,CHRYSLER,X-TRAIL T30,ALMERA TINO V10,ALMERA II Hatchback N16,NAVARA D40,PATHFINDER R51<\/p>\n","protected":false},"featured_media":0,"template":"","meta":{"site-sidebar-layout":"default","site-content-layout":"default","ast-global-header-display":"","ast-main-header-display":"","ast-hfb-above-header-display":"","ast-hfb-below-header-display":"","ast-hfb-mobile-header-display":"","site-post-title":"","ast-breadcrumbs-content":"","ast-featured-img":"","footer-sml-layout":"","theme-transparent-header-meta":"","adv-header-id-meta":"","stick-header-meta":"","header-above-stick-meta":"","header-main-stick-meta":"","header-below-stick-meta":""},"pwb-brand":[334],"product_cat":[30],"product_tag":[],"class_list":{"0":"post-49310","1":"product","2":"type-product","3":"status-publish","5":"pwb-brand-japanparts","6":"product_cat-oljynsuodatin","7":"desktop-align-left","8":"tablet-align-left","9":"mobile-align-left","11":"first","12":"instock","13":"product-type-external"},"brands":[{"id":334,"name":"JAPANPARTS","slug":"japanparts"}],"_links":{"self":[{"href":"https:\/\/www.autonvaraosahaku.fi\/index.php?rest_route=\/wp\/v2\/product\/49310","targetHints":{"allow":["GET"]}}],"collection":[{"href":"https:\/\/www.autonvaraosahaku.fi\/index.php?rest_route=\/wp\/v2\/product"}],"about":[{"href":"https:\/\/www.autonvaraosahaku.fi\/index.php?rest_route=\/wp\/v2\/types\/product"}],"wp:attachment":[{"href":"https:\/\/www.autonvaraosahaku.fi\/index.php?rest_route=%2Fwp%2Fv2%2Fmedia&parent=49310"}],"wp:term":[{"taxonomy":"pwb-brand","embeddable":true,"href":"https:\/\/www.autonvaraosahaku.fi\/index.php?rest_route=%2Fwp%2Fv2%2Fpwb-brand&post=49310"},{"taxonomy":"product_cat","embeddable":true,"href":"https:\/\/www.autonvaraosahaku.fi\/index.php?rest_route=%2Fwp%2Fv2%2Fproduct_cat&post=49310"},{"taxonomy":"product_tag","embeddable":true,"href":"https:\/\/www.autonvaraosahaku.fi\/index.php?rest_route=%2Fwp%2Fv2%2Fproduct_tag&post=49310"}],"curies":[{"name":"wp","href":"https:\/\/api.w.org\/{rel}","templated":true}]}}