{"id":49326,"date":"2021-02-21T17:25:56","date_gmt":"2021-02-21T17:25:56","guid":{"rendered":"https:\/\/www.autonvaraosahaku.fi\/?product=febi-bilstein-22058-termostaatti"},"modified":"2021-02-21T17:25:58","modified_gmt":"2021-02-21T17:25:58","slug":"febi-bilstein-22058-termostaatti","status":"publish","type":"product","link":"https:\/\/www.autonvaraosahaku.fi\/?product=febi-bilstein-22058-termostaatti","title":{"rendered":"FEBI BILSTEIN 22058 Termostaatti"},"content":{"rendered":"<p>Avausl\u00e4mp\u00f6tila [\u00b0C]: 89; Paino [kg]: 0,102; Lis\u00e4tarvike\/lis\u00e4tieto: Tiivisteill\u00e4; Huomioi huolto-ohjeet: , ; Huomioi tekniset tiedot: ; PEUGEOT: 206 Schr\u00e4gheck 2A\/C,206 CC 2D,307 SW 3H,307 CC 3B,407 SW 6E_,307 3A\/C,308 SW,206 SW 2E\/K,807 E,307 Break 3E,607 9D, 9U,407 6D_,406 Break 8E\/F,406 Coupe 8C,406 8B,407 Coupe 6C_,EXPERT Tepee VF3V_,EXPERT Kasten VF3A_, VF3U_, VF3X_; CITRO\u00cbN: XSARA PICASSO N68,C4 I LC_,C5 II Break RE_,C5 I DC_,C5 I Break DE_,XSARA N1,C4 Coupe LA_,C4 II B7,C5 II RC_,XSARA Break N2,XSARA Coupe N0,C4 Stufenheck L; 1338A0, 1338E4, 1338A0; Termostaatti, J\u00e4\u00e4hdytysneste<\/p>\n","protected":false},"excerpt":{"rendered":"<p>FEBI BILSTEIN Termostaatti 22058 Termostaatti, J\u00e4\u00e4hdytysneste PEUGEOT,CITRO\u00cbN,206 Schr\u00e4gheck 2A\/C,206 CC 2D,307 SW 3H,307 CC 3B,407 SW 6E_,307 3A\/C<\/p>\n","protected":false},"featured_media":0,"template":"","meta":{"site-sidebar-layout":"default","site-content-layout":"default","ast-global-header-display":"","ast-main-header-display":"","ast-hfb-above-header-display":"","ast-hfb-below-header-display":"","ast-hfb-mobile-header-display":"","site-post-title":"","ast-breadcrumbs-content":"","ast-featured-img":"","footer-sml-layout":"","theme-transparent-header-meta":"","adv-header-id-meta":"","stick-header-meta":"","header-above-stick-meta":"","header-main-stick-meta":"","header-below-stick-meta":""},"pwb-brand":[50],"product_cat":[174],"product_tag":[],"class_list":{"0":"post-49326","1":"product","2":"type-product","3":"status-publish","5":"pwb-brand-febi-bilstein","6":"product_cat-termostaatti","7":"desktop-align-left","8":"tablet-align-left","9":"mobile-align-left","11":"first","12":"instock","13":"product-type-external"},"brands":[{"id":50,"name":"FEBI BILSTEIN","slug":"febi-bilstein"}],"_links":{"self":[{"href":"https:\/\/www.autonvaraosahaku.fi\/index.php?rest_route=\/wp\/v2\/product\/49326","targetHints":{"allow":["GET"]}}],"collection":[{"href":"https:\/\/www.autonvaraosahaku.fi\/index.php?rest_route=\/wp\/v2\/product"}],"about":[{"href":"https:\/\/www.autonvaraosahaku.fi\/index.php?rest_route=\/wp\/v2\/types\/product"}],"wp:attachment":[{"href":"https:\/\/www.autonvaraosahaku.fi\/index.php?rest_route=%2Fwp%2Fv2%2Fmedia&parent=49326"}],"wp:term":[{"taxonomy":"pwb-brand","embeddable":true,"href":"https:\/\/www.autonvaraosahaku.fi\/index.php?rest_route=%2Fwp%2Fv2%2Fpwb-brand&post=49326"},{"taxonomy":"product_cat","embeddable":true,"href":"https:\/\/www.autonvaraosahaku.fi\/index.php?rest_route=%2Fwp%2Fv2%2Fproduct_cat&post=49326"},{"taxonomy":"product_tag","embeddable":true,"href":"https:\/\/www.autonvaraosahaku.fi\/index.php?rest_route=%2Fwp%2Fv2%2Fproduct_tag&post=49326"}],"curies":[{"name":"wp","href":"https:\/\/api.w.org\/{rel}","templated":true}]}}