{"id":49331,"date":"2021-02-21T17:25:56","date_gmt":"2021-02-21T17:25:56","guid":{"rendered":"https:\/\/www.autonvaraosahaku.fi\/?product=vaico-v25-0058-oljynsuodatin"},"modified":"2021-02-21T17:26:00","modified_gmt":"2021-02-21T17:26:00","slug":"vaico-v25-0058-oljynsuodatin","status":"publish","type":"product","link":"https:\/\/www.autonvaraosahaku.fi\/?product=vaico-v25-0058-oljynsuodatin","title":{"rendered":"VAICO V25-0058 \u00d6ljynsuodatin"},"content":{"rendered":"<p>Kierremitta: 3\/4-16 UNF; Ulkol\u00e4pimitta [mm]: 76; Suodatintyyppi: Ruuvattava suodatin; Avauspaine ohitusventtiili [bar]: 1; Sis\u00e4l\u00e4pimitta 1 [mm]: 62; OE-numerolle: 1 047 169; Korkeus (mm): 123; Sis\u00e4l\u00e4pimitta 2 [mm]: 71; Korvaava tuote\/korvaava tiedote 2: yhdell\u00e4 peruutuksenestoventtiilill\u00e4; Paino [kg]: 0,379; Pakkausleveys [cm]: 8,5; Pakkauskorkeus [mm]: 13; Pakkaussyvyys [cm]: 8,5; lis\u00e4tieto: CST99; Valmistusvuosi alkaen: 10\/2002; MAZDA: 2 DY,TRIBUTE EP,CX-9 TB; JEEP: GRAND CHEROKEE III WH, WK,CHEROKEE KJ,COMMANDER XK,CHEROKEE KK; LADA: KALINA Schr\u00e4gheck 1119,PRIORA Kombi 2171,PRIORA Schr\u00e4gheck 2172,KALINA Kombi 2194,KALINA Schr\u00e4gheck 2192; FORD USA: WINDSTAR A3,PROBE I,AEROSTAR,TAURUS P5_,TAURUS Wagon P5_; LAND ROVER: DISCOVERY III TAA,DISCOVERY IV LA; CHRYSLER: PT CRUISER PT_,PT CRUISER Cabriolet; FORD: FIESTA V JH_, JD_,FOCUS II Kombi DA_,FIESTA VI,FOCUS Kombi DNW,FOCUS II DA_,FOCUS DAW, DBW,GALAXY WGR,FIESTA IV JA_, JB_,FUSION JU_,KA RB_,MAVERICK,FOCUS Stufenheck DFW,STREET KA RL2,MONDEO II Kombi BNP,FIESTA III GFJ,TRANSIT Kasten FA_ _,TRANSIT CONNECT P65_, P70_, P80_,TRANSIT Bus FD_ _, FB_ _, FS_ _, FZ_ _, FC_ _,COUGAR EC_,MONDEO II BAP,TOURNEO CONNECT,PUMA EC_,TRANSIT Pritsche\/Fahrgestell FM_ _, FN_ _,ESCORT VII GAL, AAL, ABL,ESCORT IV Cabriolet ALF,MONDEO II Stufenheck BFP,MONDEO I Kombi BNP,SIERRA GBG, GB4,MONDEO I GBP,ESCORT VII Kombi GAL, ANL,FIESTA V Van,TRANSIT  MK-5 Bus E_ _,ESCORT VII Cabriolet ALL,ESCORT VI Cabriolet ALL,ESCORT VI GAL,SCORPIO II GFR, GGR,SIERRA Schr\u00e4gheck GBC, GBG,TRANSIT MK-5 Pritsche\/Fahrgestell E_ _,FIESTA I GFBT,ESCORT IV GAF, AWF, ABFT,FIESTA II FBD,ESCORT V Cabriolet ALL,MONDEO I Stufenheck GBP,TRANSIT MK-5 Kasten E_ _,ESCORT &#8217;95 Express AVL,ESCORT III GAA,FIESTA Kasten J5_, J3_,SCORPIO II Kombi GNR, GGR,ESCORT V GAL,ESCOR; MORGAN: PLUS FOUR,FOUR FOUR,ROADSTER Cabriolet; 1043143, 1043147, 1047169, 1066071, 1071746, 1097077, 1119421, 1663050, 1663051, 6937010, 938M6714A2A, 938M6714A3A, 938M6714A4A, 978M6414B4A, 978M6714A6A, 978M6714B1A, 978M6714B2A, 978M6714B4A, 978M6714A2A, F8CZ6731AA, F8CZ6731BA, YN2G6714B2A, XR858593, FH1042, XR23395, XR815347, XR817215, XR823395, XR83332, XR8E6714AB<\/p>\n","protected":false},"excerpt":{"rendered":"<p>VAICO \u00d6ljynsuodatin V25-0058  MAZDA,JEEP,LADA,2 DY,TRIBUTE EP,CX-9 TB,GRAND CHEROKEE III WH, WK,CHEROKEE KJ,COMMANDER XK,CHEROKEE KK<\/p>\n","protected":false},"featured_media":0,"template":"","meta":{"site-sidebar-layout":"default","site-content-layout":"default","ast-global-header-display":"","ast-main-header-display":"","ast-hfb-above-header-display":"","ast-hfb-below-header-display":"","ast-hfb-mobile-header-display":"","site-post-title":"","ast-breadcrumbs-content":"","ast-featured-img":"","footer-sml-layout":"","theme-transparent-header-meta":"","adv-header-id-meta":"","stick-header-meta":"","header-above-stick-meta":"","header-main-stick-meta":"","header-below-stick-meta":""},"pwb-brand":[330],"product_cat":[30],"product_tag":[],"class_list":{"0":"post-49331","1":"product","2":"type-product","3":"status-publish","5":"pwb-brand-vaico","6":"product_cat-oljynsuodatin","7":"desktop-align-left","8":"tablet-align-left","9":"mobile-align-left","11":"first","12":"instock","13":"product-type-external"},"brands":[{"id":330,"name":"VAICO","slug":"vaico"}],"_links":{"self":[{"href":"https:\/\/www.autonvaraosahaku.fi\/index.php?rest_route=\/wp\/v2\/product\/49331","targetHints":{"allow":["GET"]}}],"collection":[{"href":"https:\/\/www.autonvaraosahaku.fi\/index.php?rest_route=\/wp\/v2\/product"}],"about":[{"href":"https:\/\/www.autonvaraosahaku.fi\/index.php?rest_route=\/wp\/v2\/types\/product"}],"wp:attachment":[{"href":"https:\/\/www.autonvaraosahaku.fi\/index.php?rest_route=%2Fwp%2Fv2%2Fmedia&parent=49331"}],"wp:term":[{"taxonomy":"pwb-brand","embeddable":true,"href":"https:\/\/www.autonvaraosahaku.fi\/index.php?rest_route=%2Fwp%2Fv2%2Fpwb-brand&post=49331"},{"taxonomy":"product_cat","embeddable":true,"href":"https:\/\/www.autonvaraosahaku.fi\/index.php?rest_route=%2Fwp%2Fv2%2Fproduct_cat&post=49331"},{"taxonomy":"product_tag","embeddable":true,"href":"https:\/\/www.autonvaraosahaku.fi\/index.php?rest_route=%2Fwp%2Fv2%2Fproduct_tag&post=49331"}],"curies":[{"name":"wp","href":"https:\/\/api.w.org\/{rel}","templated":true}]}}