{"id":49412,"date":"2021-02-21T17:26:27","date_gmt":"2021-02-21T17:26:27","guid":{"rendered":"https:\/\/www.autonvaraosahaku.fi\/?product=swag-20-92-4094-hehkutulppa"},"modified":"2021-02-21T17:26:30","modified_gmt":"2021-02-21T17:26:30","slug":"swag-20-92-4094-hehkutulppa","status":"publish","type":"product","link":"https:\/\/www.autonvaraosahaku.fi\/?product=swag-20-92-4094-hehkutulppa","title":{"rendered":"SWAG 20 92 4094 Hehkutulppa"},"content":{"rendered":"<p>Asennussyvyys (mm): 32; Pituus (mm): 106,5; Ulkokierre [mm]: M10 x 1; Avainv\u00e4li: 10; J\u00e4nnite (V): 5; Paino [kg]: 0,025; Hehkutulppatyyppi: j\u00e4lkihehkutuksenkest\u00e4v\u00e4, j\u00e4lkihehkutuksenkest\u00e4v\u00e4; Moottorinumero: M47N2; BMW: 3 E46,3 Touring E91,3 E90,5 E60,1 E87,5 Touring E61,3 Touring E46,X3 E83,3 Compact E46,3 Coupe E46,X5 E70,X5 E53,3 Coupe E92,3 Cabriolet E46,3 Cabriolet E93,7 E65, E66, E67,X6 E71, E72,6 E63,6 Cabriolet E64; 12237786869<\/p>\n","protected":false},"excerpt":{"rendered":"<p>SWAG Hehkutulppa 20 92 4094  BMW,3 E46,3 Touring E91,3 E90,5 E60,1 E87,5 Touring E61,3 Touring E46,X3 E83,3 Compact E46,3 Coupe E46,X5 E70,X5 E53<\/p>\n","protected":false},"featured_media":0,"template":"","meta":{"site-sidebar-layout":"default","site-content-layout":"default","ast-global-header-display":"","ast-main-header-display":"","ast-hfb-above-header-display":"","ast-hfb-below-header-display":"","ast-hfb-mobile-header-display":"","site-post-title":"","ast-breadcrumbs-content":"","ast-featured-img":"","footer-sml-layout":"","theme-transparent-header-meta":"","adv-header-id-meta":"","stick-header-meta":"","header-above-stick-meta":"","header-main-stick-meta":"","header-below-stick-meta":""},"pwb-brand":[103],"product_cat":[52],"product_tag":[],"class_list":{"0":"post-49412","1":"product","2":"type-product","3":"status-publish","5":"pwb-brand-swag","6":"product_cat-hehkutulppa","7":"desktop-align-left","8":"tablet-align-left","9":"mobile-align-left","11":"first","12":"instock","13":"product-type-external"},"brands":[{"id":103,"name":"SWAG","slug":"swag"}],"_links":{"self":[{"href":"https:\/\/www.autonvaraosahaku.fi\/index.php?rest_route=\/wp\/v2\/product\/49412","targetHints":{"allow":["GET"]}}],"collection":[{"href":"https:\/\/www.autonvaraosahaku.fi\/index.php?rest_route=\/wp\/v2\/product"}],"about":[{"href":"https:\/\/www.autonvaraosahaku.fi\/index.php?rest_route=\/wp\/v2\/types\/product"}],"wp:attachment":[{"href":"https:\/\/www.autonvaraosahaku.fi\/index.php?rest_route=%2Fwp%2Fv2%2Fmedia&parent=49412"}],"wp:term":[{"taxonomy":"pwb-brand","embeddable":true,"href":"https:\/\/www.autonvaraosahaku.fi\/index.php?rest_route=%2Fwp%2Fv2%2Fpwb-brand&post=49412"},{"taxonomy":"product_cat","embeddable":true,"href":"https:\/\/www.autonvaraosahaku.fi\/index.php?rest_route=%2Fwp%2Fv2%2Fproduct_cat&post=49412"},{"taxonomy":"product_tag","embeddable":true,"href":"https:\/\/www.autonvaraosahaku.fi\/index.php?rest_route=%2Fwp%2Fv2%2Fproduct_tag&post=49412"}],"curies":[{"name":"wp","href":"https:\/\/api.w.org\/{rel}","templated":true}]}}