{"id":49422,"date":"2021-02-21T17:26:32","date_gmt":"2021-02-21T17:26:32","guid":{"rendered":"https:\/\/www.autonvaraosahaku.fi\/?product=topran-108-184-termostaatti"},"modified":"2021-02-21T17:26:33","modified_gmt":"2021-02-21T17:26:33","slug":"topran-108-184-termostaatti","status":"publish","type":"product","link":"https:\/\/www.autonvaraosahaku.fi\/?product=topran-108-184-termostaatti","title":{"rendered":"TOPRAN 108 184 Termostaatti"},"content":{"rendered":"<p>Korvaava tuote\/korvaava tiedote 2: Termostaatilla, Kannella, Ruuveilla; L\u00e4mmityslaite \/ j\u00e4\u00e4hdytys: kahdella termokatkaisijaliittimell\u00e4; Kotelomalli: Muovikotelo; Lis\u00e4tarvike\/lis\u00e4tieto: Tiivisteill\u00e4, L\u00e4mp\u00f6anturilla; Asennusmalli: Esiasennettu; Avausl\u00e4mp\u00f6tila [\u00b0C]: 87; Sensorien m\u00e4\u00e4r\u00e4: 1; Kotelomateriaali: Lasikuitu-muovi; Moottorinumero: AEE; VW: LUPO 6X1, 6E1,GOLF III 1H1,POLO 6N1,GOLF III Variant 1H5,POLO CLASSIC 6KV2,VENTO 1H2,CADDY II Kombi 9K9B,CADDY II Pick-up 9U7; SKODA: FELICIA I 6U1,FELICIA I Fun 797,FELICIA II Kombi 6U5; SEAT: AROSA 6H,IBIZA II 6K1,CORDOBA 6K1, 6K2,INCA 6K9; 032121111D, 032121111N, 032121111D, 032121111N, 032121111D, 032121111N<\/p>\n","protected":false},"excerpt":{"rendered":"<p>TOPRAN Termostaattikotelo 108 184  VW,SKODA,SEAT,LUPO 6X1, 6E1,GOLF III 1H1,POLO 6N1,GOLF III Variant 1H5,POLO CLASSIC 6KV2,VENTO 1H2<\/p>\n","protected":false},"featured_media":0,"template":"","meta":{"site-sidebar-layout":"default","site-content-layout":"default","ast-global-header-display":"","ast-main-header-display":"","ast-hfb-above-header-display":"","ast-hfb-below-header-display":"","ast-hfb-mobile-header-display":"","site-post-title":"","ast-breadcrumbs-content":"","ast-featured-img":"","footer-sml-layout":"","theme-transparent-header-meta":"","adv-header-id-meta":"","stick-header-meta":"","header-above-stick-meta":"","header-main-stick-meta":"","header-below-stick-meta":""},"pwb-brand":[18],"product_cat":[174],"product_tag":[],"class_list":{"0":"post-49422","1":"product","2":"type-product","3":"status-publish","5":"pwb-brand-topran","6":"product_cat-termostaatti","7":"desktop-align-left","8":"tablet-align-left","9":"mobile-align-left","11":"first","12":"instock","13":"product-type-external"},"brands":[{"id":18,"name":"TOPRAN","slug":"topran"}],"_links":{"self":[{"href":"https:\/\/www.autonvaraosahaku.fi\/index.php?rest_route=\/wp\/v2\/product\/49422","targetHints":{"allow":["GET"]}}],"collection":[{"href":"https:\/\/www.autonvaraosahaku.fi\/index.php?rest_route=\/wp\/v2\/product"}],"about":[{"href":"https:\/\/www.autonvaraosahaku.fi\/index.php?rest_route=\/wp\/v2\/types\/product"}],"wp:attachment":[{"href":"https:\/\/www.autonvaraosahaku.fi\/index.php?rest_route=%2Fwp%2Fv2%2Fmedia&parent=49422"}],"wp:term":[{"taxonomy":"pwb-brand","embeddable":true,"href":"https:\/\/www.autonvaraosahaku.fi\/index.php?rest_route=%2Fwp%2Fv2%2Fpwb-brand&post=49422"},{"taxonomy":"product_cat","embeddable":true,"href":"https:\/\/www.autonvaraosahaku.fi\/index.php?rest_route=%2Fwp%2Fv2%2Fproduct_cat&post=49422"},{"taxonomy":"product_tag","embeddable":true,"href":"https:\/\/www.autonvaraosahaku.fi\/index.php?rest_route=%2Fwp%2Fv2%2Fproduct_tag&post=49422"}],"curies":[{"name":"wp","href":"https:\/\/api.w.org\/{rel}","templated":true}]}}