{"id":49424,"date":"2021-02-21T17:26:32","date_gmt":"2021-02-21T17:26:32","guid":{"rendered":"https:\/\/www.autonvaraosahaku.fi\/?product=topran-206-998-taka-akselin-puslat"},"modified":"2021-02-21T17:26:34","modified_gmt":"2021-02-21T17:26:34","slug":"topran-206-998-taka-akselin-puslat","status":"publish","type":"product","link":"https:\/\/www.autonvaraosahaku.fi\/?product=topran-206-998-taka-akselin-puslat","title":{"rendered":"TOPRAN 206 998 Taka-akselin puslat"},"content":{"rendered":"<p>Asennuspuoli: Taka-akseli, molemminpuolinen; Kiinnitysmalli: Kumimetallilaakeri; Lukum\u00e4\u00e4r\u00e4 akselille: 2; Vaihdettava pareittain: ; Moottorinumero: LJ7\/Z1.6XEP; OPEL: ZAFIRA B A05,ASTRA H Caravan L35,ASTRA H L48,ASTRA H GTC L08,MERIVA B,ASTRA H TwinTop L67,ASTRA H Stufenheck L69,ASTRA H Kasten L70; VAUXHALL: ZAFIRA Mk II B M75,ASTRA Mk V H CC,ASTRA Mk V H Estate,ASTRA Mk V H Convertible,ASTRA Mk IV G Sedan,MERIVA Mk II B,ASTRAVAN Mk V H; 0402952, 402952, 5402637, 13110418, 13267215; Apurungon Puslat,Akselinripustus<\/p>\n","protected":false},"excerpt":{"rendered":"<p>TOPRAN Taka-akselin Puslat 206 998 Apurungon Puslat,Akselinripustus OPEL,VAUXHALL,ZAFIRA B A05,ASTRA H Caravan L35,ASTRA H L48,ASTRA H GTC L08<\/p>\n","protected":false},"featured_media":0,"template":"","meta":{"site-sidebar-layout":"default","site-content-layout":"default","ast-global-header-display":"","ast-main-header-display":"","ast-hfb-above-header-display":"","ast-hfb-below-header-display":"","ast-hfb-mobile-header-display":"","site-post-title":"","ast-breadcrumbs-content":"","ast-featured-img":"","footer-sml-layout":"","theme-transparent-header-meta":"","adv-header-id-meta":"","stick-header-meta":"","header-above-stick-meta":"","header-main-stick-meta":"","header-below-stick-meta":""},"pwb-brand":[18],"product_cat":[156],"product_tag":[],"class_list":{"0":"post-49424","1":"product","2":"type-product","3":"status-publish","5":"pwb-brand-topran","6":"product_cat-taka-akselin-puslat","7":"desktop-align-left","8":"tablet-align-left","9":"mobile-align-left","11":"first","12":"instock","13":"product-type-external"},"brands":[{"id":18,"name":"TOPRAN","slug":"topran"}],"_links":{"self":[{"href":"https:\/\/www.autonvaraosahaku.fi\/index.php?rest_route=\/wp\/v2\/product\/49424","targetHints":{"allow":["GET"]}}],"collection":[{"href":"https:\/\/www.autonvaraosahaku.fi\/index.php?rest_route=\/wp\/v2\/product"}],"about":[{"href":"https:\/\/www.autonvaraosahaku.fi\/index.php?rest_route=\/wp\/v2\/types\/product"}],"wp:attachment":[{"href":"https:\/\/www.autonvaraosahaku.fi\/index.php?rest_route=%2Fwp%2Fv2%2Fmedia&parent=49424"}],"wp:term":[{"taxonomy":"pwb-brand","embeddable":true,"href":"https:\/\/www.autonvaraosahaku.fi\/index.php?rest_route=%2Fwp%2Fv2%2Fpwb-brand&post=49424"},{"taxonomy":"product_cat","embeddable":true,"href":"https:\/\/www.autonvaraosahaku.fi\/index.php?rest_route=%2Fwp%2Fv2%2Fproduct_cat&post=49424"},{"taxonomy":"product_tag","embeddable":true,"href":"https:\/\/www.autonvaraosahaku.fi\/index.php?rest_route=%2Fwp%2Fv2%2Fproduct_tag&post=49424"}],"curies":[{"name":"wp","href":"https:\/\/api.w.org\/{rel}","templated":true}]}}