{"id":49425,"date":"2021-02-21T17:26:32","date_gmt":"2021-02-21T17:26:32","guid":{"rendered":"https:\/\/www.autonvaraosahaku.fi\/?product=topran-108-134-kallistuksenvakaajan-puslat"},"modified":"2021-02-21T17:26:34","modified_gmt":"2021-02-21T17:26:34","slug":"topran-108-134-kallistuksenvakaajan-puslat","status":"publish","type":"product","link":"https:\/\/www.autonvaraosahaku.fi\/?product=topran-108-134-kallistuksenvakaajan-puslat","title":{"rendered":"TOPRAN 108 134 Kallistuksenvakaajan puslat"},"content":{"rendered":"<p>Asennuspuoli: etuakseli molemminpuoleinen; Kiinnitysmalli: Kumilaakeri; Vaihdettava pareittain: ; Lukum\u00e4\u00e4r\u00e4 akselille: 2; Kallistuksenvakaajan l\u00e4pimitta [mm]: 23; VW: GOLF IV 1J1,GOLF IV Variant 1J5,BORA 1J2,NEW BEETLE 9C1, 1C1,BORA Kombi 1J6,NEW BEETLE Cabriolet 1Y7; AUDI: TT 8N3,TT Roadster 8N9; SKODA: OCTAVIA Combi 1U5,OCTAVIA 1U2; SEAT: LEON 1M1,TOLEDO II 1M2; 1J0411314G, 1J0411314T, 1J0411314G, 1J0411314T, 1J0411314G, 1J0411314T, 1J0411314G, 1J0411314T; Kallistuksenvakaajan Kumit,Vakaajan Hela<\/p>\n","protected":false},"excerpt":{"rendered":"<p>TOPRAN Kallistuksenvakaajan Puslat 108 134 Kallistuksenvakaajan Kumit,Vakaajan Hela VW,AUDI,SKODA,GOLF IV 1J1,GOLF IV Variant 1J5,BORA 1J2<\/p>\n","protected":false},"featured_media":0,"template":"","meta":{"site-sidebar-layout":"default","site-content-layout":"default","ast-global-header-display":"","ast-main-header-display":"","ast-hfb-above-header-display":"","ast-hfb-below-header-display":"","ast-hfb-mobile-header-display":"","site-post-title":"","ast-breadcrumbs-content":"","ast-featured-img":"","footer-sml-layout":"","theme-transparent-header-meta":"","adv-header-id-meta":"","stick-header-meta":"","header-above-stick-meta":"","header-main-stick-meta":"","header-below-stick-meta":""},"pwb-brand":[18],"product_cat":[82],"product_tag":[],"class_list":{"0":"post-49425","1":"product","2":"type-product","3":"status-publish","5":"pwb-brand-topran","6":"product_cat-kallistuksenvakaajan-puslat","7":"desktop-align-left","8":"tablet-align-left","9":"mobile-align-left","11":"first","12":"instock","13":"product-type-external"},"brands":[{"id":18,"name":"TOPRAN","slug":"topran"}],"_links":{"self":[{"href":"https:\/\/www.autonvaraosahaku.fi\/index.php?rest_route=\/wp\/v2\/product\/49425","targetHints":{"allow":["GET"]}}],"collection":[{"href":"https:\/\/www.autonvaraosahaku.fi\/index.php?rest_route=\/wp\/v2\/product"}],"about":[{"href":"https:\/\/www.autonvaraosahaku.fi\/index.php?rest_route=\/wp\/v2\/types\/product"}],"wp:attachment":[{"href":"https:\/\/www.autonvaraosahaku.fi\/index.php?rest_route=%2Fwp%2Fv2%2Fmedia&parent=49425"}],"wp:term":[{"taxonomy":"pwb-brand","embeddable":true,"href":"https:\/\/www.autonvaraosahaku.fi\/index.php?rest_route=%2Fwp%2Fv2%2Fpwb-brand&post=49425"},{"taxonomy":"product_cat","embeddable":true,"href":"https:\/\/www.autonvaraosahaku.fi\/index.php?rest_route=%2Fwp%2Fv2%2Fproduct_cat&post=49425"},{"taxonomy":"product_tag","embeddable":true,"href":"https:\/\/www.autonvaraosahaku.fi\/index.php?rest_route=%2Fwp%2Fv2%2Fproduct_tag&post=49425"}],"curies":[{"name":"wp","href":"https:\/\/api.w.org\/{rel}","templated":true}]}}