{"id":49428,"date":"2021-02-21T17:26:32","date_gmt":"2021-02-21T17:26:32","guid":{"rendered":"https:\/\/www.autonvaraosahaku.fi\/?product=topran-107-353-oljytikku"},"modified":"2021-02-21T17:26:35","modified_gmt":"2021-02-21T17:26:35","slug":"topran-107-353-oljytikku","status":"publish","type":"product","link":"https:\/\/www.autonvaraosahaku.fi\/?product=topran-107-353-oljytikku","title":{"rendered":"TOPRAN 107 353 \u00d6ljytikku"},"content":{"rendered":"<p>Materiaali: Muovi; V\u00e4ri: Oranssi; Runkomateriaali: Ter\u00e4s; Kokonaispituus (mm): 524; Alustanumerosta: ..-D-641910; VW: GOLF III 1H1,SHARAN 7M8, 7M9, 7M6,GOLF II 19E, 1G1,PASSAT Variant 3A5, 35I,NEW BEETLE 9C1, 1C1,PASSAT 3A2, 35I,POLO CLASSIC 6KV2,VENTO 1H2,GOLF I 17,JETTA II 19E, 1G2, 165,CADDY II Kombi 9K9B,JETTA I 16; SEAT: ALHAMBRA 7V8, 7V9,IBIZA II 6K1,CORDOBA 6K1, 6K2,TOLEDO I 1L,INCA 6K9; 027115611C, 027115611C; \u00d6ljyn Mittatikku<\/p>\n","protected":false},"excerpt":{"rendered":"<p>TOPRAN \u00d6ljytikku 107 353 \u00d6ljyn Mittatikku VW,SEAT,GOLF III 1H1,SHARAN 7M8, 7M9, 7M6,GOLF II 19E, 1G1,PASSAT Variant 3A5, 35I,NEW BEETLE 9C1, 1C1<\/p>\n","protected":false},"featured_media":0,"template":"","meta":{"site-sidebar-layout":"default","site-content-layout":"default","ast-global-header-display":"","ast-main-header-display":"","ast-hfb-above-header-display":"","ast-hfb-below-header-display":"","ast-hfb-mobile-header-display":"","site-post-title":"","ast-breadcrumbs-content":"","ast-featured-img":"","footer-sml-layout":"","theme-transparent-header-meta":"","adv-header-id-meta":"","stick-header-meta":"","header-above-stick-meta":"","header-main-stick-meta":"","header-below-stick-meta":""},"pwb-brand":[18],"product_cat":[71],"product_tag":[],"class_list":{"0":"post-49428","1":"product","2":"type-product","3":"status-publish","5":"pwb-brand-topran","6":"product_cat-oljytikku","7":"desktop-align-left","8":"tablet-align-left","9":"mobile-align-left","11":"first","12":"instock","13":"product-type-external"},"brands":[{"id":18,"name":"TOPRAN","slug":"topran"}],"_links":{"self":[{"href":"https:\/\/www.autonvaraosahaku.fi\/index.php?rest_route=\/wp\/v2\/product\/49428","targetHints":{"allow":["GET"]}}],"collection":[{"href":"https:\/\/www.autonvaraosahaku.fi\/index.php?rest_route=\/wp\/v2\/product"}],"about":[{"href":"https:\/\/www.autonvaraosahaku.fi\/index.php?rest_route=\/wp\/v2\/types\/product"}],"wp:attachment":[{"href":"https:\/\/www.autonvaraosahaku.fi\/index.php?rest_route=%2Fwp%2Fv2%2Fmedia&parent=49428"}],"wp:term":[{"taxonomy":"pwb-brand","embeddable":true,"href":"https:\/\/www.autonvaraosahaku.fi\/index.php?rest_route=%2Fwp%2Fv2%2Fpwb-brand&post=49428"},{"taxonomy":"product_cat","embeddable":true,"href":"https:\/\/www.autonvaraosahaku.fi\/index.php?rest_route=%2Fwp%2Fv2%2Fproduct_cat&post=49428"},{"taxonomy":"product_tag","embeddable":true,"href":"https:\/\/www.autonvaraosahaku.fi\/index.php?rest_route=%2Fwp%2Fv2%2Fproduct_tag&post=49428"}],"curies":[{"name":"wp","href":"https:\/\/api.w.org\/{rel}","templated":true}]}}