{"id":49440,"date":"2021-02-21T17:26:38","date_gmt":"2021-02-21T17:26:38","guid":{"rendered":"https:\/\/www.autonvaraosahaku.fi\/?product=mahle-original-kl-84-polttoainesuodatin"},"modified":"2021-02-21T17:26:38","modified_gmt":"2021-02-21T17:26:38","slug":"mahle-original-kl-84-polttoainesuodatin","status":"publish","type":"product","link":"https:\/\/www.autonvaraosahaku.fi\/?product=mahle-original-kl-84-polttoainesuodatin","title":{"rendered":"MAHLE ORIGINAL KL 84 Polttoainesuodatin"},"content":{"rendered":"<p>Suodatintyyppi: Letkusuodatin; L\u00e4pimitta [mm]: 60,0; Kopan l\u00e4pimitta (mm): 54,5; Korkeus (mm): 153,6; L\u00e4pimitta 2 [mm]: 7,89, 7,89; L\u00e4pimitta 3 [mm]: 7,89, 7,89, 7,89; S\u00e4\u00e4din: Ilman paineens\u00e4\u00e4dint\u00e4; Valmistusvuosi alkaen: 10\/1997; VW: GOLF V 1K1,POLO 9N_,TOURAN 1T1, 1T2,GOLF PLUS 5M1, 521,LUPO 6X1, 6E1,POLO 6N2,POLO 6N1,FOX 5Z1, 5Z3,POLO Variant 6KV5,POLO CLASSIC 6KV2,POLO Stufenheck 9A4,POLO PLAYA; AUDI: A3 8P1,A3 Sportback 8PA,A2 8Z0; LADA: KALINA Stufenheck 1118; SKODA: FABIA Combi 6Y5,FABIA 6Y2,FABIA Stufenheck 6Y3,FABIA Praktik; SEAT: IBIZA IV 6L1,AROSA 6H,IBIZA II 6K1,CORDOBA 6K1, 6K2,CORDOBA Vario 6K1; SAAB: 9-3 YS3F,9-3 Kombi YS3F,9-5 YS3E,9-3 Cabriolet YS3F,9-3X; 6X0201511, 6X0201511B, 6X0201511, 6X0201511B, F89Z9155AA, 6QE201511, 6X0201511, 6X0201511B, 6X201511B<\/p>\n","protected":false},"excerpt":{"rendered":"<p>MAHLE ORIGINAL Polttoainesuodatin KL 84  VW,AUDI,LADA,GOLF V 1K1,POLO 9N_,TOURAN 1T1, 1T2,GOLF PLUS 5M1, 521,LUPO 6X1, 6E1,POLO 6N2,POLO 6N1<\/p>\n","protected":false},"featured_media":0,"template":"","meta":{"site-sidebar-layout":"default","site-content-layout":"default","ast-global-header-display":"","ast-main-header-display":"","ast-hfb-above-header-display":"","ast-hfb-below-header-display":"","ast-hfb-mobile-header-display":"","site-post-title":"","ast-breadcrumbs-content":"","ast-featured-img":"","footer-sml-layout":"","theme-transparent-header-meta":"","adv-header-id-meta":"","stick-header-meta":"","header-above-stick-meta":"","header-main-stick-meta":"","header-below-stick-meta":""},"pwb-brand":[153],"product_cat":[29],"product_tag":[],"class_list":{"0":"post-49440","1":"product","2":"type-product","3":"status-publish","5":"pwb-brand-mahle-original","6":"product_cat-polttoainesuodatin","7":"desktop-align-left","8":"tablet-align-left","9":"mobile-align-left","11":"first","12":"instock","13":"product-type-external"},"brands":[{"id":153,"name":"MAHLE ORIGINAL","slug":"mahle-original"}],"_links":{"self":[{"href":"https:\/\/www.autonvaraosahaku.fi\/index.php?rest_route=\/wp\/v2\/product\/49440","targetHints":{"allow":["GET"]}}],"collection":[{"href":"https:\/\/www.autonvaraosahaku.fi\/index.php?rest_route=\/wp\/v2\/product"}],"about":[{"href":"https:\/\/www.autonvaraosahaku.fi\/index.php?rest_route=\/wp\/v2\/types\/product"}],"wp:attachment":[{"href":"https:\/\/www.autonvaraosahaku.fi\/index.php?rest_route=%2Fwp%2Fv2%2Fmedia&parent=49440"}],"wp:term":[{"taxonomy":"pwb-brand","embeddable":true,"href":"https:\/\/www.autonvaraosahaku.fi\/index.php?rest_route=%2Fwp%2Fv2%2Fpwb-brand&post=49440"},{"taxonomy":"product_cat","embeddable":true,"href":"https:\/\/www.autonvaraosahaku.fi\/index.php?rest_route=%2Fwp%2Fv2%2Fproduct_cat&post=49440"},{"taxonomy":"product_tag","embeddable":true,"href":"https:\/\/www.autonvaraosahaku.fi\/index.php?rest_route=%2Fwp%2Fv2%2Fproduct_tag&post=49440"}],"curies":[{"name":"wp","href":"https:\/\/api.w.org\/{rel}","templated":true}]}}