{"id":49465,"date":"2021-02-21T17:26:43","date_gmt":"2021-02-21T17:26:43","guid":{"rendered":"https:\/\/www.autonvaraosahaku.fi\/?product=mapco-33459-tukivarren-hela"},"modified":"2021-02-21T17:26:45","modified_gmt":"2021-02-21T17:26:45","slug":"mapco-33459-tukivarren-hela","status":"publish","type":"product","link":"https:\/\/www.autonvaraosahaku.fi\/?product=mapco-33459-tukivarren-hela","title":{"rendered":"MAPCO 33459 Tukivarren hela"},"content":{"rendered":"<p>Kiinnitysmalli: Kumimetallilaakeri; Ohjausmalli: Poikittaistukivarrelle; Asennuspuoli: etuakseli molemminpuoleinen, Yl\u00e4puolella, Sisempi; Tarvittava kappalem\u00e4\u00e4r\u00e4: 2; CITRO\u00cbN: C5 III Break TD_,C5 III RD_,C6 TD_; PEUGEOT: 407 SW 6E_,407 6D_,407 Coupe 6C_; 3523AV, 3523CA, 3523AV, 3523CA<\/p>\n","protected":false},"excerpt":{"rendered":"<p>MAPCO Tukivarren Hela 33459  CITRO\u00cbN,PEUGEOT,C5 III Break TD_,C5 III RD_,C6 TD_,407 SW 6E_,407 6D_,407 Coupe 6C_<\/p>\n","protected":false},"featured_media":0,"template":"","meta":{"site-sidebar-layout":"default","site-content-layout":"default","ast-global-header-display":"","ast-main-header-display":"","ast-hfb-above-header-display":"","ast-hfb-below-header-display":"","ast-hfb-mobile-header-display":"","site-post-title":"","ast-breadcrumbs-content":"","ast-featured-img":"","footer-sml-layout":"","theme-transparent-header-meta":"","adv-header-id-meta":"","stick-header-meta":"","header-above-stick-meta":"","header-main-stick-meta":"","header-below-stick-meta":""},"pwb-brand":[36],"product_cat":[115],"product_tag":[],"class_list":{"0":"post-49465","1":"product","2":"type-product","3":"status-publish","5":"pwb-brand-mapco","6":"product_cat-tukivarren-hela","7":"desktop-align-left","8":"tablet-align-left","9":"mobile-align-left","11":"first","12":"instock","13":"product-type-external"},"brands":[{"id":36,"name":"MAPCO","slug":"mapco"}],"_links":{"self":[{"href":"https:\/\/www.autonvaraosahaku.fi\/index.php?rest_route=\/wp\/v2\/product\/49465","targetHints":{"allow":["GET"]}}],"collection":[{"href":"https:\/\/www.autonvaraosahaku.fi\/index.php?rest_route=\/wp\/v2\/product"}],"about":[{"href":"https:\/\/www.autonvaraosahaku.fi\/index.php?rest_route=\/wp\/v2\/types\/product"}],"wp:attachment":[{"href":"https:\/\/www.autonvaraosahaku.fi\/index.php?rest_route=%2Fwp%2Fv2%2Fmedia&parent=49465"}],"wp:term":[{"taxonomy":"pwb-brand","embeddable":true,"href":"https:\/\/www.autonvaraosahaku.fi\/index.php?rest_route=%2Fwp%2Fv2%2Fpwb-brand&post=49465"},{"taxonomy":"product_cat","embeddable":true,"href":"https:\/\/www.autonvaraosahaku.fi\/index.php?rest_route=%2Fwp%2Fv2%2Fproduct_cat&post=49465"},{"taxonomy":"product_tag","embeddable":true,"href":"https:\/\/www.autonvaraosahaku.fi\/index.php?rest_route=%2Fwp%2Fv2%2Fproduct_tag&post=49465"}],"curies":[{"name":"wp","href":"https:\/\/api.w.org\/{rel}","templated":true}]}}