{"id":49466,"date":"2021-02-21T17:26:43","date_gmt":"2021-02-21T17:26:43","guid":{"rendered":"https:\/\/www.autonvaraosahaku.fi\/?product=elring-004-450-kampiakselin-tiiviste"},"modified":"2021-02-21T17:26:45","modified_gmt":"2021-02-21T17:26:45","slug":"elring-004-450-kampiakselin-tiiviste","status":"publish","type":"product","link":"https:\/\/www.autonvaraosahaku.fi\/?product=elring-004-450-kampiakselin-tiiviste","title":{"rendered":"ELRING 004.450 Kampiakselin tiiviste"},"content":{"rendered":"<p>Sis\u00e4l\u00e4pimitta [mm]: 61; Ulkol\u00e4pimitta [mm]: 75; Korkeus (mm): 8; Akselitiivisteen malli: ASW; Rihlamalli: Oikea kierre; Materiaali: PTFE (polytetrafluorietyleeni)\/ACM (polyakryyli-kumi); Suojavaippa: Suojakumilla; Korvaava tuote\/korvaava tiedote 2: asennushylsyll\u00e4; Huomioi asennusoohje: ; Asennuspuoli: stirnseitig; BMW: 1 F20,3 Touring F31,3 F30, F35, F80,1 F21; OPEL: CROSSLAND X,GRANDLAND X A18; MINI: MINI R56,MINI CLUBMAN R55,MINI Cabriolet R57,MINI COUNTRYMAN R60,MINI Coupe R58,MINI Roadster R59,MINI PACEMAN R61,MINI CLUBVAN R55; TOYOTA: AYGO PAB4_, KGB4_; CITRO\u00cbN: BERLINGO B9,C5 III Break TD_,C4 Picasso I UD_,C4 Grand Picasso I UA_,C4 I LC_,DS3,C3 Picasso,C5 III RD_,C3 II,C4 Coupe LA_,C4 II B7,BERLINGO Kasten B9,C4 Grand Picasso II,C4 Picasso II,DS4,DS5,DS3 Cabriolet,C-ELYSEE,C1 II,C4 CACTUS,C3 III SX,C3 AIRCROSS II,C4 Stufenheck N; PEUGEOT: 207 WA_, WC_,207 CC WD_,207 SW WK_,308 SW,208,308 4A_, 4C_,5008,508 SW,3008,PARTNER Tepee,RCZ,308 CC,2008,508,PARTNER Kasten,207 Stufenheck,308 II,301,308 SW II,108,408,3008 SUV,5008 II,208 Kasten; DS: DS 3,DS5,DS7 Crossback,DS 4 \/ DS 4 CROSSBACK,DS 3 Cabriolet; VAUXHALL: CROSSLAND X,GRANDLAND X A18; 11117568264, 0514C8, 9803288780, 9835304280, 11117568264, 3639588, 0514C8, 9803288780, 9835304280; Akselitiiviste, Kampiakseli<\/p>\n","protected":false},"excerpt":{"rendered":"<p>ELRING Kampiakselin Tiiviste 004.450 Akselitiiviste, Kampiakseli BMW,OPEL,MINI,1 F20,3 Touring F31,3 F30, F35, F80,1 F21,CROSSLAND X,GRANDLAND X A18<\/p>\n","protected":false},"featured_media":0,"template":"","meta":{"site-sidebar-layout":"default","site-content-layout":"default","ast-global-header-display":"","ast-main-header-display":"","ast-hfb-above-header-display":"","ast-hfb-below-header-display":"","ast-hfb-mobile-header-display":"","site-post-title":"","ast-breadcrumbs-content":"","ast-featured-img":"","footer-sml-layout":"","theme-transparent-header-meta":"","adv-header-id-meta":"","stick-header-meta":"","header-above-stick-meta":"","header-main-stick-meta":"","header-below-stick-meta":""},"pwb-brand":[26],"product_cat":[88],"product_tag":[],"class_list":{"0":"post-49466","1":"product","2":"type-product","3":"status-publish","5":"pwb-brand-elring","6":"product_cat-kampiakselin-tiiviste","7":"desktop-align-left","8":"tablet-align-left","9":"mobile-align-left","11":"first","12":"instock","13":"product-type-external"},"brands":[{"id":26,"name":"ELRING","slug":"elring"}],"_links":{"self":[{"href":"https:\/\/www.autonvaraosahaku.fi\/index.php?rest_route=\/wp\/v2\/product\/49466","targetHints":{"allow":["GET"]}}],"collection":[{"href":"https:\/\/www.autonvaraosahaku.fi\/index.php?rest_route=\/wp\/v2\/product"}],"about":[{"href":"https:\/\/www.autonvaraosahaku.fi\/index.php?rest_route=\/wp\/v2\/types\/product"}],"wp:attachment":[{"href":"https:\/\/www.autonvaraosahaku.fi\/index.php?rest_route=%2Fwp%2Fv2%2Fmedia&parent=49466"}],"wp:term":[{"taxonomy":"pwb-brand","embeddable":true,"href":"https:\/\/www.autonvaraosahaku.fi\/index.php?rest_route=%2Fwp%2Fv2%2Fpwb-brand&post=49466"},{"taxonomy":"product_cat","embeddable":true,"href":"https:\/\/www.autonvaraosahaku.fi\/index.php?rest_route=%2Fwp%2Fv2%2Fproduct_cat&post=49466"},{"taxonomy":"product_tag","embeddable":true,"href":"https:\/\/www.autonvaraosahaku.fi\/index.php?rest_route=%2Fwp%2Fv2%2Fproduct_tag&post=49466"}],"curies":[{"name":"wp","href":"https:\/\/api.w.org\/{rel}","templated":true}]}}