{"id":49474,"date":"2021-02-21T17:26:43","date_gmt":"2021-02-21T17:26:43","guid":{"rendered":"https:\/\/www.autonvaraosahaku.fi\/?product=ufi-23-175-00-oljynsuodatin"},"modified":"2021-02-21T17:26:47","modified_gmt":"2021-02-21T17:26:47","slug":"ufi-23-175-00-oljynsuodatin","status":"publish","type":"product","link":"https:\/\/www.autonvaraosahaku.fi\/?product=ufi-23-175-00-oljynsuodatin","title":{"rendered":"UFI 23.175.00 \u00d6ljynsuodatin"},"content":{"rendered":"<p>Ulkol\u00e4pimitta [mm]: 75,0; Sis\u00e4l\u00e4pimitta 1 [mm]: 62,0; Ulkol\u00e4pimitta 2 [mm]: 71,5; Ulkol\u00e4pimitta 1 [mm]: 77,0; Kierremitta: 3\/4-16 UNF; Korkeus (mm): 97,0; Avauspaine ohitusventtiili [bar]: 1,0; Korvaava tuote\/korvaava tiedote 2: yhdell\u00e4 peruutuksenestoventtiilill\u00e4; Valmistusvuosi alkaen: 04\/1981; LANCIA: DELTA I 831AB0,KAPPA 838A,DELTA II 836,KAPPA SW 838B,KAPPA Coupe 838,DEDRA 835,Y10 156,PRISMA 831AB0; FIAT: PUNTO 176,PUNTO Cabriolet 176C,UNO 146A\/E,X 1\/9 128 AS,127,FIORINO Kasten 146,TIPO 160,128,TEMPRA 159,RITMO I 138A,TEMPRA S.W. 159,FIORINO Pick up 146,FIORINO 147,REGATA 138,RITMO Cabriolet,127 Panorama,128 Familiare,FIORINO 127,147,FIORINO Pick up 147,REGATA Weekend 138,147 Panorama,DUNA 146 B,ELBA 146_,DUNA Weekend 146 B; ALFA ROMEO: SPIDER 916S_,166 936,GTV 916C_,164 164,155 167; AUTOBIANCHI: Y10; ZASTAVA: 101 1100,YUGO,YUGO FLORIDA; INNOCENTI: ELBA 146; 0060574554, 4434792, 5939831, 60574554, 60810709, 5012555, 4434792, 46623334, 4662334, 46627520<\/p>\n","protected":false},"excerpt":{"rendered":"<p>UFI \u00d6ljynsuodatin 23.175.00  LANCIA,FIAT,ALFA ROMEO,DELTA I 831AB0,KAPPA 838A,DELTA II 836,KAPPA SW 838B,KAPPA Coupe 838,DEDRA 835,Y10 156<\/p>\n","protected":false},"featured_media":0,"template":"","meta":{"site-sidebar-layout":"default","site-content-layout":"default","ast-global-header-display":"","ast-main-header-display":"","ast-hfb-above-header-display":"","ast-hfb-below-header-display":"","ast-hfb-mobile-header-display":"","site-post-title":"","ast-breadcrumbs-content":"","ast-featured-img":"","footer-sml-layout":"","theme-transparent-header-meta":"","adv-header-id-meta":"","stick-header-meta":"","header-above-stick-meta":"","header-main-stick-meta":"","header-below-stick-meta":""},"pwb-brand":[109],"product_cat":[30],"product_tag":[],"class_list":{"0":"post-49474","1":"product","2":"type-product","3":"status-publish","5":"pwb-brand-ufi","6":"product_cat-oljynsuodatin","7":"desktop-align-left","8":"tablet-align-left","9":"mobile-align-left","11":"first","12":"instock","13":"product-type-external"},"brands":[{"id":109,"name":"UFI","slug":"ufi"}],"_links":{"self":[{"href":"https:\/\/www.autonvaraosahaku.fi\/index.php?rest_route=\/wp\/v2\/product\/49474","targetHints":{"allow":["GET"]}}],"collection":[{"href":"https:\/\/www.autonvaraosahaku.fi\/index.php?rest_route=\/wp\/v2\/product"}],"about":[{"href":"https:\/\/www.autonvaraosahaku.fi\/index.php?rest_route=\/wp\/v2\/types\/product"}],"wp:attachment":[{"href":"https:\/\/www.autonvaraosahaku.fi\/index.php?rest_route=%2Fwp%2Fv2%2Fmedia&parent=49474"}],"wp:term":[{"taxonomy":"pwb-brand","embeddable":true,"href":"https:\/\/www.autonvaraosahaku.fi\/index.php?rest_route=%2Fwp%2Fv2%2Fpwb-brand&post=49474"},{"taxonomy":"product_cat","embeddable":true,"href":"https:\/\/www.autonvaraosahaku.fi\/index.php?rest_route=%2Fwp%2Fv2%2Fproduct_cat&post=49474"},{"taxonomy":"product_tag","embeddable":true,"href":"https:\/\/www.autonvaraosahaku.fi\/index.php?rest_route=%2Fwp%2Fv2%2Fproduct_tag&post=49474"}],"curies":[{"name":"wp","href":"https:\/\/api.w.org\/{rel}","templated":true}]}}