{"id":49479,"date":"2021-02-21T17:26:49","date_gmt":"2021-02-21T17:26:49","guid":{"rendered":"https:\/\/www.autonvaraosahaku.fi\/?product=triscan-8530-10145-pyoranlaakerit"},"modified":"2021-02-21T17:26:49","modified_gmt":"2021-02-21T17:26:49","slug":"triscan-8530-10145-pyoranlaakerit","status":"publish","type":"product","link":"https:\/\/www.autonvaraosahaku.fi\/?product=triscan-8530-10145-pyoranlaakerit","title":{"rendered":"TRISCAN 8530 10145 Py\u00f6r\u00e4nlaakerit"},"content":{"rendered":"<p>Sis\u00e4l\u00e4pimitta [mm]: 37; Leveys (mm): 37; Ulkol\u00e4pimitta [mm]: 72; Korvaava tuote\/korvaava tiedote 2: sis\u00e4\u00e4nrakennetulla magneetti sensorirenkaalla; Valmistusvuosi alkaen: 04\/2007; NISSAN: MICRA III K12,NOTE E11,MICRA C+C K12; MERCEDES-BENZ: CITAN Kasten 415,CITAN Kombi 415,CITAN Mixto 415; DACIA: SANDERO,LOGAN MCV KS_,SANDERO II,LOGAN MCV II,LOGAN LS_,LOGAN EXPRESS FS_,LOGAN Pick-up US_,LOGAN II; SMART: FORTWO Coupe 453,FORFOUR Schr\u00e4gheck 453,FORTWO Cabriolet 453; RENAULT: CLIO III BR0\/1, CR0\/1,TWINGO II CN0_,MODUS \/ GRAND MODUS F\/JP0_,MEGANE II Kombi KM0\/1_,MEGANE II Coup\u00e9-Cabriolet EM0\/1_,CLIO IV,MEGANE II BM0\/1_, CM0\/1_,KANGOO \/ GRAND KANGOO KW0\/1_,CLIO Grandtour KR0\/1_,CAPTUR,KANGOO Express FW0\/1_,MEGANE II Stufenheck LM0\/1_,CLIO Grandtour IV,KANGOO BE BOP KW0\/1_,ZOE,CLIO III Kasten SB_, SR_,SANDERO\/STEPWAY I,LOGAN I Kombi KS_,TWINGO III,LOGAN I LS_,THALIA II LU1\/2_,LOGAN EXPRESS,CLIO IV Kasten,MEGANE II Kasten\/Kombi KM_,SANDERO\/STEPWAY II,MEGANE II Hatchback Van KM0\/2_,LOGAN II Kombi,LOGAN II,THALIA III; 402105733R, 6001550915, 7701207677, 4153340700, A4153340700, 40210AX000, 402102481R, 402105733R, 6001550915, 7701207677, 4533340200; Py\u00f6r\u00e4nlaakerisarja<\/p>\n","protected":false},"excerpt":{"rendered":"<p>TRISCAN Py\u00f6r\u00e4nlaakerit 8530 10145 Py\u00f6r\u00e4nlaakerisarja NISSAN,MERCEDES-BENZ,DACIA,MICRA III K12,NOTE E11,MICRA C+C K12,CITAN Kasten 415,CITAN Kombi 415<\/p>\n","protected":false},"featured_media":0,"template":"","meta":{"site-sidebar-layout":"default","site-content-layout":"default","ast-global-header-display":"","ast-main-header-display":"","ast-hfb-above-header-display":"","ast-hfb-below-header-display":"","ast-hfb-mobile-header-display":"","site-post-title":"","ast-breadcrumbs-content":"","ast-featured-img":"","footer-sml-layout":"","theme-transparent-header-meta":"","adv-header-id-meta":"","stick-header-meta":"","header-above-stick-meta":"","header-main-stick-meta":"","header-below-stick-meta":""},"pwb-brand":[337],"product_cat":[83],"product_tag":[],"class_list":{"0":"post-49479","1":"product","2":"type-product","3":"status-publish","5":"pwb-brand-triscan","6":"product_cat-pyoranlaakerit","7":"desktop-align-left","8":"tablet-align-left","9":"mobile-align-left","11":"first","12":"instock","13":"product-type-external"},"brands":[{"id":337,"name":"TRISCAN","slug":"triscan"}],"_links":{"self":[{"href":"https:\/\/www.autonvaraosahaku.fi\/index.php?rest_route=\/wp\/v2\/product\/49479","targetHints":{"allow":["GET"]}}],"collection":[{"href":"https:\/\/www.autonvaraosahaku.fi\/index.php?rest_route=\/wp\/v2\/product"}],"about":[{"href":"https:\/\/www.autonvaraosahaku.fi\/index.php?rest_route=\/wp\/v2\/types\/product"}],"wp:attachment":[{"href":"https:\/\/www.autonvaraosahaku.fi\/index.php?rest_route=%2Fwp%2Fv2%2Fmedia&parent=49479"}],"wp:term":[{"taxonomy":"pwb-brand","embeddable":true,"href":"https:\/\/www.autonvaraosahaku.fi\/index.php?rest_route=%2Fwp%2Fv2%2Fpwb-brand&post=49479"},{"taxonomy":"product_cat","embeddable":true,"href":"https:\/\/www.autonvaraosahaku.fi\/index.php?rest_route=%2Fwp%2Fv2%2Fproduct_cat&post=49479"},{"taxonomy":"product_tag","embeddable":true,"href":"https:\/\/www.autonvaraosahaku.fi\/index.php?rest_route=%2Fwp%2Fv2%2Fproduct_tag&post=49479"}],"curies":[{"name":"wp","href":"https:\/\/api.w.org\/{rel}","templated":true}]}}