{"id":49498,"date":"2021-02-21T17:26:49","date_gmt":"2021-02-21T17:26:49","guid":{"rendered":"https:\/\/www.autonvaraosahaku.fi\/?product=metzger-6110627-jarrulevyt"},"modified":"2021-02-21T17:26:53","modified_gmt":"2021-02-21T17:26:53","slug":"metzger-6110627-jarrulevyt","status":"publish","type":"product","link":"https:\/\/www.autonvaraosahaku.fi\/?product=metzger-6110627-jarrulevyt","title":{"rendered":"METZGER 6110627 Jarrulevyt"},"content":{"rendered":"<p>Jarrulevytyyppi: Tuuletettu, sis\u00e4; K\u00e4sittely: hiiliter\u00e4s; Ulkol\u00e4pimitta [mm]: 255,8; Jarrulevyn paksuus (mm): 22; V\u00e4himm\u00e4ispaksuus (mm): 19; Reikien m\u00e4\u00e4r\u00e4: 5; Korkeus (mm): 36,9; keskitt\u00e4misl\u00e4pimitta [mm]: 65; Pinta: pinnoitettu; Korvaava tuote\/korvaava tiedote 2: varmistusruuvisarjalla; Asennuspuoli: Vorderachse; VW: GOLF IV 1J1,POLO 9N_,POLO 6R, 6C,FOX 5Z1, 5Z3,BORA 1J2,BORA Kombi 1J6,POLO Stufenheck 9A4; AUDI: A3 8L1,A2 8Z0,A1 8X1, 8XF,A1 Sportback 8XA, 8XK; SKODA: FABIA Combi 6Y5,FABIA,FABIA 6Y2,OCTAVIA Combi 1U5,FABIA Combi,ROOMSTER 5J,OCTAVIA 1U2,RAPID Spaceback NH1,FABIA Stufenheck 6Y3,ROOMSTER Praktik 5J,RAPID NH3,FABIA Praktik,FABIA NJ3,FABIA Kombi NJ5; SEAT: IBIZA IV 6L1,IBIZA V 6J5, 6P5,LEON 1M1,IBIZA V ST 6J8, 6P8,TOLEDO II 1M2,IBIZA V SPORTCOUPE 6J1, 6P1,CORDOBA 6L2,TOLEDO IV KG3; Jarrulevy<\/p>\n","protected":false},"excerpt":{"rendered":"<p>METZGER Jarrulevyt 6110627 Jarrulevy VW,AUDI,SKODA,GOLF IV 1J1,POLO 9N_,POLO 6R, 6C,FOX 5Z1, 5Z3,BORA 1J2,BORA Kombi 1J6,POLO Stufenheck 9A4,A3 8L1<\/p>\n","protected":false},"featured_media":0,"template":"","meta":{"site-sidebar-layout":"default","site-content-layout":"default","ast-global-header-display":"","ast-main-header-display":"","ast-hfb-above-header-display":"","ast-hfb-below-header-display":"","ast-hfb-mobile-header-display":"","site-post-title":"","ast-breadcrumbs-content":"","ast-featured-img":"","footer-sml-layout":"","theme-transparent-header-meta":"","adv-header-id-meta":"","stick-header-meta":"","header-above-stick-meta":"","header-main-stick-meta":"","header-below-stick-meta":""},"pwb-brand":[69],"product_cat":[66],"product_tag":[],"class_list":{"0":"post-49498","1":"product","2":"type-product","3":"status-publish","5":"pwb-brand-metzger","6":"product_cat-jarrulevyt","7":"desktop-align-left","8":"tablet-align-left","9":"mobile-align-left","11":"first","12":"instock","13":"product-type-external"},"brands":[{"id":69,"name":"METZGER","slug":"metzger"}],"_links":{"self":[{"href":"https:\/\/www.autonvaraosahaku.fi\/index.php?rest_route=\/wp\/v2\/product\/49498","targetHints":{"allow":["GET"]}}],"collection":[{"href":"https:\/\/www.autonvaraosahaku.fi\/index.php?rest_route=\/wp\/v2\/product"}],"about":[{"href":"https:\/\/www.autonvaraosahaku.fi\/index.php?rest_route=\/wp\/v2\/types\/product"}],"wp:attachment":[{"href":"https:\/\/www.autonvaraosahaku.fi\/index.php?rest_route=%2Fwp%2Fv2%2Fmedia&parent=49498"}],"wp:term":[{"taxonomy":"pwb-brand","embeddable":true,"href":"https:\/\/www.autonvaraosahaku.fi\/index.php?rest_route=%2Fwp%2Fv2%2Fpwb-brand&post=49498"},{"taxonomy":"product_cat","embeddable":true,"href":"https:\/\/www.autonvaraosahaku.fi\/index.php?rest_route=%2Fwp%2Fv2%2Fproduct_cat&post=49498"},{"taxonomy":"product_tag","embeddable":true,"href":"https:\/\/www.autonvaraosahaku.fi\/index.php?rest_route=%2Fwp%2Fv2%2Fproduct_tag&post=49498"}],"curies":[{"name":"wp","href":"https:\/\/api.w.org\/{rel}","templated":true}]}}