{"id":49500,"date":"2021-02-21T17:26:54","date_gmt":"2021-02-21T17:26:54","guid":{"rendered":"https:\/\/www.autonvaraosahaku.fi\/?product=monroe-l28526-alatukivarsi"},"modified":"2021-02-21T17:26:55","modified_gmt":"2021-02-21T17:26:55","slug":"monroe-l28526-alatukivarsi","status":"publish","type":"product","link":"https:\/\/www.autonvaraosahaku.fi\/?product=monroe-l28526-alatukivarsi","title":{"rendered":"MONROE L28526 Alatukivarsi"},"content":{"rendered":"<p>Paino [kg]: 3,500; Tarvittava kappalem\u00e4\u00e4r\u00e4: 1; Kartiomitta (mm): 18; Ohjausmalli: Poikittaistukivarsi; Korvaava tuote\/korvaava tiedote 2: Alapallo-\/pallonivelell\u00e4, Kumilaakerilla; Pakkauspituus [cm]: 45; Pakkausleveys [cm]: 37; Pakkauskorkeus [mm]: 7; Asennuspuoli: Vorderachse; CITRO\u00cbN: BERLINGO MF,XSARA PICASSO N68,BERLINGO Kasten M_,XSARA N1,XSARA Break N2,XSARA Coupe N0,XSARA Kasten,XSARA Kasten\/Schr\u00e4gheck; PEUGEOT: PARTNER Combispace 5F,PARTNER Kasten 5,PARTNER Pritsche\/Fahrgestell; 1614447480, 1614447680, 3520F7, 3520F8, 3520G2, 3520H4, 3520H5, 3520H6, 364051, 1614447080, 1614447680, 3520H4, 3520H5, 3520H6, 364051; Tukivarsi,Tukivarsi, Py\u00f6r\u00e4ntuenta<\/p>\n","protected":false},"excerpt":{"rendered":"<p>MONROE Alatukivarsi L28526 Tukivarsi,Tukivarsi, Py\u00f6r\u00e4ntuenta CITRO\u00cbN,PEUGEOT,BERLINGO MF,XSARA PICASSO N68,BERLINGO Kasten M_,XSARA N1,XSARA Break N2<\/p>\n","protected":false},"featured_media":0,"template":"","meta":{"site-sidebar-layout":"default","site-content-layout":"default","ast-global-header-display":"","ast-main-header-display":"","ast-hfb-above-header-display":"","ast-hfb-below-header-display":"","ast-hfb-mobile-header-display":"","site-post-title":"","ast-breadcrumbs-content":"","ast-featured-img":"","footer-sml-layout":"","theme-transparent-header-meta":"","adv-header-id-meta":"","stick-header-meta":"","header-above-stick-meta":"","header-main-stick-meta":"","header-below-stick-meta":""},"pwb-brand":[79],"product_cat":[62],"product_tag":[],"class_list":{"0":"post-49500","1":"product","2":"type-product","3":"status-publish","5":"pwb-brand-monroe","6":"product_cat-alatukivarsi","7":"desktop-align-left","8":"tablet-align-left","9":"mobile-align-left","11":"first","12":"instock","13":"product-type-external"},"brands":[{"id":79,"name":"MONROE","slug":"monroe"}],"_links":{"self":[{"href":"https:\/\/www.autonvaraosahaku.fi\/index.php?rest_route=\/wp\/v2\/product\/49500","targetHints":{"allow":["GET"]}}],"collection":[{"href":"https:\/\/www.autonvaraosahaku.fi\/index.php?rest_route=\/wp\/v2\/product"}],"about":[{"href":"https:\/\/www.autonvaraosahaku.fi\/index.php?rest_route=\/wp\/v2\/types\/product"}],"wp:attachment":[{"href":"https:\/\/www.autonvaraosahaku.fi\/index.php?rest_route=%2Fwp%2Fv2%2Fmedia&parent=49500"}],"wp:term":[{"taxonomy":"pwb-brand","embeddable":true,"href":"https:\/\/www.autonvaraosahaku.fi\/index.php?rest_route=%2Fwp%2Fv2%2Fpwb-brand&post=49500"},{"taxonomy":"product_cat","embeddable":true,"href":"https:\/\/www.autonvaraosahaku.fi\/index.php?rest_route=%2Fwp%2Fv2%2Fproduct_cat&post=49500"},{"taxonomy":"product_tag","embeddable":true,"href":"https:\/\/www.autonvaraosahaku.fi\/index.php?rest_route=%2Fwp%2Fv2%2Fproduct_tag&post=49500"}],"curies":[{"name":"wp","href":"https:\/\/api.w.org\/{rel}","templated":true}]}}