{"id":49504,"date":"2021-02-21T17:26:54","date_gmt":"2021-02-21T17:26:54","guid":{"rendered":"https:\/\/www.autonvaraosahaku.fi\/?product=remsa-6130-00-jarrulevyt"},"modified":"2021-02-21T17:26:56","modified_gmt":"2021-02-21T17:26:56","slug":"remsa-6130-00-jarrulevyt","status":"publish","type":"product","link":"https:\/\/www.autonvaraosahaku.fi\/?product=remsa-6130-00-jarrulevyt","title":{"rendered":"REMSA 6130.00 Jarrulevyt"},"content":{"rendered":"<p>Tarkistuskilpi: K.B.A.: 61210; Asennuspuoli: Etuakseli; L\u00e4pimitta [mm]: 247; Korkeus (mm): 34; Jarrulevytyyppi: Vakiomalli; Jarrulevyn paksuus (mm): 10; V\u00e4himm\u00e4ispaksuus (mm): 8; Reikien m\u00e4\u00e4r\u00e4: 4; keskitt\u00e4misl\u00e4pimitta [mm]: 66; Paino [kg]: 3,3; Valmistusvuoteen: 12\/1988; CITRO\u00cbN: SAXO S0, S1,ZX N2,ZX Break N2,C15 VD-_,C15 Kombi; PEUGEOT: 206 Schr\u00e4gheck 2A\/C,206 SW 2E\/K,106 II 1,306 Schr\u00e4gheck 7A, 7C, N3, N5,106 I 1A, 1C,205 II 20A\/C,306 Break 7E, N3, N5,306 7B, N3, N5,205 I Cabriolet 741B, 20D,206 Stufenheck,309 II 3C, 3A,205 I 741A\/C,405 I 15B,206 Van,405 II 4B,106 Van 1_,309 I 10C, 10A,405 II Break 4E,405 I Break 15E,205 Kasten; 169001, 91508338, 95661748, 96070525, 424689, 4246A5, 424742, 424995, 230100; Jarrulevy<\/p>\n","protected":false},"excerpt":{"rendered":"<p>REMSA Jarrulevyt 6130.00 Jarrulevy CITRO\u00cbN,PEUGEOT,SAXO S0, S1,ZX N2,ZX Break N2,C15 VD-_,C15 Kombi,206 Schr\u00e4gheck 2A\/C,206 SW 2E\/K,106 II 1<\/p>\n","protected":false},"featured_media":0,"template":"","meta":{"site-sidebar-layout":"default","site-content-layout":"default","ast-global-header-display":"","ast-main-header-display":"","ast-hfb-above-header-display":"","ast-hfb-below-header-display":"","ast-hfb-mobile-header-display":"","site-post-title":"","ast-breadcrumbs-content":"","ast-featured-img":"","footer-sml-layout":"","theme-transparent-header-meta":"","adv-header-id-meta":"","stick-header-meta":"","header-above-stick-meta":"","header-main-stick-meta":"","header-below-stick-meta":""},"pwb-brand":[486],"product_cat":[66],"product_tag":[],"class_list":{"0":"post-49504","1":"product","2":"type-product","3":"status-publish","5":"pwb-brand-remsa","6":"product_cat-jarrulevyt","7":"desktop-align-left","8":"tablet-align-left","9":"mobile-align-left","11":"first","12":"instock","13":"product-type-external"},"brands":[{"id":486,"name":"REMSA","slug":"remsa"}],"_links":{"self":[{"href":"https:\/\/www.autonvaraosahaku.fi\/index.php?rest_route=\/wp\/v2\/product\/49504","targetHints":{"allow":["GET"]}}],"collection":[{"href":"https:\/\/www.autonvaraosahaku.fi\/index.php?rest_route=\/wp\/v2\/product"}],"about":[{"href":"https:\/\/www.autonvaraosahaku.fi\/index.php?rest_route=\/wp\/v2\/types\/product"}],"wp:attachment":[{"href":"https:\/\/www.autonvaraosahaku.fi\/index.php?rest_route=%2Fwp%2Fv2%2Fmedia&parent=49504"}],"wp:term":[{"taxonomy":"pwb-brand","embeddable":true,"href":"https:\/\/www.autonvaraosahaku.fi\/index.php?rest_route=%2Fwp%2Fv2%2Fpwb-brand&post=49504"},{"taxonomy":"product_cat","embeddable":true,"href":"https:\/\/www.autonvaraosahaku.fi\/index.php?rest_route=%2Fwp%2Fv2%2Fproduct_cat&post=49504"},{"taxonomy":"product_tag","embeddable":true,"href":"https:\/\/www.autonvaraosahaku.fi\/index.php?rest_route=%2Fwp%2Fv2%2Fproduct_tag&post=49504"}],"curies":[{"name":"wp","href":"https:\/\/api.w.org\/{rel}","templated":true}]}}