{"id":49505,"date":"2021-02-21T17:26:54","date_gmt":"2021-02-21T17:26:54","guid":{"rendered":"https:\/\/www.autonvaraosahaku.fi\/?product=ridex-82b0060-jarrulevyt"},"modified":"2021-02-21T17:26:56","modified_gmt":"2021-02-21T17:26:56","slug":"ridex-82b0060-jarrulevyt","status":"publish","type":"product","link":"https:\/\/www.autonvaraosahaku.fi\/?product=ridex-82b0060-jarrulevyt","title":{"rendered":"RIDEX 82B0060 Jarrulevyt"},"content":{"rendered":"<p>Jarrulevytyyppi: Tuuletettu, sis\u00e4; Ulkol\u00e4pimitta [mm]: 255; Jarrulevyn paksuus (mm): 20,0; V\u00e4himm\u00e4ispaksuus (mm): 18,0; Korkeus (mm): 43,0; Reik\u00e4kuvio\/-m\u00e4\u00e4r\u00e4: 04\/06; Reik\u00e4ympyr\u00e4-\u00d8 [mm]: 100,0; keskitt\u00e4misl\u00e4pimitta [mm]: 55,0; Paino [kg]: 4,7; Korvaava tuote\/korvaava tiedote 2: Ilman py\u00f6r\u00e4nnapaa, Ilman py\u00f6r\u00e4nkiinnityspultteja; Reik\u00e4-\u00d8 [mm]: 14,5; Sis\u00e4l\u00e4pimitta [mm]: 129,0; Asennuspuoli: Etuakseli, Vorderachse; TOYOTA: YARIS SCP1_, NLP1_, NCP1_,YARIS VERSO _NLP2_, _NCP2_,MR 2 III ZZW3_; 435120D030, 435120D050, 435120D120, 4351217120, 4351217130, 4351217131, 4351252030, 4351252040, 4351252090; Jarrulevy<\/p>\n","protected":false},"excerpt":{"rendered":"<p>RIDEX Jarrulevyt 82B0060 Jarrulevy TOYOTA,YARIS SCP1_, NLP1_, NCP1_,YARIS VERSO _NLP2_, _NCP2_,MR 2 III ZZW3_<\/p>\n","protected":false},"featured_media":0,"template":"","meta":{"site-sidebar-layout":"default","site-content-layout":"default","ast-global-header-display":"","ast-main-header-display":"","ast-hfb-above-header-display":"","ast-hfb-below-header-display":"","ast-hfb-mobile-header-display":"","site-post-title":"","ast-breadcrumbs-content":"","ast-featured-img":"","footer-sml-layout":"","theme-transparent-header-meta":"","adv-header-id-meta":"","stick-header-meta":"","header-above-stick-meta":"","header-main-stick-meta":"","header-below-stick-meta":""},"pwb-brand":[157],"product_cat":[66],"product_tag":[],"class_list":{"0":"post-49505","1":"product","2":"type-product","3":"status-publish","5":"pwb-brand-ridex","6":"product_cat-jarrulevyt","7":"desktop-align-left","8":"tablet-align-left","9":"mobile-align-left","11":"first","12":"instock","13":"product-type-external"},"brands":[{"id":157,"name":"RIDEX","slug":"ridex"}],"_links":{"self":[{"href":"https:\/\/www.autonvaraosahaku.fi\/index.php?rest_route=\/wp\/v2\/product\/49505","targetHints":{"allow":["GET"]}}],"collection":[{"href":"https:\/\/www.autonvaraosahaku.fi\/index.php?rest_route=\/wp\/v2\/product"}],"about":[{"href":"https:\/\/www.autonvaraosahaku.fi\/index.php?rest_route=\/wp\/v2\/types\/product"}],"wp:attachment":[{"href":"https:\/\/www.autonvaraosahaku.fi\/index.php?rest_route=%2Fwp%2Fv2%2Fmedia&parent=49505"}],"wp:term":[{"taxonomy":"pwb-brand","embeddable":true,"href":"https:\/\/www.autonvaraosahaku.fi\/index.php?rest_route=%2Fwp%2Fv2%2Fpwb-brand&post=49505"},{"taxonomy":"product_cat","embeddable":true,"href":"https:\/\/www.autonvaraosahaku.fi\/index.php?rest_route=%2Fwp%2Fv2%2Fproduct_cat&post=49505"},{"taxonomy":"product_tag","embeddable":true,"href":"https:\/\/www.autonvaraosahaku.fi\/index.php?rest_route=%2Fwp%2Fv2%2Fproduct_tag&post=49505"}],"curies":[{"name":"wp","href":"https:\/\/api.w.org\/{rel}","templated":true}]}}