{"id":49519,"date":"2021-02-21T17:27:00","date_gmt":"2021-02-21T17:27:00","guid":{"rendered":"https:\/\/www.autonvaraosahaku.fi\/?product=ridex-470r0416-jaahdytin"},"modified":"2021-02-21T17:27:00","modified_gmt":"2021-02-21T17:27:00","slug":"ridex-470r0416-jaahdytin","status":"publish","type":"product","link":"https:\/\/www.autonvaraosahaku.fi\/?product=ridex-470r0416-jaahdytin","title":{"rendered":"RIDEX 470R0416 J\u00e4\u00e4hdytin"},"content":{"rendered":"<p>Kennon mitat: 375 x 325 x 16 mm; J\u00e4hdytysripamateriaali: Alumiini; Matriaali j\u00e4\u00e4hdyttimen s\u00e4ili\u00f6: Muovi; J\u00e4\u00e4hdytintyyppi: J\u00e4\u00e4hdytysrivat juotetut; Vaihteistomalli: Schaltgetriebe; PEUGEOT: 107,108; TOYOTA: AYGO WNB1_, KGB1_,AYGO PAB4_, KGB4_; CITRO\u00cbN: C1 PM_, PN_,C1 II; 1330P4, 1330P5, 164000Q010, 1330P4, 1330P5, 164000Q010, 1330P4, 1330P5, 164000Q010; Syyl\u00e4ri,J\u00e4\u00e4hdytin,Moottorin J\u00e4\u00e4hdytys<\/p>\n","protected":false},"excerpt":{"rendered":"<p>RIDEX J\u00e4\u00e4hdytin 470R0416 Syyl\u00e4ri,J\u00e4\u00e4hdytin,Moottorin J\u00e4\u00e4hdytys PEUGEOT,TOYOTA,CITRO\u00cbN,107,108,AYGO WNB1_, KGB1_,AYGO PAB4_, KGB4_,C1 PM_, PN_,C1 II<\/p>\n","protected":false},"featured_media":0,"template":"","meta":{"site-sidebar-layout":"default","site-content-layout":"default","ast-global-header-display":"","ast-main-header-display":"","ast-hfb-above-header-display":"","ast-hfb-below-header-display":"","ast-hfb-mobile-header-display":"","site-post-title":"","ast-breadcrumbs-content":"","ast-featured-img":"","footer-sml-layout":"","theme-transparent-header-meta":"","adv-header-id-meta":"","stick-header-meta":"","header-above-stick-meta":"","header-main-stick-meta":"","header-below-stick-meta":""},"pwb-brand":[157],"product_cat":[421],"product_tag":[],"class_list":{"0":"post-49519","1":"product","2":"type-product","3":"status-publish","5":"pwb-brand-ridex","6":"product_cat-jaahdytin","7":"desktop-align-left","8":"tablet-align-left","9":"mobile-align-left","11":"first","12":"instock","13":"product-type-external"},"brands":[{"id":157,"name":"RIDEX","slug":"ridex"}],"_links":{"self":[{"href":"https:\/\/www.autonvaraosahaku.fi\/index.php?rest_route=\/wp\/v2\/product\/49519","targetHints":{"allow":["GET"]}}],"collection":[{"href":"https:\/\/www.autonvaraosahaku.fi\/index.php?rest_route=\/wp\/v2\/product"}],"about":[{"href":"https:\/\/www.autonvaraosahaku.fi\/index.php?rest_route=\/wp\/v2\/types\/product"}],"wp:attachment":[{"href":"https:\/\/www.autonvaraosahaku.fi\/index.php?rest_route=%2Fwp%2Fv2%2Fmedia&parent=49519"}],"wp:term":[{"taxonomy":"pwb-brand","embeddable":true,"href":"https:\/\/www.autonvaraosahaku.fi\/index.php?rest_route=%2Fwp%2Fv2%2Fpwb-brand&post=49519"},{"taxonomy":"product_cat","embeddable":true,"href":"https:\/\/www.autonvaraosahaku.fi\/index.php?rest_route=%2Fwp%2Fv2%2Fproduct_cat&post=49519"},{"taxonomy":"product_tag","embeddable":true,"href":"https:\/\/www.autonvaraosahaku.fi\/index.php?rest_route=%2Fwp%2Fv2%2Fproduct_tag&post=49519"}],"curies":[{"name":"wp","href":"https:\/\/api.w.org\/{rel}","templated":true}]}}