{"id":49527,"date":"2021-02-21T17:27:00","date_gmt":"2021-02-21T17:27:00","guid":{"rendered":"https:\/\/www.autonvaraosahaku.fi\/?product=ashika-92-02-2091-kytkinpaketti"},"modified":"2021-02-21T17:27:02","modified_gmt":"2021-02-21T17:27:02","slug":"ashika-92-02-2091-kytkinpaketti","status":"publish","type":"product","link":"https:\/\/www.autonvaraosahaku.fi\/?product=ashika-92-02-2091-kytkinpaketti","title":{"rendered":"ASHIKA 92-02-2091 Kytkinpaketti"},"content":{"rendered":"<p>L\u00e4pimitta [mm]: 190; Sis\u00e4l\u00e4pimitta [mm]: 132; Asennusl\u00e4pimitta [mm]: 239; keskitt\u00e4misl\u00e4pimitta [mm]: 22; Hammasluku: 19; Valmistusvuoteen: 03\/2014; TOYOTA: YARIS SCP9_, NSP9_, KSP9_, NCP9_, ZSP9_,AYGO WNB1_, KGB1_; CITRO\u00cbN: C1 PM_, PN_; PEUGEOT: 107; 1608396980, 1608398780, 1608396980, 204178, 312100D060, 312100D150, 312100H030, 312100H040, 3121052160, 3121052161, 312300H010, 3123052040, 312500D080, 312500D081, 312500D082, 312500D083, 312500D190, 312500H040, 3125052230; Kytkinsarja<\/p>\n","protected":false},"excerpt":{"rendered":"<p>ASHIKA Kytkinpaketti 92-02-2091 Kytkinsarja TOYOTA,CITRO\u00cbN,PEUGEOT,YARIS SCP9_, NSP9_, KSP9_, NCP9_, ZSP9_,AYGO WNB1_, KGB1_,C1 PM_, PN_,107<\/p>\n","protected":false},"featured_media":0,"template":"","meta":{"site-sidebar-layout":"default","site-content-layout":"default","ast-global-header-display":"","ast-main-header-display":"","ast-hfb-above-header-display":"","ast-hfb-below-header-display":"","ast-hfb-mobile-header-display":"","site-post-title":"","ast-breadcrumbs-content":"","ast-featured-img":"","footer-sml-layout":"","theme-transparent-header-meta":"","adv-header-id-meta":"","stick-header-meta":"","header-above-stick-meta":"","header-main-stick-meta":"","header-below-stick-meta":""},"pwb-brand":[102],"product_cat":[21],"product_tag":[],"class_list":{"0":"post-49527","1":"product","2":"type-product","3":"status-publish","5":"pwb-brand-ashika","6":"product_cat-kytkinpaketti","7":"desktop-align-left","8":"tablet-align-left","9":"mobile-align-left","11":"first","12":"instock","13":"product-type-external"},"brands":[{"id":102,"name":"ASHIKA","slug":"ashika"}],"_links":{"self":[{"href":"https:\/\/www.autonvaraosahaku.fi\/index.php?rest_route=\/wp\/v2\/product\/49527","targetHints":{"allow":["GET"]}}],"collection":[{"href":"https:\/\/www.autonvaraosahaku.fi\/index.php?rest_route=\/wp\/v2\/product"}],"about":[{"href":"https:\/\/www.autonvaraosahaku.fi\/index.php?rest_route=\/wp\/v2\/types\/product"}],"wp:attachment":[{"href":"https:\/\/www.autonvaraosahaku.fi\/index.php?rest_route=%2Fwp%2Fv2%2Fmedia&parent=49527"}],"wp:term":[{"taxonomy":"pwb-brand","embeddable":true,"href":"https:\/\/www.autonvaraosahaku.fi\/index.php?rest_route=%2Fwp%2Fv2%2Fpwb-brand&post=49527"},{"taxonomy":"product_cat","embeddable":true,"href":"https:\/\/www.autonvaraosahaku.fi\/index.php?rest_route=%2Fwp%2Fv2%2Fproduct_cat&post=49527"},{"taxonomy":"product_tag","embeddable":true,"href":"https:\/\/www.autonvaraosahaku.fi\/index.php?rest_route=%2Fwp%2Fv2%2Fproduct_tag&post=49527"}],"curies":[{"name":"wp","href":"https:\/\/api.w.org\/{rel}","templated":true}]}}