{"id":49528,"date":"2021-02-21T17:27:00","date_gmt":"2021-02-21T17:27:00","guid":{"rendered":"https:\/\/www.autonvaraosahaku.fi\/?product=ridex-82b1049-jarrulevyt"},"modified":"2021-02-21T17:27:02","modified_gmt":"2021-02-21T17:27:02","slug":"ridex-82b1049-jarrulevyt","status":"publish","type":"product","link":"https:\/\/www.autonvaraosahaku.fi\/?product=ridex-82b1049-jarrulevyt","title":{"rendered":"RIDEX 82B1049 Jarrulevyt"},"content":{"rendered":"<p>Jarrulevytyyppi: Tuuletettu; Paino [kg]: 6,34; Vanne, aukkoja: 5; L\u00e4pimitta [mm]: 282; Korkeus (mm): 32,4; Jarrulevyn paksuus (mm): 22,8; V\u00e4himm\u00e4ispaksuus (mm): 21,4; keskitt\u00e4misl\u00e4pimitta [mm]: 60,9; Asennuspuoli: Vorderachse; CHRYSLER: SEBRING Cabriolet JR,STRATUS Cabriolet JX,SEBRING JR,STRATUS JA,CIRRUS; DODGE: CARAVAN NS,STRATUS; 4695186, 4695189, 4695957, 4764073, 4879138AA, 4879138AC, 4879138AE, 4695186; Jarrulevy<\/p>\n","protected":false},"excerpt":{"rendered":"<p>RIDEX Jarrulevyt 82B1049 Jarrulevy CHRYSLER,DODGE,SEBRING Cabriolet JR,STRATUS Cabriolet JX,SEBRING JR,STRATUS JA,CIRRUS,CARAVAN NS,STRATUS<\/p>\n","protected":false},"featured_media":0,"template":"","meta":{"site-sidebar-layout":"default","site-content-layout":"default","ast-global-header-display":"","ast-main-header-display":"","ast-hfb-above-header-display":"","ast-hfb-below-header-display":"","ast-hfb-mobile-header-display":"","site-post-title":"","ast-breadcrumbs-content":"","ast-featured-img":"","footer-sml-layout":"","theme-transparent-header-meta":"","adv-header-id-meta":"","stick-header-meta":"","header-above-stick-meta":"","header-main-stick-meta":"","header-below-stick-meta":""},"pwb-brand":[157],"product_cat":[66],"product_tag":[],"class_list":{"0":"post-49528","1":"product","2":"type-product","3":"status-publish","5":"pwb-brand-ridex","6":"product_cat-jarrulevyt","7":"desktop-align-left","8":"tablet-align-left","9":"mobile-align-left","11":"first","12":"instock","13":"product-type-external"},"brands":[{"id":157,"name":"RIDEX","slug":"ridex"}],"_links":{"self":[{"href":"https:\/\/www.autonvaraosahaku.fi\/index.php?rest_route=\/wp\/v2\/product\/49528","targetHints":{"allow":["GET"]}}],"collection":[{"href":"https:\/\/www.autonvaraosahaku.fi\/index.php?rest_route=\/wp\/v2\/product"}],"about":[{"href":"https:\/\/www.autonvaraosahaku.fi\/index.php?rest_route=\/wp\/v2\/types\/product"}],"wp:attachment":[{"href":"https:\/\/www.autonvaraosahaku.fi\/index.php?rest_route=%2Fwp%2Fv2%2Fmedia&parent=49528"}],"wp:term":[{"taxonomy":"pwb-brand","embeddable":true,"href":"https:\/\/www.autonvaraosahaku.fi\/index.php?rest_route=%2Fwp%2Fv2%2Fpwb-brand&post=49528"},{"taxonomy":"product_cat","embeddable":true,"href":"https:\/\/www.autonvaraosahaku.fi\/index.php?rest_route=%2Fwp%2Fv2%2Fproduct_cat&post=49528"},{"taxonomy":"product_tag","embeddable":true,"href":"https:\/\/www.autonvaraosahaku.fi\/index.php?rest_route=%2Fwp%2Fv2%2Fproduct_tag&post=49528"}],"curies":[{"name":"wp","href":"https:\/\/api.w.org\/{rel}","templated":true}]}}