{"id":49529,"date":"2021-02-21T17:27:00","date_gmt":"2021-02-21T17:27:00","guid":{"rendered":"https:\/\/www.autonvaraosahaku.fi\/?product=metzger-0917108-lammityslaitteen-puhaltimen-vastus"},"modified":"2021-02-21T17:27:02","modified_gmt":"2021-02-21T17:27:02","slug":"metzger-0917108-lammityslaitteen-puhaltimen-vastus","status":"publish","type":"product","link":"https:\/\/www.autonvaraosahaku.fi\/?product=metzger-0917108-lammityslaitteen-puhaltimen-vastus","title":{"rendered":"METZGER 0917108 L\u00e4mmityslaitteen puhaltimen vastus"},"content":{"rendered":"<p>Napojen m\u00e4\u00e4r\u00e4: 5; Pistokemalli: Lattapistoke; Varusteet: ajoneuvoille ilmastoinnilla (k\u00e4sis\u00e4\u00e4teinen), Autoihin ilman ilmastointilaitetta; Suositellun tarvikkeen tuotenumero: Kabelreparatursatz 4, 2322002, Kabelreparatursatz 5, 2322008; ABARTH: PUNTO 199_; OPEL: CORSA D,ADAM,CORSA D Van; FIAT: GRANDE PUNTO 199,DUCATO Kasten 250,DUCATO Pritsche\/Fahrgestell 250,PUNTO EVO 199,DUCATO Bus 250,DOBLO Kasten\/Kombi 263,PUNTO 199,QUBO 225,DOBLO Gro\u00dfraumlimousine 152, 263,PUNTO Van 199,DOBLO Pritsche\/Fahrgestell 263; CITRO\u00cbN: BERLINGO B9,BERLINGO Kasten B9,BERLINGO Pritsche\/Fahrgestell B9; ALFA ROMEO: MITO 955; PEUGEOT: PARTNER Tepee,PARTNER Kasten,PARTNER Pritsche\/Fahrgestell; 55702407, 77364061, 77364555, 13248240, 13480494, 6845796; Vastus, Sis\u00e4ilmantuuletin<\/p>\n","protected":false},"excerpt":{"rendered":"<p>METZGER L\u00e4mmityslaitteen Puhaltimen Vastus 0917108 Vastus, Sis\u00e4ilmantuuletin ABARTH,OPEL,FIAT,PUNTO 199_,CORSA D,ADAM,CORSA D Van,GRANDE PUNTO 199<\/p>\n","protected":false},"featured_media":0,"template":"","meta":{"site-sidebar-layout":"default","site-content-layout":"default","ast-global-header-display":"","ast-main-header-display":"","ast-hfb-above-header-display":"","ast-hfb-below-header-display":"","ast-hfb-mobile-header-display":"","site-post-title":"","ast-breadcrumbs-content":"","ast-featured-img":"","footer-sml-layout":"","theme-transparent-header-meta":"","adv-header-id-meta":"","stick-header-meta":"","header-above-stick-meta":"","header-main-stick-meta":"","header-below-stick-meta":""},"pwb-brand":[69],"product_cat":[134],"product_tag":[],"class_list":{"0":"post-49529","1":"product","2":"type-product","3":"status-publish","5":"pwb-brand-metzger","6":"product_cat-lammityslaitteen-puhaltimen-vastus","7":"desktop-align-left","8":"tablet-align-left","9":"mobile-align-left","11":"first","12":"instock","13":"product-type-external"},"brands":[{"id":69,"name":"METZGER","slug":"metzger"}],"_links":{"self":[{"href":"https:\/\/www.autonvaraosahaku.fi\/index.php?rest_route=\/wp\/v2\/product\/49529","targetHints":{"allow":["GET"]}}],"collection":[{"href":"https:\/\/www.autonvaraosahaku.fi\/index.php?rest_route=\/wp\/v2\/product"}],"about":[{"href":"https:\/\/www.autonvaraosahaku.fi\/index.php?rest_route=\/wp\/v2\/types\/product"}],"wp:attachment":[{"href":"https:\/\/www.autonvaraosahaku.fi\/index.php?rest_route=%2Fwp%2Fv2%2Fmedia&parent=49529"}],"wp:term":[{"taxonomy":"pwb-brand","embeddable":true,"href":"https:\/\/www.autonvaraosahaku.fi\/index.php?rest_route=%2Fwp%2Fv2%2Fpwb-brand&post=49529"},{"taxonomy":"product_cat","embeddable":true,"href":"https:\/\/www.autonvaraosahaku.fi\/index.php?rest_route=%2Fwp%2Fv2%2Fproduct_cat&post=49529"},{"taxonomy":"product_tag","embeddable":true,"href":"https:\/\/www.autonvaraosahaku.fi\/index.php?rest_route=%2Fwp%2Fv2%2Fproduct_tag&post=49529"}],"curies":[{"name":"wp","href":"https:\/\/api.w.org\/{rel}","templated":true}]}}