{"id":49530,"date":"2021-02-21T17:27:00","date_gmt":"2021-02-21T17:27:00","guid":{"rendered":"https:\/\/www.autonvaraosahaku.fi\/?product=ridex-1216r0040-hydraulinen-venttiilinnostin"},"modified":"2021-02-21T17:27:02","modified_gmt":"2021-02-21T17:27:02","slug":"ridex-1216r0040-hydraulinen-venttiilinnostin","status":"publish","type":"product","link":"https:\/\/www.autonvaraosahaku.fi\/?product=ridex-1216r0040-hydraulinen-venttiilinnostin","title":{"rendered":"RIDEX 1216R0040 Hydraulinen venttiilinnostin"},"content":{"rendered":"<p>L\u00e4pimitta [mm]: 35; Korkeus (mm): 26; K\u00e4ytt\u00f6: Hydraulinen; Moottorinumero: B 234 F; PEUGEOT: BOXER Kasten 230L,BOXER Bus 230P,BOXER Pritsche\/Fahrgestell ZCT_; CITRO\u00cbN: JUMPER Kasten 230L,JUMPER Bus 230P,JUMPER Pritsche\/Fahrgestell 230; VOLVO: V70 I LV,850 Kombi LW,940 II Kombi 945,940 Kombi 945,740 Kombi 745,850 LS,740 744,S70 LS,940 944,960 Kombi 965,940 II 944,960 964; 094233, 9623065180, 094233, 9623065180, 1317798, 9180681; Venttiilinnostin<\/p>\n","protected":false},"excerpt":{"rendered":"<p>RIDEX Hydraulinen Venttiilinnostin 1216R0040 Venttiilinnostin PEUGEOT,CITRO\u00cbN,VOLVO,BOXER Kasten 230L,BOXER Bus 230P,BOXER Pritsche\/Fahrgestell ZCT_<\/p>\n","protected":false},"featured_media":0,"template":"","meta":{"site-sidebar-layout":"default","site-content-layout":"default","ast-global-header-display":"","ast-main-header-display":"","ast-hfb-above-header-display":"","ast-hfb-below-header-display":"","ast-hfb-mobile-header-display":"","site-post-title":"","ast-breadcrumbs-content":"","ast-featured-img":"","footer-sml-layout":"","theme-transparent-header-meta":"","adv-header-id-meta":"","stick-header-meta":"","header-above-stick-meta":"","header-main-stick-meta":"","header-below-stick-meta":""},"pwb-brand":[157],"product_cat":[126],"product_tag":[],"class_list":{"0":"post-49530","1":"product","2":"type-product","3":"status-publish","5":"pwb-brand-ridex","6":"product_cat-hydraulinen-venttiilinnostin","7":"desktop-align-left","8":"tablet-align-left","9":"mobile-align-left","11":"first","12":"instock","13":"product-type-external"},"brands":[{"id":157,"name":"RIDEX","slug":"ridex"}],"_links":{"self":[{"href":"https:\/\/www.autonvaraosahaku.fi\/index.php?rest_route=\/wp\/v2\/product\/49530","targetHints":{"allow":["GET"]}}],"collection":[{"href":"https:\/\/www.autonvaraosahaku.fi\/index.php?rest_route=\/wp\/v2\/product"}],"about":[{"href":"https:\/\/www.autonvaraosahaku.fi\/index.php?rest_route=\/wp\/v2\/types\/product"}],"wp:attachment":[{"href":"https:\/\/www.autonvaraosahaku.fi\/index.php?rest_route=%2Fwp%2Fv2%2Fmedia&parent=49530"}],"wp:term":[{"taxonomy":"pwb-brand","embeddable":true,"href":"https:\/\/www.autonvaraosahaku.fi\/index.php?rest_route=%2Fwp%2Fv2%2Fpwb-brand&post=49530"},{"taxonomy":"product_cat","embeddable":true,"href":"https:\/\/www.autonvaraosahaku.fi\/index.php?rest_route=%2Fwp%2Fv2%2Fproduct_cat&post=49530"},{"taxonomy":"product_tag","embeddable":true,"href":"https:\/\/www.autonvaraosahaku.fi\/index.php?rest_route=%2Fwp%2Fv2%2Fproduct_tag&post=49530"}],"curies":[{"name":"wp","href":"https:\/\/api.w.org\/{rel}","templated":true}]}}