{"id":49543,"date":"2021-02-21T17:27:05","date_gmt":"2021-02-21T17:27:05","guid":{"rendered":"https:\/\/www.autonvaraosahaku.fi\/?product=ridex-82b0196-jarrulevyt"},"modified":"2021-02-21T17:27:07","modified_gmt":"2021-02-21T17:27:07","slug":"ridex-82b0196-jarrulevyt","status":"publish","type":"product","link":"https:\/\/www.autonvaraosahaku.fi\/?product=ridex-82b0196-jarrulevyt","title":{"rendered":"RIDEX 82B0196 Jarrulevyt"},"content":{"rendered":"<p>Paino [kg]: 7,44; Asennuspuoli: Taka-akseli; L\u00e4pimitta [mm]: 320; Jarrulevyn paksuus (mm): 20; V\u00e4himm\u00e4ispaksuus (mm): 18,4; Korkeus (mm): 63; keskitt\u00e4misl\u00e4pimitta [mm]: 75; Reikien m\u00e4\u00e4r\u00e4: 5; Jarrulevytyyppi: Tuuletettu; Reik\u00e4ympyr\u00e4-\u00d8 [mm]: 120; Reik\u00e4kuvio\/-m\u00e4\u00e4r\u00e4: 5\/6; Reik\u00e4-\u00d8 [mm]: 14,7; Sis\u00e4l\u00e4pimitta [mm]: 174; BMW: 5 E60,5 Touring E61,6 E63,6 Cabriolet E64; 34216753215, 34216772085; Jarrulevy<\/p>\n","protected":false},"excerpt":{"rendered":"<p>RIDEX Jarrulevyt 82B0196 Jarrulevy BMW,5 E60,5 Touring E61,6 E63,6 Cabriolet E64<\/p>\n","protected":false},"featured_media":0,"template":"","meta":{"site-sidebar-layout":"default","site-content-layout":"default","ast-global-header-display":"","ast-main-header-display":"","ast-hfb-above-header-display":"","ast-hfb-below-header-display":"","ast-hfb-mobile-header-display":"","site-post-title":"","ast-breadcrumbs-content":"","ast-featured-img":"","footer-sml-layout":"","theme-transparent-header-meta":"","adv-header-id-meta":"","stick-header-meta":"","header-above-stick-meta":"","header-main-stick-meta":"","header-below-stick-meta":""},"pwb-brand":[157],"product_cat":[66],"product_tag":[],"class_list":{"0":"post-49543","1":"product","2":"type-product","3":"status-publish","5":"pwb-brand-ridex","6":"product_cat-jarrulevyt","7":"desktop-align-left","8":"tablet-align-left","9":"mobile-align-left","11":"first","12":"instock","13":"product-type-external"},"brands":[{"id":157,"name":"RIDEX","slug":"ridex"}],"_links":{"self":[{"href":"https:\/\/www.autonvaraosahaku.fi\/index.php?rest_route=\/wp\/v2\/product\/49543","targetHints":{"allow":["GET"]}}],"collection":[{"href":"https:\/\/www.autonvaraosahaku.fi\/index.php?rest_route=\/wp\/v2\/product"}],"about":[{"href":"https:\/\/www.autonvaraosahaku.fi\/index.php?rest_route=\/wp\/v2\/types\/product"}],"wp:attachment":[{"href":"https:\/\/www.autonvaraosahaku.fi\/index.php?rest_route=%2Fwp%2Fv2%2Fmedia&parent=49543"}],"wp:term":[{"taxonomy":"pwb-brand","embeddable":true,"href":"https:\/\/www.autonvaraosahaku.fi\/index.php?rest_route=%2Fwp%2Fv2%2Fpwb-brand&post=49543"},{"taxonomy":"product_cat","embeddable":true,"href":"https:\/\/www.autonvaraosahaku.fi\/index.php?rest_route=%2Fwp%2Fv2%2Fproduct_cat&post=49543"},{"taxonomy":"product_tag","embeddable":true,"href":"https:\/\/www.autonvaraosahaku.fi\/index.php?rest_route=%2Fwp%2Fv2%2Fproduct_tag&post=49543"}],"curies":[{"name":"wp","href":"https:\/\/api.w.org\/{rel}","templated":true}]}}