{"id":49554,"date":"2021-02-21T17:27:05","date_gmt":"2021-02-21T17:27:05","guid":{"rendered":"https:\/\/www.autonvaraosahaku.fi\/?product=hella-8ga-002-071-133-lamput-hehkulamppu"},"modified":"2021-02-21T17:27:09","modified_gmt":"2021-02-21T17:27:09","slug":"hella-8ga-002-071-133-lamput-hehkulamppu","status":"publish","type":"product","link":"https:\/\/www.autonvaraosahaku.fi\/?product=hella-8ga-002-071-133-lamput-hehkulamppu","title":{"rendered":"HELLA 8GA 002 071-133 Lamput (hehkulamppu)"},"content":{"rendered":"<p>Lamppumalli: R10W; J\u00e4nnite (V): 12; Nimellisteho (W): 10; Kantamalli: BA15s; Asennuspuoli: Edess\u00e4 ja takana; M\u00e4\u00e4r\u00e4: 2; Pakkaustyyppi: Kuplapakkaus; VW: GOLF IV 1J1,TRANSPORTER V Bus 7HB, 7HJ, 7EB, 7EJ, 7EF,MULTIVAN V 7HM, 7HN, 7HF, 7EF, 7EM, 7EN,UP,TRANSPORTER V Kasten 7HA, 7HH, 7EA, 7EH,TRANSPORTER IV Pritsche\/Fahrgestell 70XD,LT 28-35 I Kasten 281-363,LT 28-35 I Bus 281-363,LT 28-35 I Pritsche\/Fahrgestell 281-363,LT 40-55 I Pritsche\/Fahrgestell 293-909,POLO Kasten 86CF,LT 40-55 I Kasten 291-512,GOLF IV Van 1J1,LOAD UP; AUDI: A3 8P1; MAZDA: TRIBUTE EP; SKODA: CITIGO,FAVORIT 781,FAVORIT Forman 785,FAVORIT Pick-up 787; BMW: 5 E39,5 E60,5 Touring E61,5 Touring E39,3 Compact E36; SEAT: IBIZA V 6J5, 6P5,ALTEA 5P1,IBIZA V ST 6J8, 6P8,Mii KF1_,TOLEDO III 5P2; JEEP: WRANGLER I YJ, SJ_; ABARTH: 500 \/ 595 312_,500C \/ 595C 312_; LADA: NIVA II 2123,KALINA Schr\u00e4gheck 2192; IVECO: DAILY III Kasten\/Kombi,MASSIF Station Wagon,MASSIF Single Cab,MASSIF Pick-up,DAILY III Bus,MK; KDWHLO9524, 1354884, 83952724, 01121409, 2098102, 90002497, 90063111590, 34026282, 50500031, 946777, KDWHLO9524<\/p>\n","protected":false},"excerpt":{"rendered":"<p>HELLA Polttimo, Vilkkuvalo STANDARD 8GA 002 071-133  VW,AUDI,MAZDA,GOLF IV 1J1,TRANSPORTER V Bus 7HB, 7HJ, 7EB, 7EJ, 7EF<\/p>\n","protected":false},"featured_media":0,"template":"","meta":{"site-sidebar-layout":"default","site-content-layout":"default","ast-global-header-display":"","ast-main-header-display":"","ast-hfb-above-header-display":"","ast-hfb-below-header-display":"","ast-hfb-mobile-header-display":"","site-post-title":"","ast-breadcrumbs-content":"","ast-featured-img":"","footer-sml-layout":"","theme-transparent-header-meta":"","adv-header-id-meta":"","stick-header-meta":"","header-above-stick-meta":"","header-main-stick-meta":"","header-below-stick-meta":""},"pwb-brand":[24],"product_cat":[151],"product_tag":[],"class_list":{"0":"post-49554","1":"product","2":"type-product","3":"status-publish","5":"pwb-brand-hella","6":"product_cat-lamput-hehkulamppu","7":"desktop-align-left","8":"tablet-align-left","9":"mobile-align-left","11":"first","12":"instock","13":"product-type-external"},"brands":[{"id":24,"name":"HELLA","slug":"hella"}],"_links":{"self":[{"href":"https:\/\/www.autonvaraosahaku.fi\/index.php?rest_route=\/wp\/v2\/product\/49554","targetHints":{"allow":["GET"]}}],"collection":[{"href":"https:\/\/www.autonvaraosahaku.fi\/index.php?rest_route=\/wp\/v2\/product"}],"about":[{"href":"https:\/\/www.autonvaraosahaku.fi\/index.php?rest_route=\/wp\/v2\/types\/product"}],"wp:attachment":[{"href":"https:\/\/www.autonvaraosahaku.fi\/index.php?rest_route=%2Fwp%2Fv2%2Fmedia&parent=49554"}],"wp:term":[{"taxonomy":"pwb-brand","embeddable":true,"href":"https:\/\/www.autonvaraosahaku.fi\/index.php?rest_route=%2Fwp%2Fv2%2Fpwb-brand&post=49554"},{"taxonomy":"product_cat","embeddable":true,"href":"https:\/\/www.autonvaraosahaku.fi\/index.php?rest_route=%2Fwp%2Fv2%2Fproduct_cat&post=49554"},{"taxonomy":"product_tag","embeddable":true,"href":"https:\/\/www.autonvaraosahaku.fi\/index.php?rest_route=%2Fwp%2Fv2%2Fproduct_tag&post=49554"}],"curies":[{"name":"wp","href":"https:\/\/api.w.org\/{rel}","templated":true}]}}