{"id":49559,"date":"2021-02-21T17:27:11","date_gmt":"2021-02-21T17:27:11","guid":{"rendered":"https:\/\/www.autonvaraosahaku.fi\/?product=ridex-3213b0070-kampiakselin-hihnapyora"},"modified":"2021-02-21T17:27:11","modified_gmt":"2021-02-21T17:27:11","slug":"ridex-3213b0070-kampiakselin-hihnapyora","status":"publish","type":"product","link":"https:\/\/www.autonvaraosahaku.fi\/?product=ridex-3213b0070-kampiakselin-hihnapyora","title":{"rendered":"RIDEX 3213B0070 Kampiakselin hihnapy\u00f6r\u00e4"},"content":{"rendered":"<p>Rihloja (kpl): 7; Ulkol\u00e4pimitta [mm]: 151,5; Sis\u00e4l\u00e4pimitta [mm]: 31,5; Leveys (mm): 40; Hihnapy\u00f6r\u00e4-\u00d8[mm]: 158,0; Valmistusvuosi alkaen: 09\/2007; NISSAN: QASHQAI \/ QASHQAI +2 J10, JJ10,X-TRAIL T31,PRIMASTAR Bus X83,PRIMASTAR Kasten X83,QASHQAI J11, J11_,X-TRAIL T32,NV300 Kasten X82,NV300 Kombi X82; MERCEDES-BENZ: C-CLASS T-Model S205,C-CLASS W205,VITO Tourer W447,VITO Kasten W447; OPEL: VIVARO Kasten F7,VIVARO Combi J7,VIVARO Pritsche\/Fahrgestell E7; RENAULT: SC\u00c9NIC II JM0\/1_,MEGANE III Grandtour KZ0\/1,ESPACE IV JK0\/1_,LAGUNA II Grandtour KG0\/1_,MEGANE II Kombi KM0\/1_,MEGANE II Coup\u00e9-Cabriolet EM0\/1_,SC\u00c9NIC III JZ0\/1_,LAGUNA III Grandtour KT0\/1,MEGANE III Schr\u00e4gheck BZ0_,LAGUNA II BG0\/1_,MEGANE II BM0\/1_, CM0\/1_,TRAFIC II Bus JL,GRAND SC\u00c9NIC III JZ0\/1_,TRAFIC II Kasten FL,MEGANE III Coupe DZ0\/1_,KOLEOS HY_,GRAND SC\u00c9NIC II JM0\/1_,LAGUNA III BT0\/1,MEGANE II Stufenheck LM0\/1_,MEGANE CC EZ0\/1_,VEL SATIS BJ0_,LAGUNA Coupe DT0\/1,LATITUDE L70_,TRAFIC II Pritsche\/Fahrgestell EL,KOLEOS II; VAUXHALL: VIVARO Kasten F7,VIVARO Combi J7,VIVARO Pritsche\/Fahrgestell E7; 6260300103, A6260300103, 1230300Q0A, 1230300Q1D, 1230300Q2F, 8200767762, 4431160, 4449456, 93161620, 93198633, 8200361247, 8200767762, 4431160, 4449456, 93161620, 93198633; Hihnapy\u00f6r\u00e4, Kampiakseli<\/p>\n","protected":false},"excerpt":{"rendered":"<p>RIDEX Kampiakselin Hihnapy\u00f6r\u00e4 3213B0070 Hihnapy\u00f6r\u00e4, Kampiakseli NISSAN,MERCEDES-BENZ,OPEL,QASHQAI \/ QASHQAI +2 J10, JJ10,X-TRAIL T31,PRIMASTAR Bus X83<\/p>\n","protected":false},"featured_media":0,"template":"","meta":{"site-sidebar-layout":"default","site-content-layout":"default","ast-global-header-display":"","ast-main-header-display":"","ast-hfb-above-header-display":"","ast-hfb-below-header-display":"","ast-hfb-mobile-header-display":"","site-post-title":"","ast-breadcrumbs-content":"","ast-featured-img":"","footer-sml-layout":"","theme-transparent-header-meta":"","adv-header-id-meta":"","stick-header-meta":"","header-above-stick-meta":"","header-main-stick-meta":"","header-below-stick-meta":""},"pwb-brand":[157],"product_cat":[219],"product_tag":[],"class_list":{"0":"post-49559","1":"product","2":"type-product","3":"status-publish","5":"pwb-brand-ridex","6":"product_cat-kampiakselin-hihnapyora","7":"desktop-align-left","8":"tablet-align-left","9":"mobile-align-left","11":"first","12":"instock","13":"product-type-external"},"brands":[{"id":157,"name":"RIDEX","slug":"ridex"}],"_links":{"self":[{"href":"https:\/\/www.autonvaraosahaku.fi\/index.php?rest_route=\/wp\/v2\/product\/49559","targetHints":{"allow":["GET"]}}],"collection":[{"href":"https:\/\/www.autonvaraosahaku.fi\/index.php?rest_route=\/wp\/v2\/product"}],"about":[{"href":"https:\/\/www.autonvaraosahaku.fi\/index.php?rest_route=\/wp\/v2\/types\/product"}],"wp:attachment":[{"href":"https:\/\/www.autonvaraosahaku.fi\/index.php?rest_route=%2Fwp%2Fv2%2Fmedia&parent=49559"}],"wp:term":[{"taxonomy":"pwb-brand","embeddable":true,"href":"https:\/\/www.autonvaraosahaku.fi\/index.php?rest_route=%2Fwp%2Fv2%2Fpwb-brand&post=49559"},{"taxonomy":"product_cat","embeddable":true,"href":"https:\/\/www.autonvaraosahaku.fi\/index.php?rest_route=%2Fwp%2Fv2%2Fproduct_cat&post=49559"},{"taxonomy":"product_tag","embeddable":true,"href":"https:\/\/www.autonvaraosahaku.fi\/index.php?rest_route=%2Fwp%2Fv2%2Fproduct_tag&post=49559"}],"curies":[{"name":"wp","href":"https:\/\/api.w.org\/{rel}","templated":true}]}}