{"id":49568,"date":"2021-02-21T17:27:11","date_gmt":"2021-02-21T17:27:11","guid":{"rendered":"https:\/\/www.autonvaraosahaku.fi\/?product=trw-engine-component-rk-8h-muut-luokat"},"modified":"2021-02-21T17:27:13","modified_gmt":"2021-02-21T17:27:13","slug":"trw-engine-component-rk-8h-muut-luokat","status":"publish","type":"product","link":"https:\/\/www.autonvaraosahaku.fi\/?product=trw-engine-component-rk-8h-muut-luokat","title":{"rendered":"TRW Engine Component RK-8H Muut luokat"},"content":{"rendered":"<p>K\u00e4sittely: Kovetettu; Lovi-\/reik\u00e4lukum\u00e4\u00e4r\u00e4: 1; Venttiilinvarren l\u00e4pimitta [mm]: 8; TECDOC-moottorinumero: 2061; MERCEDES-BENZ: C-CLASS W202,190 W201,E-CLASS W210,Stufenheck W124,E-CLASS Kombi S210,SL R129,SL R107,Stufenheck W123,S-CLASS W126,KOMBI Kombi S124,E-CLASS W124,G-CLASS W463,VITO Bus 638,COUPE C124,G-CLASS W460,S-CLASS W140,E-CLASS Kombi S124,COUPE C123,SPRINTER 3-t Kasten 903,SPRINTER 2-t Bus 901, 902,V-CLASS 638\/2,G-CLASS W461,SPRINTER 2-t Kasten 901, 902,SPRINTER 3-t Bus 903,KOMBI Kombi S123,SPRINTER 3-t Pritsche\/Fahrgestell 903,T1 Bus 601,VITO Kasten 638,T1 Pritsche\/Fahrgestell 602,T2\/L Kasten\/Kombi,T1 Kasten 602,SPRINTER 4-t Pritsche\/Fahrgestell 904,T1 Pritsche\/Fahrgestell 601,T2\/LN1 Kasten\/Kombi,VARIO Kasten\/Kombi,SPRINTER 2-t Pritsche\/Fahrgestell 901, 902,T1 Kasten 601,VARIO Pritsche\/Fahrgestell,SPRINTER 4-t Kasten 904,CABRIOLET A124,T2\/L Pritsche\/Fahrgestell,T1 Bus 602,T1\/TN Pritsche\/Fahrgestell,G-CLASS Cabrio W463,VARIO Kipper,T2\/LN1 Pritsche\/Fahrgestell,T1\/TN Kasten\/Kombi,VARIO Bus,T2\/LN1 Kipper,MB100 Kasten KPA,T2\/L Kipper,VARIO Triebkopf,ACCELO,ATEGO,ATEGO 2,AXOR,AXOR 2,CITARO (O 530),CITO (O 520),CONECTO (O 345),ECONIC,INTOURO,LK\/LN2,O 309,O 405,TOURINO (O 510),TOURO (O 500),UNIMOG; OPEL: MOVANO Kasten F9,MOVANO Combi J9,MOVANO Pritsche\/Fahrgestell U9, E9,MOVANO Kipper H9,ARENA Kasten TB, TF; RENAULT: MASTER II Kasten FD,MASTER II Pritsche\/Fahrgestell ED\/HD\/UD,MASTER II Bus JD,TRAFIC Kasten TXX,TRAFIC Bus TXW,SAFRANE I B54_,MASTER I Kasten T__,MASTER I Bus T__,TRAFIC Pritsche\/Fahrgestell P6,MASTER I Pritsche\/Fahrgestell P__,TRAFIC Pritsche\/Fahrgestell PXX; FIAT: DUCATO Pritsche\/Fahrgestell 230,DUCATO Bus 230,DUCATO Kasten 244,DUCATO Pritsche\/Fahrgestell 244,DUCATO Kasten 230L,DUCATO Kasten 280,DUCATO Pritsche\/Fahrgestell 280,DUCATO Bus 244, Z_,DUCATO Panorama 280,CROMA 154,131,132,CAMPAGNOLA,ARGENTA 132A,131 Familiare\/Panorama,1000,400,500 Serie,600 Serie,66,700,800,94,F,Series 100,Series 110,Series 75,Series 80,Series 90; PEUGEOT: BOXER Kasten 230L,BOXER Kasten 244,BOXER Bus 230P,BOXER Bus 244, Z_,BOXER Pritsche\/Fahrgestell ZCT_,BOXER Pritsche\/Fahrgestell 244; SEAT: 131; CITRO\u00cbN: JUMPER Kasten 244,JUMPER Kasten 230L,JUMPER Bus 244, Z_,JUMPER Bus 230P,JUMPER Pritsche\/Fahrgestell 244,JUMPER Pritsche\/Fahrgestell 230; VOLVO: 8500,8700,9700,9900,B12,B6,F6,FH12,FL12,FL6,FL7,FM12,FM7,FM9,FS7,NH12; ALFA ROMEO: AR 8 Kasten 280,AR 6 Kasten 280,AR 8 Pritsche\/Fahrgestell 280; IVECO: DAILY III Pritsche\/Fahrgestell,DAILY III Kasten\/Kombi,DAILY II Pritsche\/Fahrgestell,DAILY II Kasten\/Kombi,DAILY I Pritsche\/Fahrgestell,DAILY II Bus,DAILY I Kasten\/Kombi,DAILY II Kipper,DAILY III Bus,ZETA; 1020530026, A1020530026, 1677875<\/p>\n","protected":false},"excerpt":{"rendered":"<p>TRW Engine Component Lukitustappi RK-8H  MERCEDES-BENZ,OPEL,RENAULT,C-CLASS W202,190 W201,E-CLASS W210,Stufenheck W124,E-CLASS Kombi S210,SL R129<\/p>\n","protected":false},"featured_media":0,"template":"","meta":{"site-sidebar-layout":"default","site-content-layout":"default","ast-global-header-display":"","ast-main-header-display":"","ast-hfb-above-header-display":"","ast-hfb-below-header-display":"","ast-hfb-mobile-header-display":"","site-post-title":"","ast-breadcrumbs-content":"","ast-featured-img":"","footer-sml-layout":"","theme-transparent-header-meta":"","adv-header-id-meta":"","stick-header-meta":"","header-above-stick-meta":"","header-main-stick-meta":"","header-below-stick-meta":""},"pwb-brand":[339],"product_cat":[37],"product_tag":[],"class_list":{"0":"post-49568","1":"product","2":"type-product","3":"status-publish","5":"pwb-brand-trw-engine-component","6":"product_cat-muut-luokat","7":"desktop-align-left","8":"tablet-align-left","9":"mobile-align-left","11":"first","12":"instock","13":"product-type-external"},"brands":[{"id":339,"name":"TRW Engine Component","slug":"trw-engine-component"}],"_links":{"self":[{"href":"https:\/\/www.autonvaraosahaku.fi\/index.php?rest_route=\/wp\/v2\/product\/49568","targetHints":{"allow":["GET"]}}],"collection":[{"href":"https:\/\/www.autonvaraosahaku.fi\/index.php?rest_route=\/wp\/v2\/product"}],"about":[{"href":"https:\/\/www.autonvaraosahaku.fi\/index.php?rest_route=\/wp\/v2\/types\/product"}],"wp:attachment":[{"href":"https:\/\/www.autonvaraosahaku.fi\/index.php?rest_route=%2Fwp%2Fv2%2Fmedia&parent=49568"}],"wp:term":[{"taxonomy":"pwb-brand","embeddable":true,"href":"https:\/\/www.autonvaraosahaku.fi\/index.php?rest_route=%2Fwp%2Fv2%2Fpwb-brand&post=49568"},{"taxonomy":"product_cat","embeddable":true,"href":"https:\/\/www.autonvaraosahaku.fi\/index.php?rest_route=%2Fwp%2Fv2%2Fproduct_cat&post=49568"},{"taxonomy":"product_tag","embeddable":true,"href":"https:\/\/www.autonvaraosahaku.fi\/index.php?rest_route=%2Fwp%2Fv2%2Fproduct_tag&post=49568"}],"curies":[{"name":"wp","href":"https:\/\/api.w.org\/{rel}","templated":true}]}}