{"id":49635,"date":"2021-02-21T17:27:29","date_gmt":"2021-02-21T17:27:29","guid":{"rendered":"https:\/\/www.autonvaraosahaku.fi\/?product=hella-6pt-009-107-361-jaahdytysnesteen-lampotila-anturi"},"modified":"2021-02-21T17:27:33","modified_gmt":"2021-02-21T17:27:33","slug":"hella-6pt-009-107-361-jaahdytysnesteen-lampotila-anturi","status":"publish","type":"product","link":"https:\/\/www.autonvaraosahaku.fi\/?product=hella-6pt-009-107-361-jaahdytysnesteen-lampotila-anturi","title":{"rendered":"HELLA 6PT 009 107-361 J\u00e4\u00e4hdytysnesteen l\u00e4mp\u00f6tila anturi"},"content":{"rendered":"<p>Valmistaja rajaus: Bosch; Asennusmalli: Poltti\/ruuvi; Lis\u00e4tarvike\/lis\u00e4tieto: Tiivisteill\u00e4; Nimellisj\u00e4nnite (V): 12; Vastus [Ohm]: 2080, 302; Liittimi\u00e4: 2; Ulkokierre [mm]: 12; V\u00e4ri vastaa alkuper\u00e4isosaa: Sininen; V\u00e4ri: Sininen; Kierrenousu (mm): 1,5; Avainv\u00e4li: 19; Tunnistinmalli: NTC-anturi; L\u00e4mp\u00f6alue (\u00b0C): 25, 80; TECDOC-moottorinumero: 28367; VW: GOLF III 1H1,GOLF III Variant 1H5,CADDY II Pick-up 9U7; SKODA: FELICIA I 6U1,FELICIA I Kombi 6U5,FAVORIT 781,FAVORIT Forman 785,FAVORIT Pick-up 787; BMW: 3 Compact E36,3 E36,3 E30,3 Coupe E36,5 E34,3 Cabriolet E30,3 Cabriolet E36,3 Touring E36,7 E32,5 Touring E34,5 E28,3 Touring E30,Z1; SEAT: TOLEDO I 1L; IVECO: DAILY II Pritsche\/Fahrgestell,DAILY II Kasten\/Kombi; HONDA: CIVIC VI Hatchback EJ, EK,ACCORD VI CG, CK,CIVIC VI Fastback MA, MB,CIVIC VI Aerodeck MB, MC,ACCORD VI Hatchback CH,ACCORD V CE, CF; LAND ROVER: FREELANDER LN,DEFENDER Station Wagon LD,DISCOVERY II LJ, LT,FREELANDER Soft Top,DEFENDER Pick-up LD_,DEFENDER Cabrio LD,RANGE ROVER I AE, AN, HAA, HAB, HAM, HBM, RE, RN; HYUNDAI: COUPE RD,ACCENT I X-3,LANTRA II Wagon J-2,LANTRA II J-2,ACCENT Stufenheck X-3,S COUPE SLC; VOLVO: 240 Kombi P245,740 Kombi 745,740 744,240 P242, P244,760 704, 764,760 Kombi 704, 765; SAAB: 9000 Schr\u00e4gheck,900 I Cabriolet,900 I Combi Coupe,900 II Cabriolet,900 II,900 I AC4, AM4,9000,900 II Coupe; 119111101000, 195321101000, 30523666, 4393601, 46125769, 5972332, 60513205, 60800167, 60808142, 9946866, 1284397, 1357414, 13621284397, 13621357414, 13621401945, 13621709966, 13621709967, 1401945, 1709966, 1709967, 90080939, 93358883, 024246, 133857, 5502644, 91040370, 91414549, 125769, 172750, 30523666, 4393601, 46125769, 5972332, 60808142, 1207003, 1C1R7H141AA, 1338443, 1338451, 1338458, 6238317, 8983631, 90018835, 90080939, 90410792, 90510183, 92017805, 94205866, 37870P5TG00, 37870PDFE01, 3922022000, 3922022010, 98424793, 8942058660, 30523666, 4393601, 46125769, 5972332, 60808142, 98424793, UKC2525, 0K73718840, 3922022000, 3922022020, 30523666, 4393601, 46125769, 5972332, 60808142, ERR2081, AW311467, 1338443, 1338451, 1338458, 6238317, 8983631, 90018835, 90080939, 90410792, 90510183, 92017805, 94205866, 024246, 133857, 5502644, 91040370, 91414549, 92860612501, 94460612500, 9966062239A, 7700267388, 7700582688, UE71610, ERR2081, GTR204, 4503132, 4770228, 90410792, 90510183, 91514549&#8230;; J\u00e4\u00e4hdytysnestel\u00e4mp\u00f6tilan Sensori<\/p>\n","protected":false},"excerpt":{"rendered":"<p>HELLA J\u00e4\u00e4hdytysnesteen L\u00e4mp\u00f6tila Anturi 6PT 009 107-361 J\u00e4\u00e4hdytysnestel\u00e4mp\u00f6tilan Sensori VW,SKODA,BMW,GOLF III 1H1,GOLF III Variant 1H5<\/p>\n","protected":false},"featured_media":0,"template":"","meta":{"site-sidebar-layout":"default","site-content-layout":"default","ast-global-header-display":"","ast-main-header-display":"","ast-hfb-above-header-display":"","ast-hfb-below-header-display":"","ast-hfb-mobile-header-display":"","site-post-title":"","ast-breadcrumbs-content":"","ast-featured-img":"","footer-sml-layout":"","theme-transparent-header-meta":"","adv-header-id-meta":"","stick-header-meta":"","header-above-stick-meta":"","header-main-stick-meta":"","header-below-stick-meta":""},"pwb-brand":[24],"product_cat":[200],"product_tag":[],"class_list":{"0":"post-49635","1":"product","2":"type-product","3":"status-publish","5":"pwb-brand-hella","6":"product_cat-jaahdytysnesteen-lampotila-anturi","7":"desktop-align-left","8":"tablet-align-left","9":"mobile-align-left","11":"first","12":"instock","13":"product-type-external"},"brands":[{"id":24,"name":"HELLA","slug":"hella"}],"_links":{"self":[{"href":"https:\/\/www.autonvaraosahaku.fi\/index.php?rest_route=\/wp\/v2\/product\/49635","targetHints":{"allow":["GET"]}}],"collection":[{"href":"https:\/\/www.autonvaraosahaku.fi\/index.php?rest_route=\/wp\/v2\/product"}],"about":[{"href":"https:\/\/www.autonvaraosahaku.fi\/index.php?rest_route=\/wp\/v2\/types\/product"}],"wp:attachment":[{"href":"https:\/\/www.autonvaraosahaku.fi\/index.php?rest_route=%2Fwp%2Fv2%2Fmedia&parent=49635"}],"wp:term":[{"taxonomy":"pwb-brand","embeddable":true,"href":"https:\/\/www.autonvaraosahaku.fi\/index.php?rest_route=%2Fwp%2Fv2%2Fpwb-brand&post=49635"},{"taxonomy":"product_cat","embeddable":true,"href":"https:\/\/www.autonvaraosahaku.fi\/index.php?rest_route=%2Fwp%2Fv2%2Fproduct_cat&post=49635"},{"taxonomy":"product_tag","embeddable":true,"href":"https:\/\/www.autonvaraosahaku.fi\/index.php?rest_route=%2Fwp%2Fv2%2Fproduct_tag&post=49635"}],"curies":[{"name":"wp","href":"https:\/\/api.w.org\/{rel}","templated":true}]}}