{"id":49647,"date":"2021-02-21T17:27:35","date_gmt":"2021-02-21T17:27:35","guid":{"rendered":"https:\/\/www.autonvaraosahaku.fi\/?product=beru-z148-sytytystulpat"},"modified":"2021-02-21T17:27:37","modified_gmt":"2021-02-21T17:27:37","slug":"beru-z148-sytytystulpat","status":"publish","type":"product","link":"https:\/\/www.autonvaraosahaku.fi\/?product=beru-z148-sytytystulpat","title":{"rendered":"BERU Z148 Sytytystulpat"},"content":{"rendered":"<p>K\u00e4rkiv\u00e4li (mm): 1,3; Liittimet: SAE; Kierremitta: M14x1,25; Avainv\u00e4li: 16 mm; Sytytystulppa: 1-maaelektroodi, kartioistukalla; Kierteen pituus (mm): 17,5; Teknisten tietojen numero: 14 KR-8 DPU0V; Itsepalvelupakattu, katso osaluettelo: ; Kiristysmomentti > [Nm]: 10; Kiristysmomentti enint\u00e4\u00e4n [Nm]: 20; Tuotelinja: ULTRA; Tarvittava kappalem\u00e4\u00e4r\u00e4: 6; MAZDA: 5 CR19,3 BK,6 Station Wagon GY,6 Kombi GH,6 Hatchback GG,6 GG,TRIBUTE EP,MX-5 III NC,6 Schr\u00e4gheck GH,3 Stufenheck BK,6 GH,MPV II LW,MPV III LY; FORD USA: WINDSTAR A3; FORD: MONDEO III Kombi BWY,MONDEO III B5Y,TRANSIT MK-7 Kasten,MONDEO III Stufenheck B4Y,MONDEO II Kombi BNP,COUGAR EC_,MONDEO II BAP,TRANSIT MK-7 Pritsche\/Fahrgestell,MONDEO II Stufenheck BFP,MONDEO I Kombi BNP,MONDEO I GBP,MONDEO I Stufenheck GBP; 3333704, 3539125, 3936373, L30318110; Tulpat,Sytytystulppa<\/p>\n","protected":false},"excerpt":{"rendered":"<p>BERU Sytytystulpat Z148 Tulpat,Sytytystulppa MAZDA,FORD USA,FORD,5 CR19,3 BK,6 Station Wagon GY,6 Kombi GH,6 Hatchback GG,6 GG,TRIBUTE EP,MX-5 III NC<\/p>\n","protected":false},"featured_media":0,"template":"","meta":{"site-sidebar-layout":"default","site-content-layout":"default","ast-global-header-display":"","ast-main-header-display":"","ast-hfb-above-header-display":"","ast-hfb-below-header-display":"","ast-hfb-mobile-header-display":"","site-post-title":"","ast-breadcrumbs-content":"","ast-featured-img":"","footer-sml-layout":"","theme-transparent-header-meta":"","adv-header-id-meta":"","stick-header-meta":"","header-above-stick-meta":"","header-main-stick-meta":"","header-below-stick-meta":""},"pwb-brand":[327],"product_cat":[165],"product_tag":[],"class_list":{"0":"post-49647","1":"product","2":"type-product","3":"status-publish","5":"pwb-brand-beru","6":"product_cat-sytytystulpat","7":"desktop-align-left","8":"tablet-align-left","9":"mobile-align-left","11":"first","12":"instock","13":"product-type-external"},"brands":[{"id":327,"name":"BERU","slug":"beru"}],"_links":{"self":[{"href":"https:\/\/www.autonvaraosahaku.fi\/index.php?rest_route=\/wp\/v2\/product\/49647","targetHints":{"allow":["GET"]}}],"collection":[{"href":"https:\/\/www.autonvaraosahaku.fi\/index.php?rest_route=\/wp\/v2\/product"}],"about":[{"href":"https:\/\/www.autonvaraosahaku.fi\/index.php?rest_route=\/wp\/v2\/types\/product"}],"wp:attachment":[{"href":"https:\/\/www.autonvaraosahaku.fi\/index.php?rest_route=%2Fwp%2Fv2%2Fmedia&parent=49647"}],"wp:term":[{"taxonomy":"pwb-brand","embeddable":true,"href":"https:\/\/www.autonvaraosahaku.fi\/index.php?rest_route=%2Fwp%2Fv2%2Fpwb-brand&post=49647"},{"taxonomy":"product_cat","embeddable":true,"href":"https:\/\/www.autonvaraosahaku.fi\/index.php?rest_route=%2Fwp%2Fv2%2Fproduct_cat&post=49647"},{"taxonomy":"product_tag","embeddable":true,"href":"https:\/\/www.autonvaraosahaku.fi\/index.php?rest_route=%2Fwp%2Fv2%2Fproduct_tag&post=49647"}],"curies":[{"name":"wp","href":"https:\/\/api.w.org\/{rel}","templated":true}]}}