{"id":49678,"date":"2021-02-21T17:27:41","date_gmt":"2021-02-21T17:27:41","guid":{"rendered":"https:\/\/www.autonvaraosahaku.fi\/?product=hjs-83-13-6442-pakosarjan-tiivisteet"},"modified":"2021-02-21T17:27:45","modified_gmt":"2021-02-21T17:27:45","slug":"hjs-83-13-6442-pakosarjan-tiivisteet","status":"publish","type":"product","link":"https:\/\/www.autonvaraosahaku.fi\/?product=hjs-83-13-6442-pakosarjan-tiivisteet","title":{"rendered":"HJS 83 13 6442 Pakosarjan tiivisteet"},"content":{"rendered":"<p>Sis\u00e4l\u00e4pimitta [mm]: 45,5; Ulkol\u00e4pimitta [mm]: 54; Korkeus (mm): 15; Asennuspuoli: Ausgang; BMW: 3 E30,3 Cabriolet E30,5 E28,6 E24,7 E23; MERCEDES-BENZ: S-CLASS W126; 1178222, 1719350, 1723533, 1723541, 18101719350, 18111178222, 18111723533, 18111723541, 0009975349, 1269970149, A0009975349, A1269970149<\/p>\n","protected":false},"excerpt":{"rendered":"<p>HJS Tiivisterengas, Pakoputki 83 13 6442  BMW,MERCEDES-BENZ,3 E30,3 Cabriolet E30,5 E28,6 E24,7 E23,S-CLASS W126<\/p>\n","protected":false},"featured_media":0,"template":"","meta":{"site-sidebar-layout":"default","site-content-layout":"default","ast-global-header-display":"","ast-main-header-display":"","ast-hfb-above-header-display":"","ast-hfb-below-header-display":"","ast-hfb-mobile-header-display":"","site-post-title":"","ast-breadcrumbs-content":"","ast-featured-img":"","footer-sml-layout":"","theme-transparent-header-meta":"","adv-header-id-meta":"","stick-header-meta":"","header-above-stick-meta":"","header-main-stick-meta":"","header-below-stick-meta":""},"pwb-brand":[344],"product_cat":[123],"product_tag":[],"class_list":{"0":"post-49678","1":"product","2":"type-product","3":"status-publish","5":"pwb-brand-hjs","6":"product_cat-pakosarjan-tiivisteet","7":"desktop-align-left","8":"tablet-align-left","9":"mobile-align-left","11":"first","12":"instock","13":"product-type-external"},"brands":[{"id":344,"name":"HJS","slug":"hjs"}],"_links":{"self":[{"href":"https:\/\/www.autonvaraosahaku.fi\/index.php?rest_route=\/wp\/v2\/product\/49678","targetHints":{"allow":["GET"]}}],"collection":[{"href":"https:\/\/www.autonvaraosahaku.fi\/index.php?rest_route=\/wp\/v2\/product"}],"about":[{"href":"https:\/\/www.autonvaraosahaku.fi\/index.php?rest_route=\/wp\/v2\/types\/product"}],"wp:attachment":[{"href":"https:\/\/www.autonvaraosahaku.fi\/index.php?rest_route=%2Fwp%2Fv2%2Fmedia&parent=49678"}],"wp:term":[{"taxonomy":"pwb-brand","embeddable":true,"href":"https:\/\/www.autonvaraosahaku.fi\/index.php?rest_route=%2Fwp%2Fv2%2Fpwb-brand&post=49678"},{"taxonomy":"product_cat","embeddable":true,"href":"https:\/\/www.autonvaraosahaku.fi\/index.php?rest_route=%2Fwp%2Fv2%2Fproduct_cat&post=49678"},{"taxonomy":"product_tag","embeddable":true,"href":"https:\/\/www.autonvaraosahaku.fi\/index.php?rest_route=%2Fwp%2Fv2%2Fproduct_tag&post=49678"}],"curies":[{"name":"wp","href":"https:\/\/api.w.org\/{rel}","templated":true}]}}