{"id":49718,"date":"2021-02-21T17:27:52","date_gmt":"2021-02-21T17:27:52","guid":{"rendered":"https:\/\/www.autonvaraosahaku.fi\/?product=facet-7-0017-oljynpaineanturi"},"modified":"2021-02-21T17:27:56","modified_gmt":"2021-02-21T17:27:56","slug":"facet-7-0017-oljynpaineanturi","status":"publish","type":"product","link":"https:\/\/www.autonvaraosahaku.fi\/?product=facet-7-0017-oljynpaineanturi","title":{"rendered":"FACET 7.0017 \u00d6ljynpaineanturi"},"content":{"rendered":"<p>Paine (bar): 0,40; Kierremitta: 1\/8 GAS; Avainv\u00e4li: 24; lis\u00e4tieto: Made in Italy &#8211; OE Equivalent; Moottorinumero: LQ2(49CUL3); VW: TARO; MAZDA: 3 BK,6 Station Wagon GY,MX-5 II NB,6 Kombi GH,2 DE,323 F VI BJ,PREMACY CP,CX-7 ER,3 BL,MX-5 I NA,3 BM,DEMIO DW,6 Schr\u00e4gheck GH,626 V Hatchback GF,3 Stufenheck BK,6 GH,MPV II LW,626 V GF,626 V Station Wagon GW,323 P V BA,3 Stufenheck BL,626 IV Hatchback GE,MX-3 EC,FAMILIA VI BJ,3 Stufenheck BM,B-SERIE UN,XEDOS 6 CA,BT-50 CD, UN,323 C IV BG,FAMILIA IV BF,XEDOS 9 TA,626 IV GE,FAMILIA V BA,FAMILIA V BG8,323 III Hatchback BF,121 II DB,MX-6 GE,626 III GD,FAMILIA IV BG,626 III Hatchback GD,626 III Coupe GD,323 III Station Wagon BW,121 I DA; CHEVROLET: MATIZ M200, M250,SPARK M300,AVEO Schr\u00e4gheck T250, T255,AVEO Stufenheck T250, T255,SPARK M200 M250,SPARK M150,AVEO Schr\u00e4gheck T200; DAEWOO: MATIZ KLYA,MATIZ Kasten KLA4; NISSAN: PATROL GR II Wagon Y61; KIA: SORENTO I JC,CEE&#8217;D SW ED,CEE&#8217;D Schr\u00e4gheck ED,SPORTAGE JE_, KM_,CARENS II FJ,RIO II JB,CARNIVAL II GQ,PRO CEE&#8217;D ED,CERATO LD,MAGENTIS GD,CERATO Stufenheck LD,RIO II Stufenheck JB,JOICE,CARNIVAL I UP,PREGIO Kasten TB,K2700 SD,PREGIO Bus,K2500 SD; FORD USA: PROBE II ECP; HYUNDAI: GETZ TB,TUCSON JM,SANTA F\u00c9 I SM,MATRIX FC,TERRACAN HP,COUPE GK,ATOS MX,TRAJET FO,GALLOPER II JK-01,SONATA IV EF,ACCENT II LC,COUPE RD,H-1 Kasten,ACCENT III MC,H-1 \/ STAREX,ELANTRA XD,ACCENT III Stufenheck MC,ELANTRA Stufenheck XD,ACCENT I X-3,ACCENT II Stufenheck LC,LANTRA II Wagon J-2,LANTRA II J-2,SANTAMO,ACCENT Stufenheck X-3,SONATA III Y-3,PONY X-2,LANTRA I J-1,S COUPE SLC,H100 Bus P,HIGHWAY VAN,H100 Kasten,ELANTRA Stufenheck HD,PONY \/ EXCEL Stufenheck X-2,H-1 Pritsche\/Fahrgestell,SONATA II Y-2,H100 Pick-up,H100 Pritsche\/Fahrgestell,PORTER Pick-up,PONY Stufenheck X-1,STELLAR F31_, SF2_; DAIHATSU: CHARADE III G100, G101, G102; SUZUKI: SWIFT III MZ, EZ,JIMNY FJ,SWIFT IV FZ, NZ,GRAND VITARA II JT,SAMURAI SJ,GRAND VITARA I FT,WAGON R+ MM,IGNIS FH,SPLASH,SWIFT II Schr\u00e4gheck EA, MA,VITARA ET, TA,VITARA Cabrio ET, TA,LIANA Schr\u00e4gheck,ALTO HA24,SJ 413,LIANA ER,WAGON R+ EM,BALENO Kombi EG,BALENO EG,BALENO Schr\u00e4gheck EG,SJ 410 Cabrio,ALTO HA12, HA23,SJ 410,X-90 EL,SWIFT I AA,WAGON R,SWIFT Cabriolet SF413,SWIFT II Stufenheck AH, AJ,CARRY Kasten FD,SUPER CARRY Bus ED,ALTO SS80,GRAND VITARA I Cabriolet GT,CELERIO,JIMNY Gel\u00e4ndewagen offen SN; 37240634671, 96408134, 37830A82010000, 96408134, 835301403, 8353014030000, 835308770, 8353087705, 8353087705000, 3024539, 3600688, E9BZ9278A, XM349278BA, 3024539, 3600688, XM349278BA, 3782082001, 37240634671, 9461073011, 9475011010, 9475011102, 9475011110, 9475021000, 9475021010, 9475021020, 9475021030, 9475042000, 96053621, 9461073011, 9475021030, 9475042000, 3782082001, 134518501, B36618501, B36718501, B36718501A, B36718501B, 9475021010, 9475021020, 9475021030, MC840219, MD001483, MD017430, MD021566, MD021567, 2524089911, 782000480, 997245, 4708881, 93193712, 3782080G01, 3782082001, 3782082002, 429957000, 829956100, 829956101, 3782073000, 3782073000000, 3782073001, 3782073001000, 3782079600, 3782079600000, 3782080G01, 3782080G01000, 3782082000, 3782082000000, 3782082001, 3782082001000, 3782082002, 3782082002000, 3782082003, 3782082003000, 37820820P0, 37820820P0000, 37820M70F00, 37820M70F00000, 37820M82060, 8353010010, 8353010020, 8353012010, 8353012020, 8353014010, 8353014030, 8353&#8230;; \u00d6ljynpainekytkin<\/p>\n","protected":false},"excerpt":{"rendered":"<p>FACET \u00d6ljynpaineanturi 7.0017 \u00d6ljynpainekytkin VW,MAZDA,CHEVROLET,TARO,3 BK,6 Station Wagon GY,MX-5 II NB,6 Kombi GH,2 DE,323 F VI BJ,PREMACY CP<\/p>\n","protected":false},"featured_media":0,"template":"","meta":{"site-sidebar-layout":"default","site-content-layout":"default","ast-global-header-display":"","ast-main-header-display":"","ast-hfb-above-header-display":"","ast-hfb-below-header-display":"","ast-hfb-mobile-header-display":"","site-post-title":"","ast-breadcrumbs-content":"","ast-featured-img":"","footer-sml-layout":"","theme-transparent-header-meta":"","adv-header-id-meta":"","stick-header-meta":"","header-above-stick-meta":"","header-main-stick-meta":"","header-below-stick-meta":""},"pwb-brand":[263],"product_cat":[235],"product_tag":[],"class_list":{"0":"post-49718","1":"product","2":"type-product","3":"status-publish","5":"pwb-brand-facet","6":"product_cat-oljynpaineanturi","7":"desktop-align-left","8":"tablet-align-left","9":"mobile-align-left","11":"first","12":"instock","13":"product-type-external"},"brands":[{"id":263,"name":"FACET","slug":"facet"}],"_links":{"self":[{"href":"https:\/\/www.autonvaraosahaku.fi\/index.php?rest_route=\/wp\/v2\/product\/49718","targetHints":{"allow":["GET"]}}],"collection":[{"href":"https:\/\/www.autonvaraosahaku.fi\/index.php?rest_route=\/wp\/v2\/product"}],"about":[{"href":"https:\/\/www.autonvaraosahaku.fi\/index.php?rest_route=\/wp\/v2\/types\/product"}],"wp:attachment":[{"href":"https:\/\/www.autonvaraosahaku.fi\/index.php?rest_route=%2Fwp%2Fv2%2Fmedia&parent=49718"}],"wp:term":[{"taxonomy":"pwb-brand","embeddable":true,"href":"https:\/\/www.autonvaraosahaku.fi\/index.php?rest_route=%2Fwp%2Fv2%2Fpwb-brand&post=49718"},{"taxonomy":"product_cat","embeddable":true,"href":"https:\/\/www.autonvaraosahaku.fi\/index.php?rest_route=%2Fwp%2Fv2%2Fproduct_cat&post=49718"},{"taxonomy":"product_tag","embeddable":true,"href":"https:\/\/www.autonvaraosahaku.fi\/index.php?rest_route=%2Fwp%2Fv2%2Fproduct_tag&post=49718"}],"curies":[{"name":"wp","href":"https:\/\/api.w.org\/{rel}","templated":true}]}}